{"id":32643,"date":"2026-04-28T16:50:21","date_gmt":"2026-04-28T14:50:21","guid":{"rendered":"https:\/\/life4padel.com\/?post_type=product&#038;p=32643"},"modified":"2026-04-28T16:50:21","modified_gmt":"2026-04-28T14:50:21","slug":"adidas-protour-3-4-fekete-padel-taska-2025","status":"publish","type":"product","link":"https:\/\/life4padel.com\/en\/product\/adidas-protour-3-4-fekete-padel-taska-2025\/","title":{"rendered":"ADIDAS Protour 3.4 fekete 2025 Padel T\u00e1ska"},"content":{"rendered":"<h2 data-path-to-node=\"11\"><b data-path-to-node=\"11\" data-index-in-node=\"0\">ADIDAS Protour 3.4 Fekete 2025 \u2013 Maxim\u00e1lis v\u00e9delem a legmagasabb szinten<\/b><\/h2>\n<p data-path-to-node=\"12\">A <b data-path-to-node=\"12\" data-index-in-node=\"2\">Protour<\/b> sz\u00e9ria mindig is a tart\u00f3ss\u00e1g\u00e1r\u00f3l \u00e9s a professzion\u00e1lis kialak\u00edt\u00e1s\u00e1r\u00f3l volt h\u00edres, de a 3.4-es modell 2025-re m\u00e9g magasabbra tette a l\u00e9cet. Ezt a t\u00e1sk\u00e1t \u00fagy tervezt\u00e9k, hogy ellen\u00e1lljon a mindennapi intenz\u00edv haszn\u00e1latnak, mik\u00f6zben eleg\u00e1ns, tekint\u00e9lyt parancsol\u00f3 megjelen\u00e9st biztos\u00edt a p\u00e1ly\u00e1n.<\/p>\n<h2 data-path-to-node=\"13\"><b data-path-to-node=\"13\" data-index-in-node=\"0\">Mi\u00e9rt ezt a t\u00e1sk\u00e1t v\u00e1laszd a 2025-\u00f6s szezonra?<\/b><\/h2>\n<ul data-path-to-node=\"14\">\n<li>\n<p data-path-to-node=\"14,0,0\"><b data-path-to-node=\"14,0,0\" data-index-in-node=\"0\">Dupla Thermo-v\u00e9delem:<\/b> K\u00e9t oldals\u00f3, h\u0151szigetelt rekesz gondoskodik arr\u00f3l, hogy \u00fct\u0151id ne legyenek kit\u00e9ve a sz\u00e9ls\u0151s\u00e9ges h\u0151m\u00e9rs\u00e9klet-ingadoz\u00e1snak. Ez kulcsfontoss\u00e1g\u00fa a gumimag \u00e9s a karbon rugalmass\u00e1g\u00e1nak meg\u0151rz\u00e9s\u00e9hez.<\/p>\n<\/li>\n<li>\n<p data-path-to-node=\"14,1,0\"><b data-path-to-node=\"14,1,0\" data-index-in-node=\"0\">Id\u0151j\u00e1r\u00e1s\u00e1ll\u00f3 kivitel:<\/b> A t\u00e1ska speci\u00e1lis v\u00edzleperget\u0151 bevonatot kapott, \u00edgy a felszerel\u00e9sed sz\u00e1raz marad, m\u00e9g ha egy v\u00e1ratlan z\u00e1por \u00e9r is a p\u00e1lya sz\u00e9l\u00e9n.<\/p>\n<\/li>\n<li>\n<p data-path-to-node=\"14,2,0\"><b data-path-to-node=\"14,2,0\" data-index-in-node=\"0\">Extra nagy kapacit\u00e1s:<\/b> A k\u00f6zponti f\u0151rekeszben k\u00e9nyelmesen elf\u00e9r a teljes v\u00e1lt\u00f3ruha, t\u00f6r\u00f6lk\u00f6z\u0151 \u00e9s a tisztas\u00e1gi csomag.<\/p>\n<\/li>\n<li>\n<p data-path-to-node=\"14,3,0\"><b data-path-to-node=\"14,3,0\" data-index-in-node=\"0\">Szell\u0151z\u0151 cip\u0151t\u00e1rol\u00f3:<\/b> K\u00fcl\u00f6n izol\u00e1lt rekesz a cip\u0151knek, hogy a t\u00e1ska belseje tiszta \u00e9s higi\u00e9nikus maradjon.<\/p>\n<\/li>\n<li>\n<p data-path-to-node=\"14,4,0\"><b data-path-to-node=\"14,4,0\" data-index-in-node=\"0\">Hordoz\u00e1si komfort:<\/b> Az ergonomikus, p\u00e1rn\u00e1zott v\u00e1llp\u00e1ntok \u00e1ll\u00edthat\u00f3ak, \u00edgy h\u00e1tizs\u00e1kk\u00e9nt viselve is k\u00edm\u00e9li a h\u00e1tat, m\u00e9g maxim\u00e1lis terhel\u00e9s mellett is.<\/p>\n<\/li>\n<\/ul>\n<h4 data-path-to-node=\"15\"><b data-path-to-node=\"15\" data-index-in-node=\"0\">St\u00edlus \u00e9s funkcionalit\u00e1s:<\/b><\/h4>\n<ul data-path-to-node=\"16\">\n<li>\n<p data-path-to-node=\"16,0,0\"><b data-path-to-node=\"16,0,0\" data-index-in-node=\"0\">Carbon-look r\u00e9szletek:<\/b> A fekete alapsz\u00ednt modern text\u00far\u00e1k \u00e9s az ikonikus ADIDAS log\u00f3 teszi teljess\u00e9.<\/p>\n<\/li>\n<li>\n<p data-path-to-node=\"16,1,0\"><b data-path-to-node=\"16,1,0\" data-index-in-node=\"0\">Apr\u00f3 extr\u00e1k:<\/b> K\u00fcl\u00f6n cipz\u00e1ras oldalzsebek a telefonnak, kulcsoknak \u00e9s az \u00e9rt\u00e9kt\u00e1rgyaknak.<\/p>\n<\/li>\n<\/ul>\n<h4 data-path-to-node=\"17\"><b data-path-to-node=\"17\" data-index-in-node=\"0\">Specifik\u00e1ci\u00f3k:<\/b><\/h4>\n<ul data-path-to-node=\"18\">\n<li>\n<p data-path-to-node=\"18,0,0\"><b data-path-to-node=\"18,0,0\" data-index-in-node=\"0\">Sz\u00edn:<\/b> Fekete \/ Ez\u00fcst r\u00e9szletek<\/p>\n<\/li>\n<li>\n<p data-path-to-node=\"18,1,0\"><b data-path-to-node=\"18,1,0\" data-index-in-node=\"0\">Kapacit\u00e1s:<\/b> Ak\u00e1r 11 \u00fct\u0151 (vagy 2-4 \u00fct\u0151 + teljes felszerel\u00e9s)<\/p>\n<\/li>\n<li>\n<p data-path-to-node=\"18,2,0\"><b data-path-to-node=\"18,2,0\" data-index-in-node=\"0\">Anyag:<\/b> 100% V\u00edz\u00e1ll\u00f3 poli\u00e9szter<\/p>\n<\/li>\n<li>\n<p data-path-to-node=\"18,3,0\"><b data-path-to-node=\"18,3,0\" data-index-in-node=\"0\">Technol\u00f3gia:<\/b> Thermal Insulation<\/p>\n<\/li>\n<li>\n<p data-path-to-node=\"18,4,0\"><b data-path-to-node=\"18,4,0\" data-index-in-node=\"0\">Kollekci\u00f3:<\/b> 2025 Performance Line<\/p>\n<\/li>\n<\/ul>\n<h4 data-path-to-node=\"19\"><b data-path-to-node=\"19\" data-index-in-node=\"0\">Vigy\u00e1zz a felszerel\u00e9sedre \u00fagy, mint a profik! Rendeld meg az ADIDAS Protour 3.4 fekete t\u00e1sk\u00e1t a Life4Padel-t\u0151l!<\/b><\/h4>","protected":false},"excerpt":{"rendered":"<p><b data-path-to-node=\"8\" data-index-in-node=\"0\">A profi j\u00e1t\u00e9kosok mobil b\u00e1zisa.<\/b> Az <b data-path-to-node=\"8\" data-index-in-node=\"35\">ADIDAS Protour 3.4<\/b> a 2025-\u00f6s kollekci\u00f3 egyik legrobusztusabb darabja. Ez a t\u00e1ska nem ismer kompromisszumot: v\u00edzleperget\u0151 k\u00fcls\u0151 h\u00e9ja \u00e9s <b data-path-to-node=\"8\" data-index-in-node=\"170\">Thermo-szigetelt<\/b> rekeszei teljes biztons\u00e1got ny\u00fajtanak \u00fct\u0151idnek, mik\u00f6zben hatalmas bels\u0151 tere minden felszerel\u00e9sedet elnyeli<\/p>","protected":false},"featured_media":32644,"template":"","meta":[],"product_brand":[84],"product_cat":[252,251],"product_tag":[],"class_list":{"0":"post-32643","1":"product","2":"type-product","3":"status-publish","4":"has-post-thumbnail","6":"product_brand-adidas","7":"product_cat-adidas-padel-bags","8":"product_cat-padel-taskak","10":"first","11":"instock","12":"sale","13":"shipping-taxable","14":"purchasable","15":"product-type-simple"},"yoast_head":"<!-- This site is optimized with the Yoast SEO plugin v27.6 - https:\/\/yoast.com\/product\/yoast-seo-wordpress\/ -->\n<title>ADIDAS Protour 3.4 Fekete Padel T\u00e1ska 2025 \u2013 Pro Line V\u00e9delem<\/title>\n<meta name=\"description\" content=\"ADIDAS Protour 3.4 fekete padel t\u00e1ska 2025. V\u00edz\u00e1ll\u00f3 anyag, Thermo-rekeszek \u00e9s hatalmas kapacit\u00e1s. A profik v\u00e1laszt\u00e1sa a Life4Padel k\u00edn\u00e1lat\u00e1ban!\" \/>\n<meta name=\"robots\" content=\"index, follow, max-snippet:-1, max-image-preview:large, max-video-preview:-1\" \/>\n<link rel=\"canonical\" href=\"https:\/\/life4padel.com\/en\/product\/adidas-protour-3-4-fekete-padel-taska-2025\/\" \/>\n<meta property=\"og:locale\" content=\"en_GB\" \/>\n<meta property=\"og:type\" content=\"article\" \/>\n<meta property=\"og:title\" content=\"ADIDAS Protour 3.4 Fekete Padel T\u00e1ska 2025 \u2013 Pro Line V\u00e9delem\" \/>\n<meta property=\"og:description\" content=\"ADIDAS Protour 3.4 fekete padel t\u00e1ska 2025. V\u00edz\u00e1ll\u00f3 anyag, Thermo-rekeszek \u00e9s hatalmas kapacit\u00e1s. A profik v\u00e1laszt\u00e1sa a Life4Padel k\u00edn\u00e1lat\u00e1ban!\" \/>\n<meta property=\"og:url\" content=\"https:\/\/life4padel.com\/en\/product\/adidas-protour-3-4-fekete-padel-taska-2025\/\" \/>\n<meta property=\"og:site_name\" content=\"Life4Padel\" \/>\n<meta property=\"og:image\" content=\"https:\/\/life4padel.com\/wp-content\/uploads\/2026\/04\/adidas-protour-34-black-2025-padel-bag.jpg\" \/>\n\t<meta property=\"og:image:width\" content=\"800\" \/>\n\t<meta property=\"og:image:height\" content=\"800\" \/>\n\t<meta property=\"og:image:type\" content=\"image\/jpeg\" \/>\n<meta name=\"twitter:card\" content=\"summary_large_image\" \/>\n<meta name=\"twitter:label1\" content=\"Estimated reading time\" \/>\n\t<meta name=\"twitter:data1\" content=\"2 minutes\" \/>\n<script type=\"application\/ld+json\" class=\"yoast-schema-graph\">{\"@context\":\"https:\\\/\\\/schema.org\",\"@graph\":[{\"@type\":\"WebPage\",\"@id\":\"https:\\\/\\\/life4padel.com\\\/termek\\\/adidas-protour-3-4-fekete-padel-taska-2025\\\/\",\"url\":\"https:\\\/\\\/life4padel.com\\\/termek\\\/adidas-protour-3-4-fekete-padel-taska-2025\\\/\",\"name\":\"ADIDAS Protour 3.4 Fekete Padel T\u00e1ska 2025 \u2013 Pro Line V\u00e9delem\",\"isPartOf\":{\"@id\":\"https:\\\/\\\/life4padel.com\\\/#website\"},\"primaryImageOfPage\":{\"@id\":\"https:\\\/\\\/life4padel.com\\\/termek\\\/adidas-protour-3-4-fekete-padel-taska-2025\\\/#primaryimage\"},\"image\":{\"@id\":\"https:\\\/\\\/life4padel.com\\\/termek\\\/adidas-protour-3-4-fekete-padel-taska-2025\\\/#primaryimage\"},\"thumbnailUrl\":\"https:\\\/\\\/life4padel.com\\\/wp-content\\\/uploads\\\/2026\\\/04\\\/adidas-protour-34-black-2025-padel-bag.jpg\",\"datePublished\":\"2026-04-28T14:50:21+00:00\",\"description\":\"ADIDAS Protour 3.4 fekete padel t\u00e1ska 2025. V\u00edz\u00e1ll\u00f3 anyag, Thermo-rekeszek \u00e9s hatalmas kapacit\u00e1s. A profik v\u00e1laszt\u00e1sa a Life4Padel k\u00edn\u00e1lat\u00e1ban!\",\"breadcrumb\":{\"@id\":\"https:\\\/\\\/life4padel.com\\\/termek\\\/adidas-protour-3-4-fekete-padel-taska-2025\\\/#breadcrumb\"},\"inLanguage\":\"en-GB\",\"potentialAction\":[{\"@type\":\"ReadAction\",\"target\":[\"https:\\\/\\\/life4padel.com\\\/termek\\\/adidas-protour-3-4-fekete-padel-taska-2025\\\/\"]}]},{\"@type\":\"ImageObject\",\"inLanguage\":\"en-GB\",\"@id\":\"https:\\\/\\\/life4padel.com\\\/termek\\\/adidas-protour-3-4-fekete-padel-taska-2025\\\/#primaryimage\",\"url\":\"https:\\\/\\\/life4padel.com\\\/wp-content\\\/uploads\\\/2026\\\/04\\\/adidas-protour-34-black-2025-padel-bag.jpg\",\"contentUrl\":\"https:\\\/\\\/life4padel.com\\\/wp-content\\\/uploads\\\/2026\\\/04\\\/adidas-protour-34-black-2025-padel-bag.jpg\",\"width\":800,\"height\":800},{\"@type\":\"BreadcrumbList\",\"@id\":\"https:\\\/\\\/life4padel.com\\\/termek\\\/adidas-protour-3-4-fekete-padel-taska-2025\\\/#breadcrumb\",\"itemListElement\":[{\"@type\":\"ListItem\",\"position\":1,\"name\":\"Kezd\u0151lap\",\"item\":\"https:\\\/\\\/life4padel.com\\\/\"},{\"@type\":\"ListItem\",\"position\":2,\"name\":\"Bolt\",\"item\":\"https:\\\/\\\/life4padel.com\\\/bolt\\\/\"},{\"@type\":\"ListItem\",\"position\":3,\"name\":\"ADIDAS Protour 3.4 fekete 2025 Padel T\u00e1ska\"}]},{\"@type\":\"WebSite\",\"@id\":\"https:\\\/\\\/life4padel.com\\\/#website\",\"url\":\"https:\\\/\\\/life4padel.com\\\/\",\"name\":\"Life4Padel\",\"description\":\"\",\"publisher\":{\"@id\":\"https:\\\/\\\/life4padel.com\\\/#\\\/schema\\\/person\\\/8e2b3df012327b0109bf4328db045abc\"},\"potentialAction\":[{\"@type\":\"SearchAction\",\"target\":{\"@type\":\"EntryPoint\",\"urlTemplate\":\"https:\\\/\\\/life4padel.com\\\/?s={search_term_string}\"},\"query-input\":{\"@type\":\"PropertyValueSpecification\",\"valueRequired\":true,\"valueName\":\"search_term_string\"}}],\"inLanguage\":\"en-GB\"},{\"@type\":[\"Person\",\"Organization\"],\"@id\":\"https:\\\/\\\/life4padel.com\\\/#\\\/schema\\\/person\\\/8e2b3df012327b0109bf4328db045abc\",\"name\":\"patrik.galla\",\"image\":{\"@type\":\"ImageObject\",\"inLanguage\":\"en-GB\",\"@id\":\"https:\\\/\\\/dev.life4padel.com\\\/wp-content\\\/uploads\\\/2026\\\/03\\\/logo-09-1-scaled.png\",\"url\":\"https:\\\/\\\/dev.life4padel.com\\\/wp-content\\\/uploads\\\/2026\\\/03\\\/logo-09-1-scaled.png\",\"contentUrl\":\"https:\\\/\\\/dev.life4padel.com\\\/wp-content\\\/uploads\\\/2026\\\/03\\\/logo-09-1-scaled.png\",\"width\":2560,\"height\":705,\"caption\":\"patrik.galla\"},\"logo\":{\"@id\":\"https:\\\/\\\/dev.life4padel.com\\\/wp-content\\\/uploads\\\/2026\\\/03\\\/logo-09-1-scaled.png\"}}]}<\/script>\n<!-- \/ Yoast SEO plugin. -->","yoast_head_json":{"title":"ADIDAS Protour 3.4 Fekete Padel T\u00e1ska 2025 \u2013 Pro Line V\u00e9delem","description":"ADIDAS Protour 3.4 fekete padel t\u00e1ska 2025. V\u00edz\u00e1ll\u00f3 anyag, Thermo-rekeszek \u00e9s hatalmas kapacit\u00e1s. A profik v\u00e1laszt\u00e1sa a Life4Padel k\u00edn\u00e1lat\u00e1ban!","robots":{"index":"index","follow":"follow","max-snippet":"max-snippet:-1","max-image-preview":"max-image-preview:large","max-video-preview":"max-video-preview:-1"},"canonical":"https:\/\/life4padel.com\/en\/product\/adidas-protour-3-4-fekete-padel-taska-2025\/","og_locale":"en_GB","og_type":"article","og_title":"ADIDAS Protour 3.4 Fekete Padel T\u00e1ska 2025 \u2013 Pro Line V\u00e9delem","og_description":"ADIDAS Protour 3.4 fekete padel t\u00e1ska 2025. V\u00edz\u00e1ll\u00f3 anyag, Thermo-rekeszek \u00e9s hatalmas kapacit\u00e1s. A profik v\u00e1laszt\u00e1sa a Life4Padel k\u00edn\u00e1lat\u00e1ban!","og_url":"https:\/\/life4padel.com\/en\/product\/adidas-protour-3-4-fekete-padel-taska-2025\/","og_site_name":"Life4Padel","og_image":[{"width":800,"height":800,"url":"https:\/\/life4padel.com\/wp-content\/uploads\/2026\/04\/adidas-protour-34-black-2025-padel-bag.jpg","type":"image\/jpeg"}],"twitter_card":"summary_large_image","twitter_misc":{"Estimated reading time":"2 minutes"},"schema":{"@context":"https:\/\/schema.org","@graph":[{"@type":"WebPage","@id":"https:\/\/life4padel.com\/termek\/adidas-protour-3-4-fekete-padel-taska-2025\/","url":"https:\/\/life4padel.com\/termek\/adidas-protour-3-4-fekete-padel-taska-2025\/","name":"ADIDAS Protour 3.4 Fekete Padel T\u00e1ska 2025 \u2013 Pro Line V\u00e9delem","isPartOf":{"@id":"https:\/\/life4padel.com\/#website"},"primaryImageOfPage":{"@id":"https:\/\/life4padel.com\/termek\/adidas-protour-3-4-fekete-padel-taska-2025\/#primaryimage"},"image":{"@id":"https:\/\/life4padel.com\/termek\/adidas-protour-3-4-fekete-padel-taska-2025\/#primaryimage"},"thumbnailUrl":"https:\/\/life4padel.com\/wp-content\/uploads\/2026\/04\/adidas-protour-34-black-2025-padel-bag.jpg","datePublished":"2026-04-28T14:50:21+00:00","description":"ADIDAS Protour 3.4 fekete padel t\u00e1ska 2025. V\u00edz\u00e1ll\u00f3 anyag, Thermo-rekeszek \u00e9s hatalmas kapacit\u00e1s. A profik v\u00e1laszt\u00e1sa a Life4Padel k\u00edn\u00e1lat\u00e1ban!","breadcrumb":{"@id":"https:\/\/life4padel.com\/termek\/adidas-protour-3-4-fekete-padel-taska-2025\/#breadcrumb"},"inLanguage":"en-GB","potentialAction":[{"@type":"ReadAction","target":["https:\/\/life4padel.com\/termek\/adidas-protour-3-4-fekete-padel-taska-2025\/"]}]},{"@type":"ImageObject","inLanguage":"en-GB","@id":"https:\/\/life4padel.com\/termek\/adidas-protour-3-4-fekete-padel-taska-2025\/#primaryimage","url":"https:\/\/life4padel.com\/wp-content\/uploads\/2026\/04\/adidas-protour-34-black-2025-padel-bag.jpg","contentUrl":"https:\/\/life4padel.com\/wp-content\/uploads\/2026\/04\/adidas-protour-34-black-2025-padel-bag.jpg","width":800,"height":800},{"@type":"BreadcrumbList","@id":"https:\/\/life4padel.com\/termek\/adidas-protour-3-4-fekete-padel-taska-2025\/#breadcrumb","itemListElement":[{"@type":"ListItem","position":1,"name":"Kezd\u0151lap","item":"https:\/\/life4padel.com\/"},{"@type":"ListItem","position":2,"name":"Bolt","item":"https:\/\/life4padel.com\/bolt\/"},{"@type":"ListItem","position":3,"name":"ADIDAS Protour 3.4 fekete 2025 Padel T\u00e1ska"}]},{"@type":"WebSite","@id":"https:\/\/life4padel.com\/#website","url":"https:\/\/life4padel.com\/","name":"Life4Padel","description":"","publisher":{"@id":"https:\/\/life4padel.com\/#\/schema\/person\/8e2b3df012327b0109bf4328db045abc"},"potentialAction":[{"@type":"SearchAction","target":{"@type":"EntryPoint","urlTemplate":"https:\/\/life4padel.com\/?s={search_term_string}"},"query-input":{"@type":"PropertyValueSpecification","valueRequired":true,"valueName":"search_term_string"}}],"inLanguage":"en-GB"},{"@type":["Person","Organization"],"@id":"https:\/\/life4padel.com\/#\/schema\/person\/8e2b3df012327b0109bf4328db045abc","name":"patrik.galla","image":{"@type":"ImageObject","inLanguage":"en-GB","@id":"https:\/\/dev.life4padel.com\/wp-content\/uploads\/2026\/03\/logo-09-1-scaled.png","url":"https:\/\/dev.life4padel.com\/wp-content\/uploads\/2026\/03\/logo-09-1-scaled.png","contentUrl":"https:\/\/dev.life4padel.com\/wp-content\/uploads\/2026\/03\/logo-09-1-scaled.png","width":2560,"height":705,"caption":"patrik.galla"},"logo":{"@id":"https:\/\/dev.life4padel.com\/wp-content\/uploads\/2026\/03\/logo-09-1-scaled.png"}}]}},"jetpack_sharing_enabled":true,"_links":{"self":[{"href":"https:\/\/life4padel.com\/en\/wp-json\/wp\/v2\/product\/32643","targetHints":{"allow":["GET"]}}],"collection":[{"href":"https:\/\/life4padel.com\/en\/wp-json\/wp\/v2\/product"}],"about":[{"href":"https:\/\/life4padel.com\/en\/wp-json\/wp\/v2\/types\/product"}],"version-history":[{"count":1,"href":"https:\/\/life4padel.com\/en\/wp-json\/wp\/v2\/product\/32643\/revisions"}],"predecessor-version":[{"id":32648,"href":"https:\/\/life4padel.com\/en\/wp-json\/wp\/v2\/product\/32643\/revisions\/32648"}],"wp:featuredmedia":[{"embeddable":true,"href":"https:\/\/life4padel.com\/en\/wp-json\/wp\/v2\/media\/32644"}],"wp:attachment":[{"href":"https:\/\/life4padel.com\/en\/wp-json\/wp\/v2\/media?parent=32643"}],"wp:term":[{"taxonomy":"product_brand","embeddable":true,"href":"https:\/\/life4padel.com\/en\/wp-json\/wp\/v2\/product_brand?post=32643"},{"taxonomy":"product_cat","embeddable":true,"href":"https:\/\/life4padel.com\/en\/wp-json\/wp\/v2\/product_cat?post=32643"},{"taxonomy":"product_tag","embeddable":true,"href":"https:\/\/life4padel.com\/en\/wp-json\/wp\/v2\/product_tag?post=32643"}],"curies":[{"name":"wp","href":"https:\/\/api.w.org\/{rel}","templated":true}]}}