{"id":32629,"date":"2026-04-28T16:16:02","date_gmt":"2026-04-28T14:16:02","guid":{"rendered":"https:\/\/life4padel.com\/?post_type=product&#038;p=32629"},"modified":"2026-04-28T16:19:59","modified_gmt":"2026-04-28T14:19:59","slug":"head-zold-padel-taska","status":"publish","type":"product","link":"https:\/\/life4padel.com\/en\/product\/head-zold-padel-taska\/","title":{"rendered":"HEAD L z\u00f6ld padel t\u00e1ska"},"content":{"rendered":"<h2 data-path-to-node=\"11\"><b data-path-to-node=\"11\" data-index-in-node=\"0\">HEAD L Z\u00f6ld \u2013 Pakolj be mindent a gy\u0151zelemhez<\/b><\/h2>\n<p data-path-to-node=\"12\">A <b data-path-to-node=\"12\" data-index-in-node=\"2\">HEAD L<\/b> t\u00e1ska a praktikum \u00e9s a felt\u0171n\u0151 megjelen\u00e9s t\u00f6k\u00e9letes \u00f6tv\u00f6zete. Ezt a modellt a modern padelj\u00e1t\u00e9kosok ig\u00e9nyeihez tervezt\u00e9k, akik a h\u00e9tk\u00f6znapi edz\u00e9sekre \u00e9s a h\u00e9tv\u00e9gi versenyekre is jelent\u0151s mennyis\u00e9g\u0171 felszerel\u00e9st visznek magukkal. A vibr\u00e1l\u00f3 z\u00f6ld sz\u00edn nemcsak st\u00edlusos, de energi\u00e1t is sug\u00e1roz a p\u00e1ly\u00e1n.<\/p>\n<h2 data-path-to-node=\"13\"><b data-path-to-node=\"13\" data-index-in-node=\"0\">Mi\u00e9rt fogod im\u00e1dni?<\/b><\/h2>\n<ul data-path-to-node=\"14\">\n<li>\n<p data-path-to-node=\"14,0,0\"><b data-path-to-node=\"14,0,0\" data-index-in-node=\"0\">B\u0151s\u00e9ges f\u00e9r\u0151hely:<\/b> Az \u201eL\u201d (Large) m\u00e9ret garant\u00e1lja, hogy nem kell sakkoznod a helyhi\u00e1nnyal. A k\u00f6zponti rekeszben a v\u00e1lt\u00f3ruha, t\u00f6r\u00f6lk\u00f6z\u0151 \u00e9s labd\u00e1k mellett minden kieg\u00e9sz\u00edt\u0151dnek jut hely.<\/p>\n<\/li>\n<li>\n<p data-path-to-node=\"14,1,0\"><b data-path-to-node=\"14,1,0\" data-index-in-node=\"0\">V\u00e9dett \u00fct\u0151rekesz:<\/b> A dedik\u00e1lt oldals\u00f3 rekesz meg\u00f3vja \u00fct\u0151idet a karcol\u00f3d\u00e1st\u00f3l \u00e9s a t\u00e1ska t\u00f6bbi tartalm\u00e1val val\u00f3 \u00e9rintkez\u00e9st\u0151l, meg\u0151rizve azok \u00e1llapot\u00e1t.<\/p>\n<\/li>\n<li>\n<p data-path-to-node=\"14,2,0\"><b data-path-to-node=\"14,2,0\" data-index-in-node=\"0\">Rendszerezett t\u00e1rol\u00e1s:<\/b> A kisebb cipz\u00e1ras zsebekben biztons\u00e1gban \u00e9s k\u00f6nnyen el\u00e9rhet\u0151 helyen tarthatod a telefonodat, kulcsaidat vagy az overgrip-k\u00e9szletedet.<\/p>\n<\/li>\n<li>\n<p data-path-to-node=\"14,3,0\"><b data-path-to-node=\"14,3,0\" data-index-in-node=\"0\">Rugalmas hordozhat\u00f3s\u00e1g:<\/b> A p\u00e1rn\u00e1zott v\u00e1llp\u00e1ntoknak k\u00f6sz\u00f6nhet\u0151en hordhatod h\u00e1tizs\u00e1kk\u00e9nt a k\u00e9nyelem \u00e9rdek\u00e9ben, vagy a foganty\u00fak seg\u00edts\u00e9g\u00e9vel k\u00e9zit\u00e1skak\u00e9nt is.<\/p>\n<\/li>\n<\/ul>\n<h3 data-path-to-node=\"15\"><b data-path-to-node=\"15\" data-index-in-node=\"0\">St\u00edlus \u00e9s tart\u00f3ss\u00e1g:<\/b><\/h3>\n<ul data-path-to-node=\"16\">\n<li>\n<p data-path-to-node=\"16,0,0\"><b data-path-to-node=\"16,0,0\" data-index-in-node=\"0\">Modern eszt\u00e9tika:<\/b> A z\u00f6ld \u00e9s a s\u00f6t\u00e9tebb t\u00f3nusok kombin\u00e1ci\u00f3ja professzion\u00e1lis, m\u00e9gis friss megjelen\u00e9st k\u00f6lcs\u00f6n\u00f6z.<\/p>\n<\/li>\n<li>\n<p data-path-to-node=\"16,1,0\"><b data-path-to-node=\"16,1,0\" data-index-in-node=\"0\">Strapab\u00edr\u00f3 anyag:<\/b> K\u00f6nnyen tiszt\u00edthat\u00f3 \u00e9s ellen\u00e1ll\u00f3 sz\u00f6vetb\u0151l k\u00e9sz\u00fclt, amely b\u00edrja a napi szint\u0171 sportterhel\u00e9st.<\/p>\n<\/li>\n<\/ul>\n<h3 data-path-to-node=\"17\"><b data-path-to-node=\"17\" data-index-in-node=\"0\">Specifik\u00e1ci\u00f3k:<\/b><\/h3>\n<ul data-path-to-node=\"18\">\n<li>\n<p data-path-to-node=\"18,0,0\"><b data-path-to-node=\"18,0,0\" data-index-in-node=\"0\">Sz\u00edn:<\/b> Vibr\u00e1l\u00f3 z\u00f6ld \/ Fekete r\u00e9szletek<\/p>\n<\/li>\n<li>\n<p data-path-to-node=\"18,1,0\"><b data-path-to-node=\"18,1,0\" data-index-in-node=\"0\">M\u00e9ret:<\/b> L (Large &#8211; Nagy kapacit\u00e1s)<\/p>\n<\/li>\n<li>\n<p data-path-to-node=\"18,2,0\"><b data-path-to-node=\"18,2,0\" data-index-in-node=\"0\">Rekeszek:<\/b> K\u00fcl\u00f6n \u00fct\u0151tart\u00f3, t\u00e1gas f\u0151rekesz, kieg\u00e9sz\u00edt\u0151 zsebek.<\/p>\n<\/li>\n<li>\n<p data-path-to-node=\"18,3,0\"><b data-path-to-node=\"18,3,0\" data-index-in-node=\"0\">Hordozhat\u00f3s\u00e1g:<\/b> Dupla v\u00e1llp\u00e1nt (h\u00e1tizs\u00e1k funkci\u00f3) + k\u00e9zi foganty\u00fa.<\/p>\n<\/li>\n<\/ul>\n<h4 data-path-to-node=\"19\"><b data-path-to-node=\"19\" data-index-in-node=\"0\">Ne hagyd otthon semmit, amire sz\u00fcks\u00e9ged lehet! Rendeld meg a HEAD L z\u00f6ld t\u00e1sk\u00e1t a Life4Padel-t\u0151l, \u00e9s \u00e9lvezd a t\u00e1gas szabads\u00e1got!<\/b><\/h4>","protected":false},"excerpt":{"rendered":"<p><b data-path-to-node=\"8\" data-index-in-node=\"0\">Maxim\u00e1lis hely, vibr\u00e1l\u00f3 st\u00edlus.<\/b> A <b data-path-to-node=\"8\" data-index-in-node=\"34\">HEAD L z\u00f6ld<\/b> padel t\u00e1ska ide\u00e1lis v\u00e1laszt\u00e1s azoknak, akik szeretik, ha minden felszerel\u00e9s\u00fck k\u00e9nyelmesen, egy helyen elf\u00e9r. A modern, z\u00f6ld diz\u00e1jn m\u00f6g\u00f6tt intelligens rekeszeloszt\u00e1s rejlik, amely biztos\u00edtja az \u00fct\u0151k \u00e9s a ruh\u00e1zat szepar\u00e1lt, biztons\u00e1gos t\u00e1rol\u00e1s\u00e1t.<\/p>","protected":false},"featured_media":32633,"template":"","meta":[],"product_brand":[86],"product_cat":[255,251],"product_tag":[],"class_list":{"0":"post-32629","1":"product","2":"type-product","3":"status-publish","4":"has-post-thumbnail","6":"product_brand-head","7":"product_cat-head-padel-bags","8":"product_cat-padel-taskak","10":"first","11":"instock","12":"sale","13":"shipping-taxable","14":"purchasable","15":"product-type-simple"},"yoast_head":"<!-- This site is optimized with the Yoast SEO plugin v27.6 - https:\/\/yoast.com\/product\/yoast-seo-wordpress\/ -->\n<title>HEAD L Z\u00f6ld Padel T\u00e1ska \u2013 T\u00e1gas T\u00e1rol\u00e1s &amp; Modern Diz\u00e1jn<\/title>\n<meta name=\"description\" content=\"HEAD L m\u00e9ret\u0171 z\u00f6ld padel t\u00e1ska. T\u00e1gas bels\u0151 t\u00e9r, k\u00fcl\u00f6n \u00fct\u0151rekesz \u00e9s vibr\u00e1l\u00f3 megjelen\u00e9s. Pakolj k\u00e9nyelmesen a Life4Padel seg\u00edts\u00e9g\u00e9vel!\" \/>\n<meta name=\"robots\" content=\"index, follow, max-snippet:-1, max-image-preview:large, max-video-preview:-1\" \/>\n<link rel=\"canonical\" href=\"https:\/\/life4padel.com\/en\/product\/head-zold-padel-taska\/\" \/>\n<meta property=\"og:locale\" content=\"en_GB\" \/>\n<meta property=\"og:type\" content=\"article\" \/>\n<meta property=\"og:title\" content=\"HEAD L Z\u00f6ld Padel T\u00e1ska \u2013 T\u00e1gas T\u00e1rol\u00e1s &amp; Modern Diz\u00e1jn\" \/>\n<meta property=\"og:description\" content=\"HEAD L m\u00e9ret\u0171 z\u00f6ld padel t\u00e1ska. T\u00e1gas bels\u0151 t\u00e9r, k\u00fcl\u00f6n \u00fct\u0151rekesz \u00e9s vibr\u00e1l\u00f3 megjelen\u00e9s. Pakolj k\u00e9nyelmesen a Life4Padel seg\u00edts\u00e9g\u00e9vel!\" \/>\n<meta property=\"og:url\" content=\"https:\/\/life4padel.com\/en\/product\/head-zold-padel-taska\/\" \/>\n<meta property=\"og:site_name\" content=\"Life4Padel\" \/>\n<meta property=\"article:modified_time\" content=\"2026-04-28T14:19:59+00:00\" \/>\n<meta property=\"og:image\" content=\"https:\/\/life4padel.com\/wp-content\/uploads\/2026\/04\/726423346715_40.webp\" \/>\n\t<meta property=\"og:image:width\" content=\"2000\" \/>\n\t<meta property=\"og:image:height\" content=\"2000\" \/>\n\t<meta property=\"og:image:type\" content=\"image\/webp\" \/>\n<meta name=\"twitter:card\" content=\"summary_large_image\" \/>\n<meta name=\"twitter:label1\" content=\"Estimated reading time\" \/>\n\t<meta name=\"twitter:data1\" content=\"2 minutes\" \/>\n<script type=\"application\/ld+json\" class=\"yoast-schema-graph\">{\"@context\":\"https:\\\/\\\/schema.org\",\"@graph\":[{\"@type\":\"WebPage\",\"@id\":\"https:\\\/\\\/life4padel.com\\\/termek\\\/head-zold-padel-taska\\\/\",\"url\":\"https:\\\/\\\/life4padel.com\\\/termek\\\/head-zold-padel-taska\\\/\",\"name\":\"HEAD L Z\u00f6ld Padel T\u00e1ska \u2013 T\u00e1gas T\u00e1rol\u00e1s & Modern Diz\u00e1jn\",\"isPartOf\":{\"@id\":\"https:\\\/\\\/life4padel.com\\\/#website\"},\"primaryImageOfPage\":{\"@id\":\"https:\\\/\\\/life4padel.com\\\/termek\\\/head-zold-padel-taska\\\/#primaryimage\"},\"image\":{\"@id\":\"https:\\\/\\\/life4padel.com\\\/termek\\\/head-zold-padel-taska\\\/#primaryimage\"},\"thumbnailUrl\":\"https:\\\/\\\/life4padel.com\\\/wp-content\\\/uploads\\\/2026\\\/04\\\/726423346715_40.webp\",\"datePublished\":\"2026-04-28T14:16:02+00:00\",\"dateModified\":\"2026-04-28T14:19:59+00:00\",\"description\":\"HEAD L m\u00e9ret\u0171 z\u00f6ld padel t\u00e1ska. T\u00e1gas bels\u0151 t\u00e9r, k\u00fcl\u00f6n \u00fct\u0151rekesz \u00e9s vibr\u00e1l\u00f3 megjelen\u00e9s. Pakolj k\u00e9nyelmesen a Life4Padel seg\u00edts\u00e9g\u00e9vel!\",\"breadcrumb\":{\"@id\":\"https:\\\/\\\/life4padel.com\\\/termek\\\/head-zold-padel-taska\\\/#breadcrumb\"},\"inLanguage\":\"en-GB\",\"potentialAction\":[{\"@type\":\"ReadAction\",\"target\":[\"https:\\\/\\\/life4padel.com\\\/termek\\\/head-zold-padel-taska\\\/\"]}]},{\"@type\":\"ImageObject\",\"inLanguage\":\"en-GB\",\"@id\":\"https:\\\/\\\/life4padel.com\\\/termek\\\/head-zold-padel-taska\\\/#primaryimage\",\"url\":\"https:\\\/\\\/life4padel.com\\\/wp-content\\\/uploads\\\/2026\\\/04\\\/726423346715_40.webp\",\"contentUrl\":\"https:\\\/\\\/life4padel.com\\\/wp-content\\\/uploads\\\/2026\\\/04\\\/726423346715_40.webp\",\"width\":2000,\"height\":2000},{\"@type\":\"BreadcrumbList\",\"@id\":\"https:\\\/\\\/life4padel.com\\\/termek\\\/head-zold-padel-taska\\\/#breadcrumb\",\"itemListElement\":[{\"@type\":\"ListItem\",\"position\":1,\"name\":\"Kezd\u0151lap\",\"item\":\"https:\\\/\\\/life4padel.com\\\/\"},{\"@type\":\"ListItem\",\"position\":2,\"name\":\"Bolt\",\"item\":\"https:\\\/\\\/life4padel.com\\\/bolt\\\/\"},{\"@type\":\"ListItem\",\"position\":3,\"name\":\"HEAD L z\u00f6ld padel t\u00e1ska\"}]},{\"@type\":\"WebSite\",\"@id\":\"https:\\\/\\\/life4padel.com\\\/#website\",\"url\":\"https:\\\/\\\/life4padel.com\\\/\",\"name\":\"Life4Padel\",\"description\":\"\",\"publisher\":{\"@id\":\"https:\\\/\\\/life4padel.com\\\/#\\\/schema\\\/person\\\/8e2b3df012327b0109bf4328db045abc\"},\"potentialAction\":[{\"@type\":\"SearchAction\",\"target\":{\"@type\":\"EntryPoint\",\"urlTemplate\":\"https:\\\/\\\/life4padel.com\\\/?s={search_term_string}\"},\"query-input\":{\"@type\":\"PropertyValueSpecification\",\"valueRequired\":true,\"valueName\":\"search_term_string\"}}],\"inLanguage\":\"en-GB\"},{\"@type\":[\"Person\",\"Organization\"],\"@id\":\"https:\\\/\\\/life4padel.com\\\/#\\\/schema\\\/person\\\/8e2b3df012327b0109bf4328db045abc\",\"name\":\"patrik.galla\",\"image\":{\"@type\":\"ImageObject\",\"inLanguage\":\"en-GB\",\"@id\":\"https:\\\/\\\/dev.life4padel.com\\\/wp-content\\\/uploads\\\/2026\\\/03\\\/logo-09-1-scaled.png\",\"url\":\"https:\\\/\\\/dev.life4padel.com\\\/wp-content\\\/uploads\\\/2026\\\/03\\\/logo-09-1-scaled.png\",\"contentUrl\":\"https:\\\/\\\/dev.life4padel.com\\\/wp-content\\\/uploads\\\/2026\\\/03\\\/logo-09-1-scaled.png\",\"width\":2560,\"height\":705,\"caption\":\"patrik.galla\"},\"logo\":{\"@id\":\"https:\\\/\\\/dev.life4padel.com\\\/wp-content\\\/uploads\\\/2026\\\/03\\\/logo-09-1-scaled.png\"}}]}<\/script>\n<!-- \/ Yoast SEO plugin. -->","yoast_head_json":{"title":"HEAD L Z\u00f6ld Padel T\u00e1ska \u2013 T\u00e1gas T\u00e1rol\u00e1s & Modern Diz\u00e1jn","description":"HEAD L m\u00e9ret\u0171 z\u00f6ld padel t\u00e1ska. T\u00e1gas bels\u0151 t\u00e9r, k\u00fcl\u00f6n \u00fct\u0151rekesz \u00e9s vibr\u00e1l\u00f3 megjelen\u00e9s. Pakolj k\u00e9nyelmesen a Life4Padel seg\u00edts\u00e9g\u00e9vel!","robots":{"index":"index","follow":"follow","max-snippet":"max-snippet:-1","max-image-preview":"max-image-preview:large","max-video-preview":"max-video-preview:-1"},"canonical":"https:\/\/life4padel.com\/en\/product\/head-zold-padel-taska\/","og_locale":"en_GB","og_type":"article","og_title":"HEAD L Z\u00f6ld Padel T\u00e1ska \u2013 T\u00e1gas T\u00e1rol\u00e1s & Modern Diz\u00e1jn","og_description":"HEAD L m\u00e9ret\u0171 z\u00f6ld padel t\u00e1ska. T\u00e1gas bels\u0151 t\u00e9r, k\u00fcl\u00f6n \u00fct\u0151rekesz \u00e9s vibr\u00e1l\u00f3 megjelen\u00e9s. Pakolj k\u00e9nyelmesen a Life4Padel seg\u00edts\u00e9g\u00e9vel!","og_url":"https:\/\/life4padel.com\/en\/product\/head-zold-padel-taska\/","og_site_name":"Life4Padel","article_modified_time":"2026-04-28T14:19:59+00:00","og_image":[{"width":2000,"height":2000,"url":"https:\/\/life4padel.com\/wp-content\/uploads\/2026\/04\/726423346715_40.webp","type":"image\/webp"}],"twitter_card":"summary_large_image","twitter_misc":{"Estimated reading time":"2 minutes"},"schema":{"@context":"https:\/\/schema.org","@graph":[{"@type":"WebPage","@id":"https:\/\/life4padel.com\/termek\/head-zold-padel-taska\/","url":"https:\/\/life4padel.com\/termek\/head-zold-padel-taska\/","name":"HEAD L Z\u00f6ld Padel T\u00e1ska \u2013 T\u00e1gas T\u00e1rol\u00e1s & Modern Diz\u00e1jn","isPartOf":{"@id":"https:\/\/life4padel.com\/#website"},"primaryImageOfPage":{"@id":"https:\/\/life4padel.com\/termek\/head-zold-padel-taska\/#primaryimage"},"image":{"@id":"https:\/\/life4padel.com\/termek\/head-zold-padel-taska\/#primaryimage"},"thumbnailUrl":"https:\/\/life4padel.com\/wp-content\/uploads\/2026\/04\/726423346715_40.webp","datePublished":"2026-04-28T14:16:02+00:00","dateModified":"2026-04-28T14:19:59+00:00","description":"HEAD L m\u00e9ret\u0171 z\u00f6ld padel t\u00e1ska. T\u00e1gas bels\u0151 t\u00e9r, k\u00fcl\u00f6n \u00fct\u0151rekesz \u00e9s vibr\u00e1l\u00f3 megjelen\u00e9s. Pakolj k\u00e9nyelmesen a Life4Padel seg\u00edts\u00e9g\u00e9vel!","breadcrumb":{"@id":"https:\/\/life4padel.com\/termek\/head-zold-padel-taska\/#breadcrumb"},"inLanguage":"en-GB","potentialAction":[{"@type":"ReadAction","target":["https:\/\/life4padel.com\/termek\/head-zold-padel-taska\/"]}]},{"@type":"ImageObject","inLanguage":"en-GB","@id":"https:\/\/life4padel.com\/termek\/head-zold-padel-taska\/#primaryimage","url":"https:\/\/life4padel.com\/wp-content\/uploads\/2026\/04\/726423346715_40.webp","contentUrl":"https:\/\/life4padel.com\/wp-content\/uploads\/2026\/04\/726423346715_40.webp","width":2000,"height":2000},{"@type":"BreadcrumbList","@id":"https:\/\/life4padel.com\/termek\/head-zold-padel-taska\/#breadcrumb","itemListElement":[{"@type":"ListItem","position":1,"name":"Kezd\u0151lap","item":"https:\/\/life4padel.com\/"},{"@type":"ListItem","position":2,"name":"Bolt","item":"https:\/\/life4padel.com\/bolt\/"},{"@type":"ListItem","position":3,"name":"HEAD L z\u00f6ld padel t\u00e1ska"}]},{"@type":"WebSite","@id":"https:\/\/life4padel.com\/#website","url":"https:\/\/life4padel.com\/","name":"Life4Padel","description":"","publisher":{"@id":"https:\/\/life4padel.com\/#\/schema\/person\/8e2b3df012327b0109bf4328db045abc"},"potentialAction":[{"@type":"SearchAction","target":{"@type":"EntryPoint","urlTemplate":"https:\/\/life4padel.com\/?s={search_term_string}"},"query-input":{"@type":"PropertyValueSpecification","valueRequired":true,"valueName":"search_term_string"}}],"inLanguage":"en-GB"},{"@type":["Person","Organization"],"@id":"https:\/\/life4padel.com\/#\/schema\/person\/8e2b3df012327b0109bf4328db045abc","name":"patrik.galla","image":{"@type":"ImageObject","inLanguage":"en-GB","@id":"https:\/\/dev.life4padel.com\/wp-content\/uploads\/2026\/03\/logo-09-1-scaled.png","url":"https:\/\/dev.life4padel.com\/wp-content\/uploads\/2026\/03\/logo-09-1-scaled.png","contentUrl":"https:\/\/dev.life4padel.com\/wp-content\/uploads\/2026\/03\/logo-09-1-scaled.png","width":2560,"height":705,"caption":"patrik.galla"},"logo":{"@id":"https:\/\/dev.life4padel.com\/wp-content\/uploads\/2026\/03\/logo-09-1-scaled.png"}}]}},"jetpack_sharing_enabled":true,"_links":{"self":[{"href":"https:\/\/life4padel.com\/en\/wp-json\/wp\/v2\/product\/32629","targetHints":{"allow":["GET"]}}],"collection":[{"href":"https:\/\/life4padel.com\/en\/wp-json\/wp\/v2\/product"}],"about":[{"href":"https:\/\/life4padel.com\/en\/wp-json\/wp\/v2\/types\/product"}],"version-history":[{"count":1,"href":"https:\/\/life4padel.com\/en\/wp-json\/wp\/v2\/product\/32629\/revisions"}],"predecessor-version":[{"id":32632,"href":"https:\/\/life4padel.com\/en\/wp-json\/wp\/v2\/product\/32629\/revisions\/32632"}],"wp:featuredmedia":[{"embeddable":true,"href":"https:\/\/life4padel.com\/en\/wp-json\/wp\/v2\/media\/32633"}],"wp:attachment":[{"href":"https:\/\/life4padel.com\/en\/wp-json\/wp\/v2\/media?parent=32629"}],"wp:term":[{"taxonomy":"product_brand","embeddable":true,"href":"https:\/\/life4padel.com\/en\/wp-json\/wp\/v2\/product_brand?post=32629"},{"taxonomy":"product_cat","embeddable":true,"href":"https:\/\/life4padel.com\/en\/wp-json\/wp\/v2\/product_cat?post=32629"},{"taxonomy":"product_tag","embeddable":true,"href":"https:\/\/life4padel.com\/en\/wp-json\/wp\/v2\/product_tag?post=32629"}],"curies":[{"name":"wp","href":"https:\/\/api.w.org\/{rel}","templated":true}]}}