{"id":32604,"date":"2026-04-28T15:57:28","date_gmt":"2026-04-28T13:57:28","guid":{"rendered":"https:\/\/life4padel.com\/?post_type=product&#038;p=32604"},"modified":"2026-04-28T15:57:28","modified_gmt":"2026-04-28T13:57:28","slug":"adidas-protour-3-3-fekete-hatizsak","status":"publish","type":"product","link":"https:\/\/life4padel.com\/en\/product\/adidas-protour-3-3-fekete-hatizsak\/","title":{"rendered":"ADIDAS Protour 3.3 fekete h\u00e1tizs\u00e1k"},"content":{"rendered":"<h3 data-path-to-node=\"11\"><b data-path-to-node=\"11\" data-index-in-node=\"0\">ADIDAS ProTour 3.3 Fekete \u2013 Mobilit\u00e1s kompromisszumok n\u00e9lk\u00fcl<\/b><\/h3>\n<p data-path-to-node=\"12\">Az <b data-path-to-node=\"12\" data-index-in-node=\"3\">ADIDAS ProTour 3.3<\/b> h\u00e1tizs\u00e1kot azoknak a j\u00e1t\u00e9kosoknak tervezt\u00e9k, akik \u00e9rt\u00e9kelik a gyorsas\u00e1got \u00e9s a rendszerezetts\u00e9get. Legyen sz\u00f3 egy munka ut\u00e1ni edz\u00e9sr\u0151l vagy egy intenz\u00edv versenynapr\u00f3l, ez a h\u00e1tizs\u00e1k \u00fagy hordozza a teljes felszerel\u00e9sedet, hogy k\u00f6zben maxim\u00e1lis mozg\u00e1sszabads\u00e1got biztos\u00edt.<\/p>\n<h3 data-path-to-node=\"13\"><b data-path-to-node=\"13\" data-index-in-node=\"0\">Mi teszi a ProTour 3.3-at k\u00fcl\u00f6nlegess\u00e9?<\/b><\/h3>\n<ul data-path-to-node=\"14\">\n<li>\n<p data-path-to-node=\"14,0,0\"><b data-path-to-node=\"14,0,0\" data-index-in-node=\"0\">P\u00e1rn\u00e1zott \u00fct\u0151biztons\u00e1g:<\/b> A dedik\u00e1lt h\u00e1ts\u00f3 rekesz extra b\u00e9l\u00e9ssel v\u00e9di az \u00fct\u0151det az \u00fct\u0151d\u00e9sekt\u0151l \u00e9s a karcol\u00f3d\u00e1st\u00f3l, stabilan r\u00f6gz\u00edtve azt mozg\u00e1s k\u00f6zben.<\/p>\n<\/li>\n<li>\n<p data-path-to-node=\"14,1,0\"><b data-path-to-node=\"14,1,0\" data-index-in-node=\"0\">Szell\u0151z\u0151 cip\u0151rekesz:<\/b> A t\u00e1ska alj\u00e1n tal\u00e1lhat\u00f3 k\u00fcl\u00f6n\u00e1ll\u00f3 zsebnek k\u00f6sz\u00f6nhet\u0151en a p\u00e1ly\u00e1n haszn\u00e1lt cip\u0151id nem \u00e9rintkeznek a tiszta ruh\u00e1iddal, \u00edgy a t\u00e1ska belseje friss marad.<\/p>\n<\/li>\n<li>\n<p data-path-to-node=\"14,2,0\"><b data-path-to-node=\"14,2,0\" data-index-in-node=\"0\">Okos rendszerez\u00e9s:<\/b> A t\u00e1gas k\u00f6zponti r\u00e9sz mellett kisebb kieg\u00e9sz\u00edt\u0151 zsebek seg\u00edtik, hogy a kulcsaid, telefonod vagy az overgripjeid ne vesszenek el a t\u00e1ska m\u00e9ly\u00e9n.<\/p>\n<\/li>\n<li>\n<p data-path-to-node=\"14,3,0\"><b data-path-to-node=\"14,3,0\" data-index-in-node=\"0\">Strapab\u00edr\u00f3 anyagok:<\/b> A kiv\u00e1l\u00f3 min\u0151s\u00e9g\u0171, v\u00edzleperget\u0151 k\u00fcls\u0151 bor\u00edt\u00e1s megv\u00e9di felszerel\u00e9sedet az id\u0151j\u00e1r\u00e1s viszontags\u00e1gait\u00f3l \u00e9s a mindennapi kop\u00e1st\u00f3l.<\/p>\n<\/li>\n<\/ul>\n<h4 data-path-to-node=\"15\"><b data-path-to-node=\"15\" data-index-in-node=\"0\">K\u00e9nyelem \u00e9s megjelen\u00e9s:<\/b><\/h4>\n<ul data-path-to-node=\"16\">\n<li>\n<p data-path-to-node=\"16,0,0\"><b data-path-to-node=\"16,0,0\" data-index-in-node=\"0\">Letisztult fekete st\u00edlus:<\/b> Eleg\u00e1ns, professzion\u00e1lis megjelen\u00e9s, amely a p\u00e1ly\u00e1n \u00e9s a v\u00e1rosban is meg\u00e1llja a hely\u00e9t.<\/p>\n<\/li>\n<li>\n<p data-path-to-node=\"16,1,0\"><b data-path-to-node=\"16,1,0\" data-index-in-node=\"0\">Ergon\u00f3mikus kialak\u00edt\u00e1s:<\/b> A p\u00e1rn\u00e1zott h\u00e1tfal \u00e9s az \u00e1ll\u00edthat\u00f3 v\u00e1llp\u00e1ntok cs\u00f6kkentik a h\u00e1tra nehezed\u0151 terhel\u00e9st, \u00edgy hosszabb t\u00e1von is k\u00e9nyelmes viselet.<\/p>\n<\/li>\n<\/ul>\n<h4 data-path-to-node=\"17\"><b data-path-to-node=\"17\" data-index-in-node=\"0\">Specifik\u00e1ci\u00f3k:<\/b><\/h4>\n<ul data-path-to-node=\"18\">\n<li>\n<p data-path-to-node=\"18,0,0\"><b data-path-to-node=\"18,0,0\" data-index-in-node=\"0\">Sz\u00edn:<\/b> Fekete \/ Feh\u00e9r ADIDAS log\u00f3<\/p>\n<\/li>\n<li>\n<p data-path-to-node=\"18,1,0\"><b data-path-to-node=\"18,1,0\" data-index-in-node=\"0\">Anyag:<\/b> 100% Poli\u00e9szter (ellen\u00e1ll\u00f3 kivitel)<\/p>\n<\/li>\n<li>\n<p data-path-to-node=\"18,2,0\"><b data-path-to-node=\"18,2,0\" data-index-in-node=\"0\">Rekeszek:<\/b> K\u00fcl\u00f6n \u00fct\u0151tart\u00f3, nagy f\u0151rekesz, izol\u00e1lt cip\u0151tart\u00f3, kieg\u00e9sz\u00edt\u0151 zsebek.<\/p>\n<\/li>\n<li>\n<p data-path-to-node=\"18,3,0\"><b data-path-to-node=\"18,3,0\" data-index-in-node=\"0\">M\u00e9retek:<\/b> Ide\u00e1lis m\u00e9ret a teljes napi felszerel\u00e9shez.<\/p>\n<\/li>\n<\/ul>\n<h4 data-path-to-node=\"19\"><b data-path-to-node=\"19\" data-index-in-node=\"0\">Vidd magaddal a j\u00e1t\u00e9kod b\u00e1rhov\u00e1, profi m\u00f3don! Rendeld meg az ADIDAS ProTour 3.3 fekete h\u00e1tizs\u00e1kot a Life4Padel-t\u0151l!<\/b><\/h4>","protected":false},"excerpt":{"rendered":"<p><b data-path-to-node=\"8\" data-index-in-node=\"0\">Professzion\u00e1lis v\u00e9delem kompakt kivitelben.<\/b> Az <b data-path-to-node=\"8\" data-index-in-node=\"47\">ADIDAS ProTour 3.3<\/b> a funkcion\u00e1lis diz\u00e1jn cs\u00facsa: egy h\u00e1tizs\u00e1k, amely a nagy \u00fct\u0151t\u00e1sk\u00e1k technikai v\u00e9delm\u00e9t ny\u00fajtja. P\u00e1rn\u00e1zott rekeszei \u00e9s k\u00fcl\u00f6n\u00e1ll\u00f3 cip\u0151tart\u00f3ja garant\u00e1lj\u00e1k, hogy felszerel\u00e9sed minden darabja \u2013 az \u00fct\u0151t\u0151l a kieg\u00e9sz\u00edt\u0151kig \u2013 prec\u00edzen \u00e9s biztons\u00e1gban legyen elrendezve.<\/p>","protected":false},"featured_media":32605,"template":"","meta":[],"product_brand":[84],"product_cat":[252,251],"product_tag":[],"class_list":{"0":"post-32604","1":"product","2":"type-product","3":"status-publish","4":"has-post-thumbnail","6":"product_brand-adidas","7":"product_cat-adidas-padel-bags","8":"product_cat-padel-taskak","10":"first","11":"instock","12":"shipping-taxable","13":"purchasable","14":"product-type-simple"},"yoast_head":"<!-- This site is optimized with the Yoast SEO plugin v27.6 - https:\/\/yoast.com\/product\/yoast-seo-wordpress\/ -->\n<title>ADIDAS ProTour 3.3 Fekete H\u00e1tizs\u00e1k \u2013 Pr\u00e9mium Padel T\u00e1rol\u00e1s<\/title>\n<meta name=\"description\" content=\"ADIDAS ProTour 3.3 fekete padel h\u00e1tizs\u00e1k p\u00e1rn\u00e1zott \u00fct\u0151tart\u00f3val \u00e9s k\u00fcl\u00f6n cip\u0151rekesszel. Professzion\u00e1lis v\u00e9delem \u00e9s st\u00edlus a Life4Padel k\u00edn\u00e1lat\u00e1ban.\" \/>\n<meta name=\"robots\" content=\"index, follow, max-snippet:-1, max-image-preview:large, max-video-preview:-1\" \/>\n<link rel=\"canonical\" href=\"https:\/\/life4padel.com\/en\/product\/adidas-protour-3-3-fekete-hatizsak\/\" \/>\n<meta property=\"og:locale\" content=\"en_GB\" \/>\n<meta property=\"og:type\" content=\"article\" \/>\n<meta property=\"og:title\" content=\"ADIDAS ProTour 3.3 Fekete H\u00e1tizs\u00e1k \u2013 Pr\u00e9mium Padel T\u00e1rol\u00e1s\" \/>\n<meta property=\"og:description\" content=\"ADIDAS ProTour 3.3 fekete padel h\u00e1tizs\u00e1k p\u00e1rn\u00e1zott \u00fct\u0151tart\u00f3val \u00e9s k\u00fcl\u00f6n cip\u0151rekesszel. Professzion\u00e1lis v\u00e9delem \u00e9s st\u00edlus a Life4Padel k\u00edn\u00e1lat\u00e1ban.\" \/>\n<meta property=\"og:url\" content=\"https:\/\/life4padel.com\/en\/product\/adidas-protour-3-3-fekete-hatizsak\/\" \/>\n<meta property=\"og:site_name\" content=\"Life4Padel\" \/>\n<meta property=\"og:image\" content=\"https:\/\/life4padel.com\/wp-content\/uploads\/2026\/04\/110120_padel_webs_padel_y_grupo_mochila_adidas_backpack_protour_3_3_black_adbg1_2014.webp\" \/>\n\t<meta property=\"og:image:width\" content=\"1500\" \/>\n\t<meta property=\"og:image:height\" content=\"1500\" \/>\n\t<meta property=\"og:image:type\" content=\"image\/webp\" \/>\n<meta name=\"twitter:card\" content=\"summary_large_image\" \/>\n<meta name=\"twitter:label1\" content=\"Estimated reading time\" \/>\n\t<meta name=\"twitter:data1\" content=\"2 minutes\" \/>\n<script type=\"application\/ld+json\" class=\"yoast-schema-graph\">{\"@context\":\"https:\\\/\\\/schema.org\",\"@graph\":[{\"@type\":\"WebPage\",\"@id\":\"https:\\\/\\\/life4padel.com\\\/termek\\\/adidas-protour-3-3-fekete-hatizsak\\\/\",\"url\":\"https:\\\/\\\/life4padel.com\\\/termek\\\/adidas-protour-3-3-fekete-hatizsak\\\/\",\"name\":\"ADIDAS ProTour 3.3 Fekete H\u00e1tizs\u00e1k \u2013 Pr\u00e9mium Padel T\u00e1rol\u00e1s\",\"isPartOf\":{\"@id\":\"https:\\\/\\\/life4padel.com\\\/#website\"},\"primaryImageOfPage\":{\"@id\":\"https:\\\/\\\/life4padel.com\\\/termek\\\/adidas-protour-3-3-fekete-hatizsak\\\/#primaryimage\"},\"image\":{\"@id\":\"https:\\\/\\\/life4padel.com\\\/termek\\\/adidas-protour-3-3-fekete-hatizsak\\\/#primaryimage\"},\"thumbnailUrl\":\"https:\\\/\\\/life4padel.com\\\/wp-content\\\/uploads\\\/2026\\\/04\\\/110120_padel_webs_padel_y_grupo_mochila_adidas_backpack_protour_3_3_black_adbg1_2014.webp\",\"datePublished\":\"2026-04-28T13:57:28+00:00\",\"description\":\"ADIDAS ProTour 3.3 fekete padel h\u00e1tizs\u00e1k p\u00e1rn\u00e1zott \u00fct\u0151tart\u00f3val \u00e9s k\u00fcl\u00f6n cip\u0151rekesszel. Professzion\u00e1lis v\u00e9delem \u00e9s st\u00edlus a Life4Padel k\u00edn\u00e1lat\u00e1ban.\",\"breadcrumb\":{\"@id\":\"https:\\\/\\\/life4padel.com\\\/termek\\\/adidas-protour-3-3-fekete-hatizsak\\\/#breadcrumb\"},\"inLanguage\":\"en-GB\",\"potentialAction\":[{\"@type\":\"ReadAction\",\"target\":[\"https:\\\/\\\/life4padel.com\\\/termek\\\/adidas-protour-3-3-fekete-hatizsak\\\/\"]}]},{\"@type\":\"ImageObject\",\"inLanguage\":\"en-GB\",\"@id\":\"https:\\\/\\\/life4padel.com\\\/termek\\\/adidas-protour-3-3-fekete-hatizsak\\\/#primaryimage\",\"url\":\"https:\\\/\\\/life4padel.com\\\/wp-content\\\/uploads\\\/2026\\\/04\\\/110120_padel_webs_padel_y_grupo_mochila_adidas_backpack_protour_3_3_black_adbg1_2014.webp\",\"contentUrl\":\"https:\\\/\\\/life4padel.com\\\/wp-content\\\/uploads\\\/2026\\\/04\\\/110120_padel_webs_padel_y_grupo_mochila_adidas_backpack_protour_3_3_black_adbg1_2014.webp\",\"width\":1500,\"height\":1500},{\"@type\":\"BreadcrumbList\",\"@id\":\"https:\\\/\\\/life4padel.com\\\/termek\\\/adidas-protour-3-3-fekete-hatizsak\\\/#breadcrumb\",\"itemListElement\":[{\"@type\":\"ListItem\",\"position\":1,\"name\":\"Kezd\u0151lap\",\"item\":\"https:\\\/\\\/life4padel.com\\\/\"},{\"@type\":\"ListItem\",\"position\":2,\"name\":\"Bolt\",\"item\":\"https:\\\/\\\/life4padel.com\\\/bolt\\\/\"},{\"@type\":\"ListItem\",\"position\":3,\"name\":\"ADIDAS Protour 3.3 fekete h\u00e1tizs\u00e1k\"}]},{\"@type\":\"WebSite\",\"@id\":\"https:\\\/\\\/life4padel.com\\\/#website\",\"url\":\"https:\\\/\\\/life4padel.com\\\/\",\"name\":\"Life4Padel\",\"description\":\"\",\"publisher\":{\"@id\":\"https:\\\/\\\/life4padel.com\\\/#\\\/schema\\\/person\\\/8e2b3df012327b0109bf4328db045abc\"},\"potentialAction\":[{\"@type\":\"SearchAction\",\"target\":{\"@type\":\"EntryPoint\",\"urlTemplate\":\"https:\\\/\\\/life4padel.com\\\/?s={search_term_string}\"},\"query-input\":{\"@type\":\"PropertyValueSpecification\",\"valueRequired\":true,\"valueName\":\"search_term_string\"}}],\"inLanguage\":\"en-GB\"},{\"@type\":[\"Person\",\"Organization\"],\"@id\":\"https:\\\/\\\/life4padel.com\\\/#\\\/schema\\\/person\\\/8e2b3df012327b0109bf4328db045abc\",\"name\":\"patrik.galla\",\"image\":{\"@type\":\"ImageObject\",\"inLanguage\":\"en-GB\",\"@id\":\"https:\\\/\\\/dev.life4padel.com\\\/wp-content\\\/uploads\\\/2026\\\/03\\\/logo-09-1-scaled.png\",\"url\":\"https:\\\/\\\/dev.life4padel.com\\\/wp-content\\\/uploads\\\/2026\\\/03\\\/logo-09-1-scaled.png\",\"contentUrl\":\"https:\\\/\\\/dev.life4padel.com\\\/wp-content\\\/uploads\\\/2026\\\/03\\\/logo-09-1-scaled.png\",\"width\":2560,\"height\":705,\"caption\":\"patrik.galla\"},\"logo\":{\"@id\":\"https:\\\/\\\/dev.life4padel.com\\\/wp-content\\\/uploads\\\/2026\\\/03\\\/logo-09-1-scaled.png\"}}]}<\/script>\n<!-- \/ Yoast SEO plugin. -->","yoast_head_json":{"title":"ADIDAS ProTour 3.3 Fekete H\u00e1tizs\u00e1k \u2013 Pr\u00e9mium Padel T\u00e1rol\u00e1s","description":"ADIDAS ProTour 3.3 fekete padel h\u00e1tizs\u00e1k p\u00e1rn\u00e1zott \u00fct\u0151tart\u00f3val \u00e9s k\u00fcl\u00f6n cip\u0151rekesszel. Professzion\u00e1lis v\u00e9delem \u00e9s st\u00edlus a Life4Padel k\u00edn\u00e1lat\u00e1ban.","robots":{"index":"index","follow":"follow","max-snippet":"max-snippet:-1","max-image-preview":"max-image-preview:large","max-video-preview":"max-video-preview:-1"},"canonical":"https:\/\/life4padel.com\/en\/product\/adidas-protour-3-3-fekete-hatizsak\/","og_locale":"en_GB","og_type":"article","og_title":"ADIDAS ProTour 3.3 Fekete H\u00e1tizs\u00e1k \u2013 Pr\u00e9mium Padel T\u00e1rol\u00e1s","og_description":"ADIDAS ProTour 3.3 fekete padel h\u00e1tizs\u00e1k p\u00e1rn\u00e1zott \u00fct\u0151tart\u00f3val \u00e9s k\u00fcl\u00f6n cip\u0151rekesszel. Professzion\u00e1lis v\u00e9delem \u00e9s st\u00edlus a Life4Padel k\u00edn\u00e1lat\u00e1ban.","og_url":"https:\/\/life4padel.com\/en\/product\/adidas-protour-3-3-fekete-hatizsak\/","og_site_name":"Life4Padel","og_image":[{"width":1500,"height":1500,"url":"https:\/\/life4padel.com\/wp-content\/uploads\/2026\/04\/110120_padel_webs_padel_y_grupo_mochila_adidas_backpack_protour_3_3_black_adbg1_2014.webp","type":"image\/webp"}],"twitter_card":"summary_large_image","twitter_misc":{"Estimated reading time":"2 minutes"},"schema":{"@context":"https:\/\/schema.org","@graph":[{"@type":"WebPage","@id":"https:\/\/life4padel.com\/termek\/adidas-protour-3-3-fekete-hatizsak\/","url":"https:\/\/life4padel.com\/termek\/adidas-protour-3-3-fekete-hatizsak\/","name":"ADIDAS ProTour 3.3 Fekete H\u00e1tizs\u00e1k \u2013 Pr\u00e9mium Padel T\u00e1rol\u00e1s","isPartOf":{"@id":"https:\/\/life4padel.com\/#website"},"primaryImageOfPage":{"@id":"https:\/\/life4padel.com\/termek\/adidas-protour-3-3-fekete-hatizsak\/#primaryimage"},"image":{"@id":"https:\/\/life4padel.com\/termek\/adidas-protour-3-3-fekete-hatizsak\/#primaryimage"},"thumbnailUrl":"https:\/\/life4padel.com\/wp-content\/uploads\/2026\/04\/110120_padel_webs_padel_y_grupo_mochila_adidas_backpack_protour_3_3_black_adbg1_2014.webp","datePublished":"2026-04-28T13:57:28+00:00","description":"ADIDAS ProTour 3.3 fekete padel h\u00e1tizs\u00e1k p\u00e1rn\u00e1zott \u00fct\u0151tart\u00f3val \u00e9s k\u00fcl\u00f6n cip\u0151rekesszel. Professzion\u00e1lis v\u00e9delem \u00e9s st\u00edlus a Life4Padel k\u00edn\u00e1lat\u00e1ban.","breadcrumb":{"@id":"https:\/\/life4padel.com\/termek\/adidas-protour-3-3-fekete-hatizsak\/#breadcrumb"},"inLanguage":"en-GB","potentialAction":[{"@type":"ReadAction","target":["https:\/\/life4padel.com\/termek\/adidas-protour-3-3-fekete-hatizsak\/"]}]},{"@type":"ImageObject","inLanguage":"en-GB","@id":"https:\/\/life4padel.com\/termek\/adidas-protour-3-3-fekete-hatizsak\/#primaryimage","url":"https:\/\/life4padel.com\/wp-content\/uploads\/2026\/04\/110120_padel_webs_padel_y_grupo_mochila_adidas_backpack_protour_3_3_black_adbg1_2014.webp","contentUrl":"https:\/\/life4padel.com\/wp-content\/uploads\/2026\/04\/110120_padel_webs_padel_y_grupo_mochila_adidas_backpack_protour_3_3_black_adbg1_2014.webp","width":1500,"height":1500},{"@type":"BreadcrumbList","@id":"https:\/\/life4padel.com\/termek\/adidas-protour-3-3-fekete-hatizsak\/#breadcrumb","itemListElement":[{"@type":"ListItem","position":1,"name":"Kezd\u0151lap","item":"https:\/\/life4padel.com\/"},{"@type":"ListItem","position":2,"name":"Bolt","item":"https:\/\/life4padel.com\/bolt\/"},{"@type":"ListItem","position":3,"name":"ADIDAS Protour 3.3 fekete h\u00e1tizs\u00e1k"}]},{"@type":"WebSite","@id":"https:\/\/life4padel.com\/#website","url":"https:\/\/life4padel.com\/","name":"Life4Padel","description":"","publisher":{"@id":"https:\/\/life4padel.com\/#\/schema\/person\/8e2b3df012327b0109bf4328db045abc"},"potentialAction":[{"@type":"SearchAction","target":{"@type":"EntryPoint","urlTemplate":"https:\/\/life4padel.com\/?s={search_term_string}"},"query-input":{"@type":"PropertyValueSpecification","valueRequired":true,"valueName":"search_term_string"}}],"inLanguage":"en-GB"},{"@type":["Person","Organization"],"@id":"https:\/\/life4padel.com\/#\/schema\/person\/8e2b3df012327b0109bf4328db045abc","name":"patrik.galla","image":{"@type":"ImageObject","inLanguage":"en-GB","@id":"https:\/\/dev.life4padel.com\/wp-content\/uploads\/2026\/03\/logo-09-1-scaled.png","url":"https:\/\/dev.life4padel.com\/wp-content\/uploads\/2026\/03\/logo-09-1-scaled.png","contentUrl":"https:\/\/dev.life4padel.com\/wp-content\/uploads\/2026\/03\/logo-09-1-scaled.png","width":2560,"height":705,"caption":"patrik.galla"},"logo":{"@id":"https:\/\/dev.life4padel.com\/wp-content\/uploads\/2026\/03\/logo-09-1-scaled.png"}}]}},"jetpack_sharing_enabled":true,"_links":{"self":[{"href":"https:\/\/life4padel.com\/en\/wp-json\/wp\/v2\/product\/32604","targetHints":{"allow":["GET"]}}],"collection":[{"href":"https:\/\/life4padel.com\/en\/wp-json\/wp\/v2\/product"}],"about":[{"href":"https:\/\/life4padel.com\/en\/wp-json\/wp\/v2\/types\/product"}],"version-history":[{"count":1,"href":"https:\/\/life4padel.com\/en\/wp-json\/wp\/v2\/product\/32604\/revisions"}],"predecessor-version":[{"id":32610,"href":"https:\/\/life4padel.com\/en\/wp-json\/wp\/v2\/product\/32604\/revisions\/32610"}],"wp:featuredmedia":[{"embeddable":true,"href":"https:\/\/life4padel.com\/en\/wp-json\/wp\/v2\/media\/32605"}],"wp:attachment":[{"href":"https:\/\/life4padel.com\/en\/wp-json\/wp\/v2\/media?parent=32604"}],"wp:term":[{"taxonomy":"product_brand","embeddable":true,"href":"https:\/\/life4padel.com\/en\/wp-json\/wp\/v2\/product_brand?post=32604"},{"taxonomy":"product_cat","embeddable":true,"href":"https:\/\/life4padel.com\/en\/wp-json\/wp\/v2\/product_cat?post=32604"},{"taxonomy":"product_tag","embeddable":true,"href":"https:\/\/life4padel.com\/en\/wp-json\/wp\/v2\/product_tag?post=32604"}],"curies":[{"name":"wp","href":"https:\/\/api.w.org\/{rel}","templated":true}]}}