{"id":32586,"date":"2026-04-28T15:45:11","date_gmt":"2026-04-28T13:45:11","guid":{"rendered":"https:\/\/life4padel.com\/?post_type=product&#038;p=32586"},"modified":"2026-04-28T15:45:11","modified_gmt":"2026-04-28T13:45:11","slug":"bullpadel-elite-rozsaszin-noi-padel-taska","status":"publish","type":"product","link":"https:\/\/life4padel.com\/en\/product\/bullpadel-elite-rozsaszin-noi-padel-taska\/","title":{"rendered":"BULLPADEL Elite r\u00f3zsasz\u00edn n\u0151i padel t\u00e1ska"},"content":{"rendered":"<h3 data-path-to-node=\"11\"><b data-path-to-node=\"11\" data-index-in-node=\"0\">BULLPADEL Elite R\u00f3zsasz\u00edn \u2013 Ahol a divat \u00e9s a sport tal\u00e1lkozik<\/b><\/h3>\n<p data-path-to-node=\"12\">A <b data-path-to-node=\"12\" data-index-in-node=\"2\">Bullpadel Elite<\/b> t\u00e1ska nem csup\u00e1n egy sporteszk\u00f6z, hanem a p\u00e1ly\u00e1n ny\u00fajtott magabiztoss\u00e1god r\u00e9sze. Ezt a modellt \u2013 amelyet a vil\u00e1granglista \u00e9lmez\u0151ny\u00e9be tartoz\u00f3 <b data-path-to-node=\"12\" data-index-in-node=\"160\">Gemma Triay<\/b> inspir\u00e1lt \u2013 kifejezetten azoknak a h\u00f6lgyeknek tervezt\u00e9k, akik szeretik, ha felszerel\u00e9s\u00fck egyszerre n\u0151ies, pr\u00e9mium min\u0151s\u00e9g\u0171 \u00e9s rendk\u00edv\u00fcl praktikus.<\/p>\n<h3 data-path-to-node=\"13\"><b data-path-to-node=\"13\" data-index-in-node=\"0\">Mi\u00e9rt im\u00e1dj\u00e1k a n\u0151i j\u00e1t\u00e9kosok?<\/b><\/h3>\n<ul data-path-to-node=\"14\">\n<li>\n<p data-path-to-node=\"14,0,0\"><b data-path-to-node=\"14,0,0\" data-index-in-node=\"0\">\u00dct\u0151v\u00e9delem fels\u0151fokon:<\/b> A t\u00e1ska oldals\u00f3 <b data-path-to-node=\"14,0,0\" data-index-in-node=\"39\">Thermo-rekesze<\/b> megv\u00e9di az \u00fct\u0151d \u00e9rz\u00e9keny szerkezet\u00e9t a h\u0151s\u00e9gt\u0151l \u00e9s a hidegt\u0151l, \u00edgy a karbon r\u00e9tegek meg\u0151rzik tart\u00f3ss\u00e1gukat.<\/p>\n<\/li>\n<li>\n<p data-path-to-node=\"14,1,0\"><b data-path-to-node=\"14,1,0\" data-index-in-node=\"0\">Intelligens eloszt\u00e1s:<\/b> A k\u00f6zponti rekeszben b\u0151ven jut hely a v\u00e1lt\u00f3ruh\u00e1nak \u00e9s a piperet\u00e1sk\u00e1nak, m\u00edg a kisebb oldals\u00f3 zsebekben biztons\u00e1gban tudhatod a telefonodat, kulcsaidat \u00e9s az apr\u00f3bb kieg\u00e9sz\u00edt\u0151ket.<\/p>\n<\/li>\n<li>\n<p data-path-to-node=\"14,2,0\"><b data-path-to-node=\"14,2,0\" data-index-in-node=\"0\">Cip\u0151 elk\u00fcl\u00f6n\u00edtve:<\/b> A dedik\u00e1lt, szell\u0151z\u0151 als\u00f3 rekesznek k\u00f6sz\u00f6nhet\u0151en a p\u00e1ly\u00e1n haszn\u00e1lt cip\u0151d teljesen k\u00fcl\u00f6nv\u00e1laszthat\u00f3 a tiszta ruh\u00e1idt\u00f3l.<\/p>\n<\/li>\n<li>\n<p data-path-to-node=\"14,3,0\"><b data-path-to-node=\"14,3,0\" data-index-in-node=\"0\">K\u00e9nyelmes hordozhat\u00f3s\u00e1g:<\/b> P\u00e1rn\u00e1zott v\u00e1llp\u00e1ntjaival h\u00e1tizs\u00e1kk\u00e9nt is hordhat\u00f3, \u00edgy hosszabb \u00faton is k\u00edm\u00e9li a v\u00e1llakat \u00e9s a h\u00e1tat.<\/p>\n<\/li>\n<\/ul>\n<h4 data-path-to-node=\"15\"><b data-path-to-node=\"15\" data-index-in-node=\"0\">St\u00edlus \u00e9s r\u00e9szletek:<\/b><\/h4>\n<ul data-path-to-node=\"16\">\n<li>\n<p data-path-to-node=\"16,0,0\"><b data-path-to-node=\"16,0,0\" data-index-in-node=\"0\">Pasztell r\u00f3zsasz\u00edn diz\u00e1jn:<\/b> Letisztult, modern \u00e1rnyalat, amely minden szetthez t\u00f6k\u00e9letesen passzol.<\/p>\n<\/li>\n<li>\n<p data-path-to-node=\"16,1,0\"><b data-path-to-node=\"16,1,0\" data-index-in-node=\"0\">Kompakt, m\u00e9gis t\u00e1gas:<\/b> Optim\u00e1lis m\u00e9rete miatt nem t\u0171nik robusztusnak, m\u00e9gis minden elf\u00e9r benne, amire egy edz\u00e9shez vagy meccshez sz\u00fcks\u00e9ged van.<\/p>\n<\/li>\n<\/ul>\n<h4 data-path-to-node=\"17\"><b data-path-to-node=\"17\" data-index-in-node=\"0\">Specifik\u00e1ci\u00f3k:<\/b><\/h4>\n<ul data-path-to-node=\"18\">\n<li>\n<p data-path-to-node=\"18,0,0\"><b data-path-to-node=\"18,0,0\" data-index-in-node=\"0\">Sz\u00edn:<\/b> P\u00faderr\u00f3zsasz\u00edn \/ Fekete-arany r\u00e9szletek<\/p>\n<\/li>\n<li>\n<p data-path-to-node=\"18,1,0\"><b data-path-to-node=\"18,1,0\" data-index-in-node=\"0\">Rekeszek:<\/b> Thermo \u00fct\u0151tart\u00f3, f\u0151rekesz, k\u00fcl\u00f6n cip\u0151tart\u00f3, kieg\u00e9sz\u00edt\u0151 zsebek.<\/p>\n<\/li>\n<li>\n<p data-path-to-node=\"18,2,0\"><b data-path-to-node=\"18,2,0\" data-index-in-node=\"0\">Kivitel:<\/b> H\u00e1tizs\u00e1kk\u00e9nt \u00e9s k\u00e9zben is hordhat\u00f3.<\/p>\n<\/li>\n<\/ul>\n<h4 data-path-to-node=\"19\"><b data-path-to-node=\"19\" data-index-in-node=\"0\">L\u00e9gy magabiztos \u00e9s rendezett a p\u00e1ly\u00e1n is! Rendeld meg a Bullpadel Elite r\u00f3zsasz\u00edn t\u00e1sk\u00e1t a Life4Padel-t\u0151l, \u00e9s \u00e9lvezd a pr\u00e9mium min\u0151s\u00e9get!<\/b><\/h4>","protected":false},"excerpt":{"rendered":"<p><b data-path-to-node=\"8\" data-index-in-node=\"0\">St\u00edlusos t\u00e1rs a p\u00e1ly\u00e1n, maxim\u00e1lis v\u00e9delem az \u00fct\u0151dnek.<\/b> A <b data-path-to-node=\"8\" data-index-in-node=\"56\">Bullpadel Elite<\/b> r\u00f3zsasz\u00edn t\u00e1ska a kifinomult eleganci\u00e1t \u00f6tv\u00f6zi a profi funkcionalit\u00e1ssal. <b data-path-to-node=\"8\" data-index-in-node=\"146\">Thermo-rekesze<\/b> meg\u00f3vja \u00fct\u0151det a k\u00f6rnyezeti hat\u00e1sokt\u00f3l, m\u00edg t\u00e1gas bels\u0151 tere \u00e9s k\u00fcl\u00f6n szell\u0151z\u0151 cip\u0151tart\u00f3ja gondoskodik a rendezett \u00e9s st\u00edlusos megjelen\u00e9sr\u0151l.<\/p>","protected":false},"featured_media":32593,"template":"","meta":[],"product_brand":[85],"product_cat":[256,251],"product_tag":[],"class_list":{"0":"post-32586","1":"product","2":"type-product","3":"status-publish","4":"has-post-thumbnail","6":"product_brand-bullpadel","7":"product_cat-bullpadel-padel-bags","8":"product_cat-padel-taskak","10":"first","11":"instock","12":"sale","13":"shipping-taxable","14":"purchasable","15":"product-type-simple"},"yoast_head":"<!-- This site is optimized with the Yoast SEO plugin v27.6 - https:\/\/yoast.com\/product\/yoast-seo-wordpress\/ -->\n<title>Bullpadel Elite R\u00f3zsasz\u00edn N\u0151i Padel t\u00e1ska \u2013 Elegancia &amp; V\u00e9delem<\/title>\n<meta name=\"description\" content=\"Bullpadel Elite n\u0151i padel t\u00e1ska p\u00faderr\u00f3zsasz\u00ednben. Thermo-v\u00e9delem az \u00fct\u0151knek, k\u00fcl\u00f6n cip\u0151tart\u00f3 \u00e9s eleg\u00e1ns megjelen\u00e9s a Life4Padel k\u00edn\u00e1lat\u00e1ban.\" \/>\n<meta name=\"robots\" content=\"index, follow, max-snippet:-1, max-image-preview:large, max-video-preview:-1\" \/>\n<link rel=\"canonical\" href=\"https:\/\/life4padel.com\/en\/product\/bullpadel-elite-rozsaszin-noi-padel-taska\/\" \/>\n<meta property=\"og:locale\" content=\"en_GB\" \/>\n<meta property=\"og:type\" content=\"article\" \/>\n<meta property=\"og:title\" content=\"Bullpadel Elite R\u00f3zsasz\u00edn N\u0151i Padel t\u00e1ska \u2013 Elegancia &amp; V\u00e9delem\" \/>\n<meta property=\"og:description\" content=\"Bullpadel Elite n\u0151i padel t\u00e1ska p\u00faderr\u00f3zsasz\u00ednben. Thermo-v\u00e9delem az \u00fct\u0151knek, k\u00fcl\u00f6n cip\u0151tart\u00f3 \u00e9s eleg\u00e1ns megjelen\u00e9s a Life4Padel k\u00edn\u00e1lat\u00e1ban.\" \/>\n<meta property=\"og:url\" content=\"https:\/\/life4padel.com\/en\/product\/bullpadel-elite-rozsaszin-noi-padel-taska\/\" \/>\n<meta property=\"og:site_name\" content=\"Life4Padel\" \/>\n<meta property=\"og:image\" content=\"https:\/\/life4padel.com\/wp-content\/uploads\/2026\/04\/113819-paletero-bullpadel-bpp25019-elite-448147-mujer-1500x1500-1.webp\" \/>\n\t<meta property=\"og:image:width\" content=\"1500\" \/>\n\t<meta property=\"og:image:height\" content=\"1500\" \/>\n\t<meta property=\"og:image:type\" content=\"image\/webp\" \/>\n<meta name=\"twitter:card\" content=\"summary_large_image\" \/>\n<meta name=\"twitter:label1\" content=\"Estimated reading time\" \/>\n\t<meta name=\"twitter:data1\" content=\"2 minutes\" \/>\n<script type=\"application\/ld+json\" class=\"yoast-schema-graph\">{\"@context\":\"https:\\\/\\\/schema.org\",\"@graph\":[{\"@type\":\"WebPage\",\"@id\":\"https:\\\/\\\/life4padel.com\\\/termek\\\/bullpadel-elite-rozsaszin-noi-padel-taska\\\/\",\"url\":\"https:\\\/\\\/life4padel.com\\\/termek\\\/bullpadel-elite-rozsaszin-noi-padel-taska\\\/\",\"name\":\"Bullpadel Elite R\u00f3zsasz\u00edn N\u0151i Padel t\u00e1ska \u2013 Elegancia & V\u00e9delem\",\"isPartOf\":{\"@id\":\"https:\\\/\\\/life4padel.com\\\/#website\"},\"primaryImageOfPage\":{\"@id\":\"https:\\\/\\\/life4padel.com\\\/termek\\\/bullpadel-elite-rozsaszin-noi-padel-taska\\\/#primaryimage\"},\"image\":{\"@id\":\"https:\\\/\\\/life4padel.com\\\/termek\\\/bullpadel-elite-rozsaszin-noi-padel-taska\\\/#primaryimage\"},\"thumbnailUrl\":\"https:\\\/\\\/life4padel.com\\\/wp-content\\\/uploads\\\/2026\\\/04\\\/113819-paletero-bullpadel-bpp25019-elite-448147-mujer-1500x1500-1.webp\",\"datePublished\":\"2026-04-28T13:45:11+00:00\",\"description\":\"Bullpadel Elite n\u0151i padel t\u00e1ska p\u00faderr\u00f3zsasz\u00ednben. Thermo-v\u00e9delem az \u00fct\u0151knek, k\u00fcl\u00f6n cip\u0151tart\u00f3 \u00e9s eleg\u00e1ns megjelen\u00e9s a Life4Padel k\u00edn\u00e1lat\u00e1ban.\",\"breadcrumb\":{\"@id\":\"https:\\\/\\\/life4padel.com\\\/termek\\\/bullpadel-elite-rozsaszin-noi-padel-taska\\\/#breadcrumb\"},\"inLanguage\":\"en-GB\",\"potentialAction\":[{\"@type\":\"ReadAction\",\"target\":[\"https:\\\/\\\/life4padel.com\\\/termek\\\/bullpadel-elite-rozsaszin-noi-padel-taska\\\/\"]}]},{\"@type\":\"ImageObject\",\"inLanguage\":\"en-GB\",\"@id\":\"https:\\\/\\\/life4padel.com\\\/termek\\\/bullpadel-elite-rozsaszin-noi-padel-taska\\\/#primaryimage\",\"url\":\"https:\\\/\\\/life4padel.com\\\/wp-content\\\/uploads\\\/2026\\\/04\\\/113819-paletero-bullpadel-bpp25019-elite-448147-mujer-1500x1500-1.webp\",\"contentUrl\":\"https:\\\/\\\/life4padel.com\\\/wp-content\\\/uploads\\\/2026\\\/04\\\/113819-paletero-bullpadel-bpp25019-elite-448147-mujer-1500x1500-1.webp\",\"width\":1500,\"height\":1500},{\"@type\":\"BreadcrumbList\",\"@id\":\"https:\\\/\\\/life4padel.com\\\/termek\\\/bullpadel-elite-rozsaszin-noi-padel-taska\\\/#breadcrumb\",\"itemListElement\":[{\"@type\":\"ListItem\",\"position\":1,\"name\":\"Kezd\u0151lap\",\"item\":\"https:\\\/\\\/life4padel.com\\\/\"},{\"@type\":\"ListItem\",\"position\":2,\"name\":\"Bolt\",\"item\":\"https:\\\/\\\/life4padel.com\\\/bolt\\\/\"},{\"@type\":\"ListItem\",\"position\":3,\"name\":\"BULLPADEL Elite r\u00f3zsasz\u00edn n\u0151i padel t\u00e1ska\"}]},{\"@type\":\"WebSite\",\"@id\":\"https:\\\/\\\/life4padel.com\\\/#website\",\"url\":\"https:\\\/\\\/life4padel.com\\\/\",\"name\":\"Life4Padel\",\"description\":\"\",\"publisher\":{\"@id\":\"https:\\\/\\\/life4padel.com\\\/#\\\/schema\\\/person\\\/8e2b3df012327b0109bf4328db045abc\"},\"potentialAction\":[{\"@type\":\"SearchAction\",\"target\":{\"@type\":\"EntryPoint\",\"urlTemplate\":\"https:\\\/\\\/life4padel.com\\\/?s={search_term_string}\"},\"query-input\":{\"@type\":\"PropertyValueSpecification\",\"valueRequired\":true,\"valueName\":\"search_term_string\"}}],\"inLanguage\":\"en-GB\"},{\"@type\":[\"Person\",\"Organization\"],\"@id\":\"https:\\\/\\\/life4padel.com\\\/#\\\/schema\\\/person\\\/8e2b3df012327b0109bf4328db045abc\",\"name\":\"patrik.galla\",\"image\":{\"@type\":\"ImageObject\",\"inLanguage\":\"en-GB\",\"@id\":\"https:\\\/\\\/dev.life4padel.com\\\/wp-content\\\/uploads\\\/2026\\\/03\\\/logo-09-1-scaled.png\",\"url\":\"https:\\\/\\\/dev.life4padel.com\\\/wp-content\\\/uploads\\\/2026\\\/03\\\/logo-09-1-scaled.png\",\"contentUrl\":\"https:\\\/\\\/dev.life4padel.com\\\/wp-content\\\/uploads\\\/2026\\\/03\\\/logo-09-1-scaled.png\",\"width\":2560,\"height\":705,\"caption\":\"patrik.galla\"},\"logo\":{\"@id\":\"https:\\\/\\\/dev.life4padel.com\\\/wp-content\\\/uploads\\\/2026\\\/03\\\/logo-09-1-scaled.png\"}}]}<\/script>\n<!-- \/ Yoast SEO plugin. -->","yoast_head_json":{"title":"Bullpadel Elite R\u00f3zsasz\u00edn N\u0151i Padel t\u00e1ska \u2013 Elegancia & V\u00e9delem","description":"Bullpadel Elite n\u0151i padel t\u00e1ska p\u00faderr\u00f3zsasz\u00ednben. Thermo-v\u00e9delem az \u00fct\u0151knek, k\u00fcl\u00f6n cip\u0151tart\u00f3 \u00e9s eleg\u00e1ns megjelen\u00e9s a Life4Padel k\u00edn\u00e1lat\u00e1ban.","robots":{"index":"index","follow":"follow","max-snippet":"max-snippet:-1","max-image-preview":"max-image-preview:large","max-video-preview":"max-video-preview:-1"},"canonical":"https:\/\/life4padel.com\/en\/product\/bullpadel-elite-rozsaszin-noi-padel-taska\/","og_locale":"en_GB","og_type":"article","og_title":"Bullpadel Elite R\u00f3zsasz\u00edn N\u0151i Padel t\u00e1ska \u2013 Elegancia & V\u00e9delem","og_description":"Bullpadel Elite n\u0151i padel t\u00e1ska p\u00faderr\u00f3zsasz\u00ednben. Thermo-v\u00e9delem az \u00fct\u0151knek, k\u00fcl\u00f6n cip\u0151tart\u00f3 \u00e9s eleg\u00e1ns megjelen\u00e9s a Life4Padel k\u00edn\u00e1lat\u00e1ban.","og_url":"https:\/\/life4padel.com\/en\/product\/bullpadel-elite-rozsaszin-noi-padel-taska\/","og_site_name":"Life4Padel","og_image":[{"width":1500,"height":1500,"url":"https:\/\/life4padel.com\/wp-content\/uploads\/2026\/04\/113819-paletero-bullpadel-bpp25019-elite-448147-mujer-1500x1500-1.webp","type":"image\/webp"}],"twitter_card":"summary_large_image","twitter_misc":{"Estimated reading time":"2 minutes"},"schema":{"@context":"https:\/\/schema.org","@graph":[{"@type":"WebPage","@id":"https:\/\/life4padel.com\/termek\/bullpadel-elite-rozsaszin-noi-padel-taska\/","url":"https:\/\/life4padel.com\/termek\/bullpadel-elite-rozsaszin-noi-padel-taska\/","name":"Bullpadel Elite R\u00f3zsasz\u00edn N\u0151i Padel t\u00e1ska \u2013 Elegancia & V\u00e9delem","isPartOf":{"@id":"https:\/\/life4padel.com\/#website"},"primaryImageOfPage":{"@id":"https:\/\/life4padel.com\/termek\/bullpadel-elite-rozsaszin-noi-padel-taska\/#primaryimage"},"image":{"@id":"https:\/\/life4padel.com\/termek\/bullpadel-elite-rozsaszin-noi-padel-taska\/#primaryimage"},"thumbnailUrl":"https:\/\/life4padel.com\/wp-content\/uploads\/2026\/04\/113819-paletero-bullpadel-bpp25019-elite-448147-mujer-1500x1500-1.webp","datePublished":"2026-04-28T13:45:11+00:00","description":"Bullpadel Elite n\u0151i padel t\u00e1ska p\u00faderr\u00f3zsasz\u00ednben. Thermo-v\u00e9delem az \u00fct\u0151knek, k\u00fcl\u00f6n cip\u0151tart\u00f3 \u00e9s eleg\u00e1ns megjelen\u00e9s a Life4Padel k\u00edn\u00e1lat\u00e1ban.","breadcrumb":{"@id":"https:\/\/life4padel.com\/termek\/bullpadel-elite-rozsaszin-noi-padel-taska\/#breadcrumb"},"inLanguage":"en-GB","potentialAction":[{"@type":"ReadAction","target":["https:\/\/life4padel.com\/termek\/bullpadel-elite-rozsaszin-noi-padel-taska\/"]}]},{"@type":"ImageObject","inLanguage":"en-GB","@id":"https:\/\/life4padel.com\/termek\/bullpadel-elite-rozsaszin-noi-padel-taska\/#primaryimage","url":"https:\/\/life4padel.com\/wp-content\/uploads\/2026\/04\/113819-paletero-bullpadel-bpp25019-elite-448147-mujer-1500x1500-1.webp","contentUrl":"https:\/\/life4padel.com\/wp-content\/uploads\/2026\/04\/113819-paletero-bullpadel-bpp25019-elite-448147-mujer-1500x1500-1.webp","width":1500,"height":1500},{"@type":"BreadcrumbList","@id":"https:\/\/life4padel.com\/termek\/bullpadel-elite-rozsaszin-noi-padel-taska\/#breadcrumb","itemListElement":[{"@type":"ListItem","position":1,"name":"Kezd\u0151lap","item":"https:\/\/life4padel.com\/"},{"@type":"ListItem","position":2,"name":"Bolt","item":"https:\/\/life4padel.com\/bolt\/"},{"@type":"ListItem","position":3,"name":"BULLPADEL Elite r\u00f3zsasz\u00edn n\u0151i padel t\u00e1ska"}]},{"@type":"WebSite","@id":"https:\/\/life4padel.com\/#website","url":"https:\/\/life4padel.com\/","name":"Life4Padel","description":"","publisher":{"@id":"https:\/\/life4padel.com\/#\/schema\/person\/8e2b3df012327b0109bf4328db045abc"},"potentialAction":[{"@type":"SearchAction","target":{"@type":"EntryPoint","urlTemplate":"https:\/\/life4padel.com\/?s={search_term_string}"},"query-input":{"@type":"PropertyValueSpecification","valueRequired":true,"valueName":"search_term_string"}}],"inLanguage":"en-GB"},{"@type":["Person","Organization"],"@id":"https:\/\/life4padel.com\/#\/schema\/person\/8e2b3df012327b0109bf4328db045abc","name":"patrik.galla","image":{"@type":"ImageObject","inLanguage":"en-GB","@id":"https:\/\/dev.life4padel.com\/wp-content\/uploads\/2026\/03\/logo-09-1-scaled.png","url":"https:\/\/dev.life4padel.com\/wp-content\/uploads\/2026\/03\/logo-09-1-scaled.png","contentUrl":"https:\/\/dev.life4padel.com\/wp-content\/uploads\/2026\/03\/logo-09-1-scaled.png","width":2560,"height":705,"caption":"patrik.galla"},"logo":{"@id":"https:\/\/dev.life4padel.com\/wp-content\/uploads\/2026\/03\/logo-09-1-scaled.png"}}]}},"jetpack_sharing_enabled":true,"_links":{"self":[{"href":"https:\/\/life4padel.com\/en\/wp-json\/wp\/v2\/product\/32586","targetHints":{"allow":["GET"]}}],"collection":[{"href":"https:\/\/life4padel.com\/en\/wp-json\/wp\/v2\/product"}],"about":[{"href":"https:\/\/life4padel.com\/en\/wp-json\/wp\/v2\/types\/product"}],"version-history":[{"count":1,"href":"https:\/\/life4padel.com\/en\/wp-json\/wp\/v2\/product\/32586\/revisions"}],"predecessor-version":[{"id":32594,"href":"https:\/\/life4padel.com\/en\/wp-json\/wp\/v2\/product\/32586\/revisions\/32594"}],"wp:featuredmedia":[{"embeddable":true,"href":"https:\/\/life4padel.com\/en\/wp-json\/wp\/v2\/media\/32593"}],"wp:attachment":[{"href":"https:\/\/life4padel.com\/en\/wp-json\/wp\/v2\/media?parent=32586"}],"wp:term":[{"taxonomy":"product_brand","embeddable":true,"href":"https:\/\/life4padel.com\/en\/wp-json\/wp\/v2\/product_brand?post=32586"},{"taxonomy":"product_cat","embeddable":true,"href":"https:\/\/life4padel.com\/en\/wp-json\/wp\/v2\/product_cat?post=32586"},{"taxonomy":"product_tag","embeddable":true,"href":"https:\/\/life4padel.com\/en\/wp-json\/wp\/v2\/product_tag?post=32586"}],"curies":[{"name":"wp","href":"https:\/\/api.w.org\/{rel}","templated":true}]}}