{"id":32018,"date":"2026-03-26T15:59:24","date_gmt":"2026-03-26T14:59:24","guid":{"rendered":"https:\/\/dev.life4padel.com\/?post_type=product&#038;p=32018"},"modified":"2026-03-26T16:16:13","modified_gmt":"2026-03-26T15:16:13","slug":"adidas-multigame-sand-3-4-padel-taska","status":"publish","type":"product","link":"https:\/\/life4padel.com\/en\/product\/adidas-multigame-sand-3-4-padel-taska\/","title":{"rendered":"Adidas Multigame Sand 3.4 padel t\u00e1ska"},"content":{"rendered":"<h2 data-path-to-node=\"2\"><b data-path-to-node=\"2\" data-index-in-node=\"0\">Adidas Multigame Sand 3.4 padel t\u00e1ska \u2013 Maxim\u00e1lis v\u00e9delem \u00e9s hatalmas t\u00e1rhely<\/b><\/h2>\n<p data-path-to-node=\"3\">Az <b data-path-to-node=\"3\" data-index-in-node=\"3\">Adidas Multigame Sand 3.4 padel t\u00e1ska<\/b> a funkcionalit\u00e1s, a k\u00e9nyelem \u00e9s a modern diz\u00e1jn t\u00f6k\u00e9letes \u00f6tv\u00f6zete. Ide\u00e1lis v\u00e1laszt\u00e1s azon j\u00e1t\u00e9kosok sz\u00e1m\u00e1ra, akiknek fontos a rendszerezetts\u00e9g \u00e9s a felszerel\u00e9s\u00fck professzion\u00e1lis v\u00e9delme minden edz\u00e9s \u00e9s m\u00e9rk\u0151z\u00e9s sor\u00e1n.<\/p>\n<h2 data-path-to-node=\"4\"><b data-path-to-node=\"4\" data-index-in-node=\"0\">Kialak\u00edt\u00e1s \u00e9s pr\u00e9mium funkci\u00f3k<\/b><\/h2>\n<p data-path-to-node=\"5\">A t\u00e1ska egyedi, fedeles (flap-style) nyit\u00e1si mechanizmussal rendelkezik, amely rendk\u00edv\u00fcl egyszer\u0171 hozz\u00e1f\u00e9r\u00e9st biztos\u00edt a t\u00e1gas k\u00f6zponti rekeszhez. Ez a r\u00e9sz t\u00f6k\u00e9letesen alkalmas a sportruh\u00e1zat \u00e9s az alapvet\u0151 kieg\u00e9sz\u00edt\u0151k biztons\u00e1gos \u00e9s \u00e1tl\u00e1that\u00f3 t\u00e1rol\u00e1s\u00e1ra.<\/p>\n<p data-path-to-node=\"6\">A t\u00e1ska k\u00e9t oldal\u00e1n <b data-path-to-node=\"6\" data-index-in-node=\"20\">h\u0151szigetelt (thermal) zsebek<\/b> kaptak helyet, amelyek egyenk\u00e9nt ak\u00e1r k\u00e9t \u00fct\u0151t is k\u00e9pesek befogadni. Ez a technol\u00f3gia megv\u00e9di az \u00fct\u0151ket a sz\u00e9ls\u0151s\u00e9ges h\u0151m\u00e9rs\u00e9klet-ingadoz\u00e1sokt\u00f3l, \u00edgy meg\u0151rizve azok \u00e9lettartam\u00e1t \u00e9s szerkezeti \u00e9ps\u00e9g\u00e9t.<\/p>\n<p data-path-to-node=\"7\">A t\u00e1ska alj\u00e1n egy <b data-path-to-node=\"7\" data-index-in-node=\"18\">szell\u0151z\u0151 mesh-rekesz<\/b> tal\u00e1lhat\u00f3, amely lehet\u0151v\u00e9 teszi a cip\u0151k elk\u00fcl\u00f6n\u00edt\u00e9s\u00e9t a t\u00f6bbi felszerel\u00e9st\u0151l, \u00edgy a t\u00e1ska bels\u0151 tartalma friss, tiszta \u00e9s szagmentes marad.<\/p>\n<h2 data-path-to-node=\"8\"><b data-path-to-node=\"8\" data-index-in-node=\"0\">Rendk\u00edv\u00fcli t\u00e1rol\u00f3kapacit\u00e1s<\/b><\/h2>\n<p data-path-to-node=\"9\">Az Adidas Multigame Sand 3.4 sz\u00e1mos extra t\u00e1rol\u00e1si lehet\u0151s\u00e9get k\u00edn\u00e1l az apr\u00f3s\u00e1gok sz\u00e1m\u00e1ra:<\/p>\n<ul data-path-to-node=\"10\">\n<li>\n<p data-path-to-node=\"10,0,0\">K\u00e9t keskeny oldals\u00f3 zseb a kieg\u00e9sz\u00edt\u0151knek.<\/p>\n<\/li>\n<li>\n<p data-path-to-node=\"10,1,0\">Egy fels\u0151 zseb a gyors el\u00e9r\u00e9shez.<\/p>\n<\/li>\n<li>\n<p data-path-to-node=\"10,2,0\">Egy bels\u0151 extra zseb a f\u0151rekeszben. Ezek a rekeszek ide\u00e1lisak az olyan szem\u00e9lyes t\u00e1rgyak biztons\u00e1gos elhelyez\u00e9s\u00e9re, mint a kulcsok, a p\u00e9nzt\u00e1rca vagy a telefon.<\/p>\n<\/li>\n<\/ul>\n<h2 data-path-to-node=\"11\"><b data-path-to-node=\"11\" data-index-in-node=\"0\">K\u00e9nyelem \u00e9s fenntarthat\u00f3s\u00e1g<\/b><\/h2>\n<p data-path-to-node=\"12\">A t\u00e1ska p\u00e1rn\u00e1zott, l\u00e9g\u00e1tereszt\u0151 h\u00e1l\u00f3s p\u00e1ntokkal \u00e9s \u00e1ll\u00edthat\u00f3 foganty\u00fakkal k\u00e9sz\u00fclt, \u00edgy k\u00e9nyelmesen hordhat\u00f3 <b data-path-to-node=\"12\" data-index-in-node=\"108\">h\u00e1tizs\u00e1kk\u00e9nt<\/b> vagy k\u00e9zit\u00e1skak\u00e9nt is. A gy\u00e1rt\u00e1s sor\u00e1n felhaszn\u00e1lt PES \u00e9s <b data-path-to-node=\"12\" data-index-in-node=\"179\">\u00fajrahasznos\u00edtott poli\u00e9szter<\/b> nemcsak tart\u00f3ss\u00e1 \u00e9s ellen\u00e1ll\u00f3v\u00e1 teszi a term\u00e9ket, hanem t\u00fckr\u00f6zi az Adidas k\u00f6rnyezettudatoss\u00e1g \u00e9s fenntarthat\u00f3s\u00e1g ir\u00e1nti elk\u00f6telezetts\u00e9g\u00e9t is.<\/p>\n<h2 data-path-to-node=\"13\"><b data-path-to-node=\"13\" data-index-in-node=\"0\">M\u0171szaki adatok<\/b><\/h2>\n<ul data-path-to-node=\"14\">\n<li>\n<p data-path-to-node=\"14,0,0\"><b data-path-to-node=\"14,0,0\" data-index-in-node=\"0\">Kapacit\u00e1s:<\/b> 58 liter<\/p>\n<\/li>\n<li>\n<p data-path-to-node=\"14,1,0\"><b data-path-to-node=\"14,1,0\" data-index-in-node=\"0\">M\u00e9retek:<\/b> 56 x 35 x 29 cm<\/p>\n<\/li>\n<\/ul>\n<p data-path-to-node=\"15\">Az <b data-path-to-node=\"15\" data-index-in-node=\"3\">Adidas Multigame Sand 3.4 padel t\u00e1ska<\/b> a v\u00e9gs\u0151 megold\u00e1s azoknak a sportol\u00f3n\u0151knek, akik st\u00edlusos, funkcion\u00e1lis \u00e9s k\u00f6rnyezetbar\u00e1t kieg\u00e9sz\u00edt\u0151t keresnek, amely maxim\u00e1lis v\u00e9delmet ny\u00fajt f\u00e9ltett felszerel\u00e9s\u00fcknek.<\/p>","protected":false},"excerpt":{"rendered":"<p><b class=\"\" data-path-to-node=\"6,0,0\" data-index-in-node=\"0\">H\u0151szigetelt \u00fct\u0151rekeszek:<\/b><span class=\"\"> K\u00e9t oldals\u00f3 Thermo-zseb v\u00e9di az \u00fct\u0151ket a sz\u00e9ls\u0151s\u00e9ges h\u0151m\u00e9rs\u00e9klett\u0151l.<\/span><\/p>","protected":false},"featured_media":32036,"template":"","meta":[],"product_brand":[84],"product_cat":[252,251],"product_tag":[],"class_list":{"0":"post-32018","1":"product","2":"type-product","3":"status-publish","4":"has-post-thumbnail","6":"product_brand-adidas","7":"product_cat-adidas-padel-bags","8":"product_cat-padel-taskak","10":"first","11":"instock","12":"sale","13":"shipping-taxable","14":"purchasable","15":"product-type-simple"},"yoast_head":"<!-- This site is optimized with the Yoast SEO plugin v27.4 - https:\/\/yoast.com\/product\/yoast-seo-wordpress\/ -->\n<title>Adidas Multigame Sand 3.4 padel t\u00e1ska - Life4Padel<\/title>\n<meta name=\"robots\" content=\"index, follow, max-snippet:-1, max-image-preview:large, max-video-preview:-1\" \/>\n<link rel=\"canonical\" href=\"https:\/\/life4padel.com\/en\/product\/adidas-multigame-sand-3-4-padel-taska\/\" \/>\n<meta property=\"og:locale\" content=\"en_GB\" \/>\n<meta property=\"og:type\" content=\"article\" \/>\n<meta property=\"og:title\" content=\"Adidas Multigame Sand 3.4 padel t\u00e1ska - Life4Padel\" \/>\n<meta property=\"og:description\" content=\"H\u0151szigetelt \u00fct\u0151rekeszek: K\u00e9t oldals\u00f3 Thermo-zseb v\u00e9di az \u00fct\u0151ket a sz\u00e9ls\u0151s\u00e9ges h\u0151m\u00e9rs\u00e9klett\u0151l.\" \/>\n<meta property=\"og:url\" content=\"https:\/\/life4padel.com\/en\/product\/adidas-multigame-sand-3-4-padel-taska\/\" \/>\n<meta property=\"og:site_name\" content=\"Life4Padel\" \/>\n<meta property=\"article:modified_time\" content=\"2026-03-26T15:16:13+00:00\" \/>\n<meta property=\"og:image\" content=\"https:\/\/life4padel.com\/wp-content\/uploads\/2026\/03\/113729-paletero-adidas-multigame-sand-3-4-ab1pa1u591500x1500-1-460x460-1.webp\" \/>\n\t<meta property=\"og:image:width\" content=\"460\" \/>\n\t<meta property=\"og:image:height\" content=\"460\" \/>\n\t<meta property=\"og:image:type\" content=\"image\/webp\" \/>\n<meta name=\"twitter:card\" content=\"summary_large_image\" \/>\n<meta name=\"twitter:label1\" content=\"Estimated reading time\" \/>\n\t<meta name=\"twitter:data1\" content=\"2 minutes\" \/>\n<script type=\"application\/ld+json\" class=\"yoast-schema-graph\">{\"@context\":\"https:\\\/\\\/schema.org\",\"@graph\":[{\"@type\":\"WebPage\",\"@id\":\"https:\\\/\\\/life4padel.com\\\/termek\\\/adidas-multigame-sand-3-4-padel-taska\\\/\",\"url\":\"https:\\\/\\\/life4padel.com\\\/termek\\\/adidas-multigame-sand-3-4-padel-taska\\\/\",\"name\":\"Adidas Multigame Sand 3.4 padel t\u00e1ska - Life4Padel\",\"isPartOf\":{\"@id\":\"https:\\\/\\\/life4padel.com\\\/#website\"},\"primaryImageOfPage\":{\"@id\":\"https:\\\/\\\/life4padel.com\\\/termek\\\/adidas-multigame-sand-3-4-padel-taska\\\/#primaryimage\"},\"image\":{\"@id\":\"https:\\\/\\\/life4padel.com\\\/termek\\\/adidas-multigame-sand-3-4-padel-taska\\\/#primaryimage\"},\"thumbnailUrl\":\"https:\\\/\\\/life4padel.com\\\/wp-content\\\/uploads\\\/2026\\\/03\\\/113729-paletero-adidas-multigame-sand-3-4-ab1pa1u591500x1500-1-460x460-1.webp\",\"datePublished\":\"2026-03-26T14:59:24+00:00\",\"dateModified\":\"2026-03-26T15:16:13+00:00\",\"breadcrumb\":{\"@id\":\"https:\\\/\\\/life4padel.com\\\/termek\\\/adidas-multigame-sand-3-4-padel-taska\\\/#breadcrumb\"},\"inLanguage\":\"en-GB\",\"potentialAction\":[{\"@type\":\"ReadAction\",\"target\":[\"https:\\\/\\\/life4padel.com\\\/termek\\\/adidas-multigame-sand-3-4-padel-taska\\\/\"]}]},{\"@type\":\"ImageObject\",\"inLanguage\":\"en-GB\",\"@id\":\"https:\\\/\\\/life4padel.com\\\/termek\\\/adidas-multigame-sand-3-4-padel-taska\\\/#primaryimage\",\"url\":\"https:\\\/\\\/life4padel.com\\\/wp-content\\\/uploads\\\/2026\\\/03\\\/113729-paletero-adidas-multigame-sand-3-4-ab1pa1u591500x1500-1-460x460-1.webp\",\"contentUrl\":\"https:\\\/\\\/life4padel.com\\\/wp-content\\\/uploads\\\/2026\\\/03\\\/113729-paletero-adidas-multigame-sand-3-4-ab1pa1u591500x1500-1-460x460-1.webp\",\"width\":460,\"height\":460},{\"@type\":\"BreadcrumbList\",\"@id\":\"https:\\\/\\\/life4padel.com\\\/termek\\\/adidas-multigame-sand-3-4-padel-taska\\\/#breadcrumb\",\"itemListElement\":[{\"@type\":\"ListItem\",\"position\":1,\"name\":\"Kezd\u0151lap\",\"item\":\"https:\\\/\\\/life4padel.com\\\/\"},{\"@type\":\"ListItem\",\"position\":2,\"name\":\"Bolt\",\"item\":\"https:\\\/\\\/life4padel.com\\\/bolt\\\/\"},{\"@type\":\"ListItem\",\"position\":3,\"name\":\"Adidas Multigame Sand 3.4 padel t\u00e1ska\"}]},{\"@type\":\"WebSite\",\"@id\":\"https:\\\/\\\/life4padel.com\\\/#website\",\"url\":\"https:\\\/\\\/life4padel.com\\\/\",\"name\":\"Life4Padel\",\"description\":\"\",\"publisher\":{\"@id\":\"https:\\\/\\\/life4padel.com\\\/#\\\/schema\\\/person\\\/8e2b3df012327b0109bf4328db045abc\"},\"potentialAction\":[{\"@type\":\"SearchAction\",\"target\":{\"@type\":\"EntryPoint\",\"urlTemplate\":\"https:\\\/\\\/life4padel.com\\\/?s={search_term_string}\"},\"query-input\":{\"@type\":\"PropertyValueSpecification\",\"valueRequired\":true,\"valueName\":\"search_term_string\"}}],\"inLanguage\":\"en-GB\"},{\"@type\":[\"Person\",\"Organization\"],\"@id\":\"https:\\\/\\\/life4padel.com\\\/#\\\/schema\\\/person\\\/8e2b3df012327b0109bf4328db045abc\",\"name\":\"patrik.galla\",\"image\":{\"@type\":\"ImageObject\",\"inLanguage\":\"en-GB\",\"@id\":\"https:\\\/\\\/dev.life4padel.com\\\/wp-content\\\/uploads\\\/2026\\\/03\\\/logo-09-1-scaled.png\",\"url\":\"https:\\\/\\\/dev.life4padel.com\\\/wp-content\\\/uploads\\\/2026\\\/03\\\/logo-09-1-scaled.png\",\"contentUrl\":\"https:\\\/\\\/dev.life4padel.com\\\/wp-content\\\/uploads\\\/2026\\\/03\\\/logo-09-1-scaled.png\",\"width\":2560,\"height\":705,\"caption\":\"patrik.galla\"},\"logo\":{\"@id\":\"https:\\\/\\\/dev.life4padel.com\\\/wp-content\\\/uploads\\\/2026\\\/03\\\/logo-09-1-scaled.png\"}}]}<\/script>\n<!-- \/ Yoast SEO plugin. -->","yoast_head_json":{"title":"Adidas Multigame Sand 3.4 padel t\u00e1ska - Life4Padel","robots":{"index":"index","follow":"follow","max-snippet":"max-snippet:-1","max-image-preview":"max-image-preview:large","max-video-preview":"max-video-preview:-1"},"canonical":"https:\/\/life4padel.com\/en\/product\/adidas-multigame-sand-3-4-padel-taska\/","og_locale":"en_GB","og_type":"article","og_title":"Adidas Multigame Sand 3.4 padel t\u00e1ska - Life4Padel","og_description":"H\u0151szigetelt \u00fct\u0151rekeszek: K\u00e9t oldals\u00f3 Thermo-zseb v\u00e9di az \u00fct\u0151ket a sz\u00e9ls\u0151s\u00e9ges h\u0151m\u00e9rs\u00e9klett\u0151l.","og_url":"https:\/\/life4padel.com\/en\/product\/adidas-multigame-sand-3-4-padel-taska\/","og_site_name":"Life4Padel","article_modified_time":"2026-03-26T15:16:13+00:00","og_image":[{"width":460,"height":460,"url":"https:\/\/life4padel.com\/wp-content\/uploads\/2026\/03\/113729-paletero-adidas-multigame-sand-3-4-ab1pa1u591500x1500-1-460x460-1.webp","type":"image\/webp"}],"twitter_card":"summary_large_image","twitter_misc":{"Estimated reading time":"2 minutes"},"schema":{"@context":"https:\/\/schema.org","@graph":[{"@type":"WebPage","@id":"https:\/\/life4padel.com\/termek\/adidas-multigame-sand-3-4-padel-taska\/","url":"https:\/\/life4padel.com\/termek\/adidas-multigame-sand-3-4-padel-taska\/","name":"Adidas Multigame Sand 3.4 padel t\u00e1ska - Life4Padel","isPartOf":{"@id":"https:\/\/life4padel.com\/#website"},"primaryImageOfPage":{"@id":"https:\/\/life4padel.com\/termek\/adidas-multigame-sand-3-4-padel-taska\/#primaryimage"},"image":{"@id":"https:\/\/life4padel.com\/termek\/adidas-multigame-sand-3-4-padel-taska\/#primaryimage"},"thumbnailUrl":"https:\/\/life4padel.com\/wp-content\/uploads\/2026\/03\/113729-paletero-adidas-multigame-sand-3-4-ab1pa1u591500x1500-1-460x460-1.webp","datePublished":"2026-03-26T14:59:24+00:00","dateModified":"2026-03-26T15:16:13+00:00","breadcrumb":{"@id":"https:\/\/life4padel.com\/termek\/adidas-multigame-sand-3-4-padel-taska\/#breadcrumb"},"inLanguage":"en-GB","potentialAction":[{"@type":"ReadAction","target":["https:\/\/life4padel.com\/termek\/adidas-multigame-sand-3-4-padel-taska\/"]}]},{"@type":"ImageObject","inLanguage":"en-GB","@id":"https:\/\/life4padel.com\/termek\/adidas-multigame-sand-3-4-padel-taska\/#primaryimage","url":"https:\/\/life4padel.com\/wp-content\/uploads\/2026\/03\/113729-paletero-adidas-multigame-sand-3-4-ab1pa1u591500x1500-1-460x460-1.webp","contentUrl":"https:\/\/life4padel.com\/wp-content\/uploads\/2026\/03\/113729-paletero-adidas-multigame-sand-3-4-ab1pa1u591500x1500-1-460x460-1.webp","width":460,"height":460},{"@type":"BreadcrumbList","@id":"https:\/\/life4padel.com\/termek\/adidas-multigame-sand-3-4-padel-taska\/#breadcrumb","itemListElement":[{"@type":"ListItem","position":1,"name":"Kezd\u0151lap","item":"https:\/\/life4padel.com\/"},{"@type":"ListItem","position":2,"name":"Bolt","item":"https:\/\/life4padel.com\/bolt\/"},{"@type":"ListItem","position":3,"name":"Adidas Multigame Sand 3.4 padel t\u00e1ska"}]},{"@type":"WebSite","@id":"https:\/\/life4padel.com\/#website","url":"https:\/\/life4padel.com\/","name":"Life4Padel","description":"","publisher":{"@id":"https:\/\/life4padel.com\/#\/schema\/person\/8e2b3df012327b0109bf4328db045abc"},"potentialAction":[{"@type":"SearchAction","target":{"@type":"EntryPoint","urlTemplate":"https:\/\/life4padel.com\/?s={search_term_string}"},"query-input":{"@type":"PropertyValueSpecification","valueRequired":true,"valueName":"search_term_string"}}],"inLanguage":"en-GB"},{"@type":["Person","Organization"],"@id":"https:\/\/life4padel.com\/#\/schema\/person\/8e2b3df012327b0109bf4328db045abc","name":"patrik.galla","image":{"@type":"ImageObject","inLanguage":"en-GB","@id":"https:\/\/dev.life4padel.com\/wp-content\/uploads\/2026\/03\/logo-09-1-scaled.png","url":"https:\/\/dev.life4padel.com\/wp-content\/uploads\/2026\/03\/logo-09-1-scaled.png","contentUrl":"https:\/\/dev.life4padel.com\/wp-content\/uploads\/2026\/03\/logo-09-1-scaled.png","width":2560,"height":705,"caption":"patrik.galla"},"logo":{"@id":"https:\/\/dev.life4padel.com\/wp-content\/uploads\/2026\/03\/logo-09-1-scaled.png"}}]}},"jetpack_sharing_enabled":true,"_links":{"self":[{"href":"https:\/\/life4padel.com\/en\/wp-json\/wp\/v2\/product\/32018","targetHints":{"allow":["GET"]}}],"collection":[{"href":"https:\/\/life4padel.com\/en\/wp-json\/wp\/v2\/product"}],"about":[{"href":"https:\/\/life4padel.com\/en\/wp-json\/wp\/v2\/types\/product"}],"version-history":[{"count":3,"href":"https:\/\/life4padel.com\/en\/wp-json\/wp\/v2\/product\/32018\/revisions"}],"predecessor-version":[{"id":32044,"href":"https:\/\/life4padel.com\/en\/wp-json\/wp\/v2\/product\/32018\/revisions\/32044"}],"wp:featuredmedia":[{"embeddable":true,"href":"https:\/\/life4padel.com\/en\/wp-json\/wp\/v2\/media\/32036"}],"wp:attachment":[{"href":"https:\/\/life4padel.com\/en\/wp-json\/wp\/v2\/media?parent=32018"}],"wp:term":[{"taxonomy":"product_brand","embeddable":true,"href":"https:\/\/life4padel.com\/en\/wp-json\/wp\/v2\/product_brand?post=32018"},{"taxonomy":"product_cat","embeddable":true,"href":"https:\/\/life4padel.com\/en\/wp-json\/wp\/v2\/product_cat?post=32018"},{"taxonomy":"product_tag","embeddable":true,"href":"https:\/\/life4padel.com\/en\/wp-json\/wp\/v2\/product_tag?post=32018"}],"curies":[{"name":"wp","href":"https:\/\/api.w.org\/{rel}","templated":true}]}}