{"id":31444,"date":"2026-03-21T23:04:29","date_gmt":"2026-03-21T22:04:29","guid":{"rendered":"https:\/\/dev.life4padel.com\/?post_type=product&#038;p=31444"},"modified":"2026-04-02T19:48:44","modified_gmt":"2026-04-02T17:48:44","slug":"adidas-club-graphic-feher-padel-polo-2026","status":"publish","type":"product","link":"https:\/\/life4padel.com\/en\/product\/adidas-club-graphic-feher-padel-polo-2026\/","title":{"rendered":"Adidas Club Graphic feh\u00e9r padel p\u00f3l\u00f3 2026"},"content":{"rendered":"<p data-path-to-node=\"0\">Own the court in the adidas Club Graphics White Tee. Designed for athletes who demand comfort and agility, this shirt helps you reach peak performance from the first serve to the final point.<\/p>\n<h3 data-path-to-node=\"1\">Why You\u2019ll Love It:<\/h3>\n<ul data-path-to-node=\"2\">\n<li>\n<p data-path-to-node=\"2,0,0\"><b data-path-to-node=\"2,0,0\" data-index-in-node=\"0\">Stay Dry:<\/b> Advanced AEROREADY fabric wicks sweat away for a fresh, dry feel.<\/p>\n<\/li>\n<li>\n<p data-path-to-node=\"2,1,0\"><b data-path-to-node=\"2,1,0\" data-index-in-node=\"0\">Unlimited Movement:<\/b> Designed with a special underarm gusset to provide a full range of motion during overhead shots.<\/p>\n<\/li>\n<li>\n<p data-path-to-node=\"2,2,0\"><b data-path-to-node=\"2,2,0\" data-index-in-node=\"0\">Eco-Friendly:<\/b> Made from 100% recycled materials to reduce environmental impact.<\/p>\n<\/li>\n<li>\n<p data-path-to-node=\"2,3,0\"><b data-path-to-node=\"2,3,0\" data-index-in-node=\"0\">Breathable Fit:<\/b> Lightweight, breathable mesh panels enhance ventilation where you need it most.<\/p>\n<\/li>\n<\/ul>","protected":false},"excerpt":{"rendered":"<p><span dir=\"auto\" style=\"vertical-align: inherit;\"><span dir=\"auto\" style=\"vertical-align: inherit;\">Az <\/span><\/span><b data-path-to-node=\"11\" data-index-in-node=\"4\"><span dir=\"auto\" style=\"vertical-align: inherit;\"><span dir=\"auto\" style=\"vertical-align: inherit;\">adidas Club Graphics White<\/span><\/span><\/b><span dir=\"auto\" style=\"vertical-align: inherit;\"><span dir=\"auto\" style=\"vertical-align: inherit;\"> p\u00f3l\u00f3 a padel p\u00e1ly\u00e1n val\u00f3 teljes\u00edtm\u00e9nyre \u00e9s st\u00edlusra k\u00e9sz\u00fclt. <\/span><\/span><b data-path-to-node=\"11\" data-index-in-node=\"104\"><span dir=\"auto\" style=\"vertical-align: inherit;\"><span dir=\"auto\" style=\"vertical-align: inherit;\">Az AEROREADY<\/span><\/span><\/b><span dir=\"auto\" style=\"vertical-align: inherit;\"><span dir=\"auto\" style=\"vertical-align: inherit;\"> nedvess\u00e9gelvezet\u0151 technol\u00f3gi\u00e1nak \u00e9s dinamikus grafikai kialak\u00edt\u00e1snak k\u00f6sz\u00f6nhet\u0151en sz\u00e1razon maradsz \u00e9s koncentr\u00e1lt maradsz a nagy intenzit\u00e1s\u00fa m\u00e9rk\u0151z\u00e9sek sor\u00e1n.<\/span><\/span><\/p>","protected":false},"featured_media":31623,"template":"","meta":[],"product_brand":[84],"product_cat":[263,262],"product_tag":[],"class_list":{"0":"post-31444","1":"product","2":"type-product","3":"status-publish","4":"has-post-thumbnail","6":"product_brand-adidas","7":"product_cat-adidas-padel-clothes","8":"product_cat-padel-ruhazat","10":"first","11":"outofstock","12":"shipping-taxable","13":"purchasable","14":"product-type-variable"},"yoast_head":"<!-- This site is optimized with the Yoast SEO plugin v27.4 - https:\/\/yoast.com\/product\/yoast-seo-wordpress\/ -->\n<title>ADIDAS Club Graph T-shirt White - Breathable Padel Apparel<\/title>\n<meta name=\"description\" content=\"ADIDAS Club Graph T-shirt White. AeroReady technology and breathable mesh for peak performance on the padel court. Shop ADIDAS at Life4Padel!\" \/>\n<meta name=\"robots\" content=\"index, follow, max-snippet:-1, max-image-preview:large, max-video-preview:-1\" \/>\n<link rel=\"canonical\" href=\"https:\/\/life4padel.com\/en\/product\/adidas-club-graphic-feher-padel-polo-2026\/\" \/>\n<meta property=\"og:locale\" content=\"en_GB\" \/>\n<meta property=\"og:type\" content=\"article\" \/>\n<meta property=\"og:title\" content=\"ADIDAS Club Graph T-shirt White - Breathable Padel Apparel\" \/>\n<meta property=\"og:description\" content=\"ADIDAS Club Graph T-shirt White. AeroReady technology and breathable mesh for peak performance on the padel court. Shop ADIDAS at Life4Padel!\" \/>\n<meta property=\"og:url\" content=\"https:\/\/life4padel.com\/en\/product\/adidas-club-graphic-feher-padel-polo-2026\/\" \/>\n<meta property=\"og:site_name\" content=\"Life4Padel\" \/>\n<meta property=\"article:modified_time\" content=\"2026-04-02T17:48:44+00:00\" \/>\n<meta property=\"og:image\" content=\"https:\/\/life4padel.com\/wp-content\/uploads\/2026\/03\/Camiseta-Adidas-Club-Blanca-2025.webp\" \/>\n\t<meta property=\"og:image:width\" content=\"800\" \/>\n\t<meta property=\"og:image:height\" content=\"800\" \/>\n\t<meta property=\"og:image:type\" content=\"image\/webp\" \/>\n<meta name=\"twitter:card\" content=\"summary_large_image\" \/>\n<meta name=\"twitter:label1\" content=\"Estimated reading time\" \/>\n\t<meta name=\"twitter:data1\" content=\"1 minute\" \/>\n<script type=\"application\/ld+json\" class=\"yoast-schema-graph\">{\"@context\":\"https:\\\/\\\/schema.org\",\"@graph\":[{\"@type\":\"WebPage\",\"@id\":\"https:\\\/\\\/life4padel.com\\\/termek\\\/adidas-club-graphic-feher-padel-polo-2026\\\/\",\"url\":\"https:\\\/\\\/life4padel.com\\\/termek\\\/adidas-club-graphic-feher-padel-polo-2026\\\/\",\"name\":\"ADIDAS Club Graph T-shirt White - Breathable Padel Apparel\",\"isPartOf\":{\"@id\":\"https:\\\/\\\/life4padel.com\\\/#website\"},\"primaryImageOfPage\":{\"@id\":\"https:\\\/\\\/life4padel.com\\\/termek\\\/adidas-club-graphic-feher-padel-polo-2026\\\/#primaryimage\"},\"image\":{\"@id\":\"https:\\\/\\\/life4padel.com\\\/termek\\\/adidas-club-graphic-feher-padel-polo-2026\\\/#primaryimage\"},\"thumbnailUrl\":\"https:\\\/\\\/life4padel.com\\\/wp-content\\\/uploads\\\/2026\\\/03\\\/Camiseta-Adidas-Club-Blanca-2025.webp\",\"datePublished\":\"2026-03-21T22:04:29+00:00\",\"dateModified\":\"2026-04-02T17:48:44+00:00\",\"description\":\"ADIDAS Club Graph T-shirt White. AeroReady technology and breathable mesh for peak performance on the padel court. Shop ADIDAS at Life4Padel!\",\"breadcrumb\":{\"@id\":\"https:\\\/\\\/life4padel.com\\\/termek\\\/adidas-club-graphic-feher-padel-polo-2026\\\/#breadcrumb\"},\"inLanguage\":\"en-GB\",\"potentialAction\":[{\"@type\":\"ReadAction\",\"target\":[\"https:\\\/\\\/life4padel.com\\\/termek\\\/adidas-club-graphic-feher-padel-polo-2026\\\/\"]}]},{\"@type\":\"ImageObject\",\"inLanguage\":\"en-GB\",\"@id\":\"https:\\\/\\\/life4padel.com\\\/termek\\\/adidas-club-graphic-feher-padel-polo-2026\\\/#primaryimage\",\"url\":\"https:\\\/\\\/life4padel.com\\\/wp-content\\\/uploads\\\/2026\\\/03\\\/Camiseta-Adidas-Club-Blanca-2025.webp\",\"contentUrl\":\"https:\\\/\\\/life4padel.com\\\/wp-content\\\/uploads\\\/2026\\\/03\\\/Camiseta-Adidas-Club-Blanca-2025.webp\",\"width\":800,\"height\":800},{\"@type\":\"BreadcrumbList\",\"@id\":\"https:\\\/\\\/life4padel.com\\\/termek\\\/adidas-club-graphic-feher-padel-polo-2026\\\/#breadcrumb\",\"itemListElement\":[{\"@type\":\"ListItem\",\"position\":1,\"name\":\"Kezd\u0151lap\",\"item\":\"https:\\\/\\\/life4padel.com\\\/\"},{\"@type\":\"ListItem\",\"position\":2,\"name\":\"Bolt\",\"item\":\"https:\\\/\\\/life4padel.com\\\/bolt\\\/\"},{\"@type\":\"ListItem\",\"position\":3,\"name\":\"Adidas Club Graphic feh\u00e9r padel p\u00f3l\u00f3 2026\"}]},{\"@type\":\"WebSite\",\"@id\":\"https:\\\/\\\/life4padel.com\\\/#website\",\"url\":\"https:\\\/\\\/life4padel.com\\\/\",\"name\":\"Life4Padel\",\"description\":\"\",\"publisher\":{\"@id\":\"https:\\\/\\\/life4padel.com\\\/#\\\/schema\\\/person\\\/8e2b3df012327b0109bf4328db045abc\"},\"potentialAction\":[{\"@type\":\"SearchAction\",\"target\":{\"@type\":\"EntryPoint\",\"urlTemplate\":\"https:\\\/\\\/life4padel.com\\\/?s={search_term_string}\"},\"query-input\":{\"@type\":\"PropertyValueSpecification\",\"valueRequired\":true,\"valueName\":\"search_term_string\"}}],\"inLanguage\":\"en-GB\"},{\"@type\":[\"Person\",\"Organization\"],\"@id\":\"https:\\\/\\\/life4padel.com\\\/#\\\/schema\\\/person\\\/8e2b3df012327b0109bf4328db045abc\",\"name\":\"patrik.galla\",\"image\":{\"@type\":\"ImageObject\",\"inLanguage\":\"en-GB\",\"@id\":\"https:\\\/\\\/dev.life4padel.com\\\/wp-content\\\/uploads\\\/2026\\\/03\\\/logo-09-1-scaled.png\",\"url\":\"https:\\\/\\\/dev.life4padel.com\\\/wp-content\\\/uploads\\\/2026\\\/03\\\/logo-09-1-scaled.png\",\"contentUrl\":\"https:\\\/\\\/dev.life4padel.com\\\/wp-content\\\/uploads\\\/2026\\\/03\\\/logo-09-1-scaled.png\",\"width\":2560,\"height\":705,\"caption\":\"patrik.galla\"},\"logo\":{\"@id\":\"https:\\\/\\\/dev.life4padel.com\\\/wp-content\\\/uploads\\\/2026\\\/03\\\/logo-09-1-scaled.png\"}}]}<\/script>\n<!-- \/ Yoast SEO plugin. -->","yoast_head_json":{"title":"ADIDAS Club Graph T-shirt White - Breathable Padel Apparel","description":"ADIDAS Club Graph T-shirt White. AeroReady technology and breathable mesh for peak performance on the padel court. Shop ADIDAS at Life4Padel!","robots":{"index":"index","follow":"follow","max-snippet":"max-snippet:-1","max-image-preview":"max-image-preview:large","max-video-preview":"max-video-preview:-1"},"canonical":"https:\/\/life4padel.com\/en\/product\/adidas-club-graphic-feher-padel-polo-2026\/","og_locale":"en_GB","og_type":"article","og_title":"ADIDAS Club Graph T-shirt White - Breathable Padel Apparel","og_description":"ADIDAS Club Graph T-shirt White. AeroReady technology and breathable mesh for peak performance on the padel court. Shop ADIDAS at Life4Padel!","og_url":"https:\/\/life4padel.com\/en\/product\/adidas-club-graphic-feher-padel-polo-2026\/","og_site_name":"Life4Padel","article_modified_time":"2026-04-02T17:48:44+00:00","og_image":[{"width":800,"height":800,"url":"https:\/\/life4padel.com\/wp-content\/uploads\/2026\/03\/Camiseta-Adidas-Club-Blanca-2025.webp","type":"image\/webp"}],"twitter_card":"summary_large_image","twitter_misc":{"Estimated reading time":"1 minute"},"schema":{"@context":"https:\/\/schema.org","@graph":[{"@type":"WebPage","@id":"https:\/\/life4padel.com\/termek\/adidas-club-graphic-feher-padel-polo-2026\/","url":"https:\/\/life4padel.com\/termek\/adidas-club-graphic-feher-padel-polo-2026\/","name":"ADIDAS Club Graph T-shirt White - Breathable Padel Apparel","isPartOf":{"@id":"https:\/\/life4padel.com\/#website"},"primaryImageOfPage":{"@id":"https:\/\/life4padel.com\/termek\/adidas-club-graphic-feher-padel-polo-2026\/#primaryimage"},"image":{"@id":"https:\/\/life4padel.com\/termek\/adidas-club-graphic-feher-padel-polo-2026\/#primaryimage"},"thumbnailUrl":"https:\/\/life4padel.com\/wp-content\/uploads\/2026\/03\/Camiseta-Adidas-Club-Blanca-2025.webp","datePublished":"2026-03-21T22:04:29+00:00","dateModified":"2026-04-02T17:48:44+00:00","description":"ADIDAS Club Graph T-shirt White. AeroReady technology and breathable mesh for peak performance on the padel court. Shop ADIDAS at Life4Padel!","breadcrumb":{"@id":"https:\/\/life4padel.com\/termek\/adidas-club-graphic-feher-padel-polo-2026\/#breadcrumb"},"inLanguage":"en-GB","potentialAction":[{"@type":"ReadAction","target":["https:\/\/life4padel.com\/termek\/adidas-club-graphic-feher-padel-polo-2026\/"]}]},{"@type":"ImageObject","inLanguage":"en-GB","@id":"https:\/\/life4padel.com\/termek\/adidas-club-graphic-feher-padel-polo-2026\/#primaryimage","url":"https:\/\/life4padel.com\/wp-content\/uploads\/2026\/03\/Camiseta-Adidas-Club-Blanca-2025.webp","contentUrl":"https:\/\/life4padel.com\/wp-content\/uploads\/2026\/03\/Camiseta-Adidas-Club-Blanca-2025.webp","width":800,"height":800},{"@type":"BreadcrumbList","@id":"https:\/\/life4padel.com\/termek\/adidas-club-graphic-feher-padel-polo-2026\/#breadcrumb","itemListElement":[{"@type":"ListItem","position":1,"name":"Kezd\u0151lap","item":"https:\/\/life4padel.com\/"},{"@type":"ListItem","position":2,"name":"Bolt","item":"https:\/\/life4padel.com\/bolt\/"},{"@type":"ListItem","position":3,"name":"Adidas Club Graphic feh\u00e9r padel p\u00f3l\u00f3 2026"}]},{"@type":"WebSite","@id":"https:\/\/life4padel.com\/#website","url":"https:\/\/life4padel.com\/","name":"Life4Padel","description":"","publisher":{"@id":"https:\/\/life4padel.com\/#\/schema\/person\/8e2b3df012327b0109bf4328db045abc"},"potentialAction":[{"@type":"SearchAction","target":{"@type":"EntryPoint","urlTemplate":"https:\/\/life4padel.com\/?s={search_term_string}"},"query-input":{"@type":"PropertyValueSpecification","valueRequired":true,"valueName":"search_term_string"}}],"inLanguage":"en-GB"},{"@type":["Person","Organization"],"@id":"https:\/\/life4padel.com\/#\/schema\/person\/8e2b3df012327b0109bf4328db045abc","name":"patrik.galla","image":{"@type":"ImageObject","inLanguage":"en-GB","@id":"https:\/\/dev.life4padel.com\/wp-content\/uploads\/2026\/03\/logo-09-1-scaled.png","url":"https:\/\/dev.life4padel.com\/wp-content\/uploads\/2026\/03\/logo-09-1-scaled.png","contentUrl":"https:\/\/dev.life4padel.com\/wp-content\/uploads\/2026\/03\/logo-09-1-scaled.png","width":2560,"height":705,"caption":"patrik.galla"},"logo":{"@id":"https:\/\/dev.life4padel.com\/wp-content\/uploads\/2026\/03\/logo-09-1-scaled.png"}}]}},"jetpack_sharing_enabled":true,"_links":{"self":[{"href":"https:\/\/life4padel.com\/en\/wp-json\/wp\/v2\/product\/31444","targetHints":{"allow":["GET"]}}],"collection":[{"href":"https:\/\/life4padel.com\/en\/wp-json\/wp\/v2\/product"}],"about":[{"href":"https:\/\/life4padel.com\/en\/wp-json\/wp\/v2\/types\/product"}],"version-history":[{"count":2,"href":"https:\/\/life4padel.com\/en\/wp-json\/wp\/v2\/product\/31444\/revisions"}],"predecessor-version":[{"id":31833,"href":"https:\/\/life4padel.com\/en\/wp-json\/wp\/v2\/product\/31444\/revisions\/31833"}],"wp:featuredmedia":[{"embeddable":true,"href":"https:\/\/life4padel.com\/en\/wp-json\/wp\/v2\/media\/31623"}],"wp:attachment":[{"href":"https:\/\/life4padel.com\/en\/wp-json\/wp\/v2\/media?parent=31444"}],"wp:term":[{"taxonomy":"product_brand","embeddable":true,"href":"https:\/\/life4padel.com\/en\/wp-json\/wp\/v2\/product_brand?post=31444"},{"taxonomy":"product_cat","embeddable":true,"href":"https:\/\/life4padel.com\/en\/wp-json\/wp\/v2\/product_cat?post=31444"},{"taxonomy":"product_tag","embeddable":true,"href":"https:\/\/life4padel.com\/en\/wp-json\/wp\/v2\/product_tag?post=31444"}],"curies":[{"name":"wp","href":"https:\/\/api.w.org\/{rel}","templated":true}]}}