{"id":31329,"date":"2026-03-21T23:01:44","date_gmt":"2026-03-21T22:01:44","guid":{"rendered":"https:\/\/dev.life4padel.com\/?post_type=product&#038;p=31329"},"modified":"2026-04-08T16:43:09","modified_gmt":"2026-04-08T14:43:09","slug":"bullpadel-vertex-05-geo-pablo-cardona-padel-uto","status":"publish","type":"product","link":"https:\/\/life4padel.com\/en\/product\/bullpadel-vertex-05-geo-pablo-cardona-padel-uto\/","title":{"rendered":"Bullpadel Vertex 05 GEO padel \u00fct\u0151 2026"},"content":{"rendered":"<h2 data-path-to-node=\"2\">Bullpadel Vertex 05 Geo \u2013 Pablo Cardona Hivatalos \u00dct\u0151je a T\u00e1mad\u00f3 J\u00e1t\u00e9kosoknak<\/h2>\n<p data-path-to-node=\"3\">A <b data-path-to-node=\"3\" data-index-in-node=\"2\">Bullpadel Vertex 05 Geo<\/b> a Vertex csal\u00e1d leg\u00fajabb gener\u00e1ci\u00f3ja, amely Pablo Cardona ir\u00e1ny\u00edt\u00e1s\u00e1val sz\u00fcletett \u00fajj\u00e1. Ez az \u00fct\u0151 \u00fajradefini\u00e1lja a robban\u00e9konys\u00e1got: az avantg\u00e1rd, geometrikus v\u00e1zszerkezet \u00e9s a technikai precizit\u00e1s \u00f6tv\u00f6z\u00e9s\u00e9vel a legig\u00e9nyesebb j\u00e1t\u00e9kosok sz\u00e1m\u00e1ra k\u00e9sz\u00fclt, akik az agressz\u00edv h\u00e1l\u00f3j\u00e1t\u00e9kot \u00e9s a kontroll\u00e1lt alapvonali \u00fct\u00e9seket kombin\u00e1lj\u00e1k.<\/p>\n<h2 data-path-to-node=\"4\">Geometrikus v\u00e1z a maxim\u00e1lis teljes\u00edtm\u00e9ny\u00e9rt<\/h2>\n<p data-path-to-node=\"5\">Az \u00fct\u0151 exkluz\u00edv <b data-path-to-node=\"5\" data-index-in-node=\"16\">Geometric Shape<\/b> kerete kisz\u00e9les\u00edti a tal\u00e1lati fel\u00fcletet a kritikus pontokon, \u00edgy n\u00f6velve a kil\u00f6v\u00e9si sz\u00f6get \u00e9s a le\u00fct\u00e9sek erej\u00e9t. A dupladiagon\u00e1lis h\u00edd \u00e9s az optimaliz\u00e1lt h\u00e1romsz\u00f6g-geometria egyenletesebb\u00e9 teszi az er\u0151eloszl\u00e1st, ami kiemelked\u0151 stabilit\u00e1st \u00e9s pontoss\u00e1got biztos\u00edt. A <b data-path-to-node=\"5\" data-index-in-node=\"298\">GS-022 3K<\/b> (sz\u00e9nsz\u00e1l \u00e9s ez\u00fcstsz\u00e1l) k\u00fcls\u0151 bor\u00edt\u00e1s \u00e9s a <b data-path-to-node=\"5\" data-index-in-node=\"351\">MultiEva<\/b> mag kett\u0151s s\u0171r\u0171s\u00e9ge garant\u00e1lja, hogy az \u00fct\u0151 minden helyzetben \u2013 legyen az v\u00e9dekez\u00e9s vagy t\u00e1mad\u00e1s \u2013 profi v\u00e1laszt adjon.<\/p>\n<h2 data-path-to-node=\"6\">Mi\u00e9rt v\u00e1laszd a Bullpadel Vertex 05 Geo-t?<\/h2>\n<ul data-path-to-node=\"7\">\n<li>\n<p data-path-to-node=\"7,0,0\"><b data-path-to-node=\"7,0,0\" data-index-in-node=\"0\">Pablo Cardona v\u00e1laszt\u00e1sa:<\/b> A felt\u00f6rekv\u0151 gener\u00e1ci\u00f3 legmodernebb technol\u00f3gi\u00e1j\u00fa \u00fct\u0151je.<\/p>\n<\/li>\n<li>\n<p data-path-to-node=\"7,1,0\"><b data-path-to-node=\"7,1,0\" data-index-in-node=\"0\">Geometrikus keret:<\/b> Megn\u00f6velt sweet spot \u00e9s stabilabb szerkezet a pontosabb \u00fct\u00e9sek\u00e9rt.<\/p>\n<\/li>\n<li>\n<p data-path-to-node=\"7,2,0\"><b data-path-to-node=\"7,2,0\" data-index-in-node=\"0\">GS-022 3K Carbon:<\/b> Maxim\u00e1lis ellen\u00e1ll\u00e1s \u00e9s hossz\u00fa \u00e9lettartam ez\u00fcstsz\u00e1las er\u0151s\u00edt\u00e9ssel.<\/p>\n<\/li>\n<li>\n<p data-path-to-node=\"7,3,0\"><b data-path-to-node=\"7,3,0\" data-index-in-node=\"0\">MultiEva mag:<\/b> Dinamikus alkalmazkod\u00e1s a labda sebess\u00e9g\u00e9hez a t\u00f6k\u00e9letes kontroll\u00e9rt.<\/p>\n<\/li>\n<\/ul>\n<p data-path-to-node=\"8\">A <b data-path-to-node=\"8\" data-index-in-node=\"2\">Life4Padel<\/b> elhozta neked a j\u00f6v\u0151 technol\u00f3gi\u00e1j\u00e1t. A Vertex 05 Geo-val az innov\u00e1ci\u00f3 \u00e9s a nyers er\u0151 tal\u00e1lkozik a kezedben, hogy minden meccsen te dikt\u00e1ld a felt\u00e9teleket!<\/p>","protected":false},"excerpt":{"rendered":"<p><span class=\"citation-130\">Ismerd meg a <\/span><b data-path-to-node=\"14\" data-index-in-node=\"13\"><span class=\"citation-130\">Bullpadel Vertex 05 Geo<\/span><\/b><span class=\"citation-130 citation-end-130\">-t: Pablo Cardona hivatalos \u00fct\u0151je, amely az \u00faj\u00edt\u00f3 geometrikus v\u00e1zszerkezettel \u00e9s a 3K sz\u00e9nsz\u00e1las technol\u00f3gi\u00e1val maximaliz\u00e1lja a t\u00e1mad\u00f3er\u0151t.<\/span> <b data-path-to-node=\"14\" data-index-in-node=\"176\">Life4Padel<\/b> tipp: t\u00f6k\u00e9letes v\u00e1laszt\u00e1s halad\u00f3 j\u00e1t\u00e9kosoknak, akik stabilit\u00e1st \u00e9s robban\u00e9konys\u00e1got keresnek egyetlen futurisztikus designban.<\/p>","protected":false},"featured_media":31576,"template":"","meta":[],"product_brand":[85],"product_cat":[257],"product_tag":[],"class_list":{"0":"post-31329","1":"product","2":"type-product","3":"status-publish","4":"has-post-thumbnail","6":"product_brand-bullpadel","7":"product_cat-2026-padel-uto","9":"first","10":"instock","11":"featured","12":"shipping-taxable","13":"purchasable","14":"product-type-simple"},"yoast_head":"<!-- This site is optimized with the Yoast SEO plugin v27.4 - https:\/\/yoast.com\/product\/yoast-seo-wordpress\/ -->\n<title>Bullpadel Vertex 05 Geo \u2013 Pablo Cardona Padel \u00dct\u0151 | Life4Padel<\/title>\n<meta name=\"description\" content=\"V\u00e1laszd a Bullpadel leg\u00fajabb gener\u00e1ci\u00f3j\u00e1t! Vertex 05 Geo: geometrikus keret, 3K karbon \u00e9s extr\u00e9m stabilit\u00e1s Pablo Cardona st\u00edlus\u00e1ban a Life4Padeln\u00e9l.\" \/>\n<meta name=\"robots\" content=\"index, follow, max-snippet:-1, max-image-preview:large, max-video-preview:-1\" \/>\n<link rel=\"canonical\" href=\"https:\/\/life4padel.com\/en\/product\/bullpadel-vertex-05-geo-pablo-cardona-padel-uto\/\" \/>\n<meta property=\"og:locale\" content=\"en_GB\" \/>\n<meta property=\"og:type\" content=\"article\" \/>\n<meta property=\"og:title\" content=\"Bullpadel Vertex 05 Geo \u2013 Pablo Cardona Padel \u00dct\u0151 | Life4Padel\" \/>\n<meta property=\"og:description\" content=\"V\u00e1laszd a Bullpadel leg\u00fajabb gener\u00e1ci\u00f3j\u00e1t! Vertex 05 Geo: geometrikus keret, 3K karbon \u00e9s extr\u00e9m stabilit\u00e1s Pablo Cardona st\u00edlus\u00e1ban a Life4Padeln\u00e9l.\" \/>\n<meta property=\"og:url\" content=\"https:\/\/life4padel.com\/en\/product\/bullpadel-vertex-05-geo-pablo-cardona-padel-uto\/\" \/>\n<meta property=\"og:site_name\" content=\"Life4Padel\" \/>\n<meta property=\"article:modified_time\" content=\"2026-04-08T14:43:09+00:00\" \/>\n<meta property=\"og:image\" content=\"https:\/\/life4padel.com\/wp-content\/uploads\/2026\/03\/racket-bullpadel-vertex-05-geo.jpg\" \/>\n\t<meta property=\"og:image:width\" content=\"1000\" \/>\n\t<meta property=\"og:image:height\" content=\"1188\" \/>\n\t<meta property=\"og:image:type\" content=\"image\/jpeg\" \/>\n<meta name=\"twitter:card\" content=\"summary_large_image\" \/>\n<meta name=\"twitter:label1\" content=\"Estimated reading time\" \/>\n\t<meta name=\"twitter:data1\" content=\"2 minutes\" \/>\n<script type=\"application\/ld+json\" class=\"yoast-schema-graph\">{\"@context\":\"https:\\\/\\\/schema.org\",\"@graph\":[{\"@type\":\"WebPage\",\"@id\":\"https:\\\/\\\/life4padel.com\\\/termek\\\/bullpadel-vertex-05-geo-pablo-cardona-padel-uto\\\/\",\"url\":\"https:\\\/\\\/life4padel.com\\\/termek\\\/bullpadel-vertex-05-geo-pablo-cardona-padel-uto\\\/\",\"name\":\"Bullpadel Vertex 05 Geo \u2013 Pablo Cardona Padel \u00dct\u0151 | Life4Padel\",\"isPartOf\":{\"@id\":\"https:\\\/\\\/life4padel.com\\\/#website\"},\"primaryImageOfPage\":{\"@id\":\"https:\\\/\\\/life4padel.com\\\/termek\\\/bullpadel-vertex-05-geo-pablo-cardona-padel-uto\\\/#primaryimage\"},\"image\":{\"@id\":\"https:\\\/\\\/life4padel.com\\\/termek\\\/bullpadel-vertex-05-geo-pablo-cardona-padel-uto\\\/#primaryimage\"},\"thumbnailUrl\":\"https:\\\/\\\/life4padel.com\\\/wp-content\\\/uploads\\\/2026\\\/03\\\/racket-bullpadel-vertex-05-geo.jpg\",\"datePublished\":\"2026-03-21T22:01:44+00:00\",\"dateModified\":\"2026-04-08T14:43:09+00:00\",\"description\":\"V\u00e1laszd a Bullpadel leg\u00fajabb gener\u00e1ci\u00f3j\u00e1t! Vertex 05 Geo: geometrikus keret, 3K karbon \u00e9s extr\u00e9m stabilit\u00e1s Pablo Cardona st\u00edlus\u00e1ban a Life4Padeln\u00e9l.\",\"breadcrumb\":{\"@id\":\"https:\\\/\\\/life4padel.com\\\/termek\\\/bullpadel-vertex-05-geo-pablo-cardona-padel-uto\\\/#breadcrumb\"},\"inLanguage\":\"en-GB\",\"potentialAction\":[{\"@type\":\"ReadAction\",\"target\":[\"https:\\\/\\\/life4padel.com\\\/termek\\\/bullpadel-vertex-05-geo-pablo-cardona-padel-uto\\\/\"]}]},{\"@type\":\"ImageObject\",\"inLanguage\":\"en-GB\",\"@id\":\"https:\\\/\\\/life4padel.com\\\/termek\\\/bullpadel-vertex-05-geo-pablo-cardona-padel-uto\\\/#primaryimage\",\"url\":\"https:\\\/\\\/life4padel.com\\\/wp-content\\\/uploads\\\/2026\\\/03\\\/racket-bullpadel-vertex-05-geo.jpg\",\"contentUrl\":\"https:\\\/\\\/life4padel.com\\\/wp-content\\\/uploads\\\/2026\\\/03\\\/racket-bullpadel-vertex-05-geo.jpg\",\"width\":1000,\"height\":1188},{\"@type\":\"BreadcrumbList\",\"@id\":\"https:\\\/\\\/life4padel.com\\\/termek\\\/bullpadel-vertex-05-geo-pablo-cardona-padel-uto\\\/#breadcrumb\",\"itemListElement\":[{\"@type\":\"ListItem\",\"position\":1,\"name\":\"Kezd\u0151lap\",\"item\":\"https:\\\/\\\/life4padel.com\\\/\"},{\"@type\":\"ListItem\",\"position\":2,\"name\":\"Bolt\",\"item\":\"https:\\\/\\\/life4padel.com\\\/bolt\\\/\"},{\"@type\":\"ListItem\",\"position\":3,\"name\":\"Bullpadel Vertex 05 GEO padel \u00fct\u0151 2026\"}]},{\"@type\":\"WebSite\",\"@id\":\"https:\\\/\\\/life4padel.com\\\/#website\",\"url\":\"https:\\\/\\\/life4padel.com\\\/\",\"name\":\"Life4Padel\",\"description\":\"\",\"publisher\":{\"@id\":\"https:\\\/\\\/life4padel.com\\\/#\\\/schema\\\/person\\\/8e2b3df012327b0109bf4328db045abc\"},\"potentialAction\":[{\"@type\":\"SearchAction\",\"target\":{\"@type\":\"EntryPoint\",\"urlTemplate\":\"https:\\\/\\\/life4padel.com\\\/?s={search_term_string}\"},\"query-input\":{\"@type\":\"PropertyValueSpecification\",\"valueRequired\":true,\"valueName\":\"search_term_string\"}}],\"inLanguage\":\"en-GB\"},{\"@type\":[\"Person\",\"Organization\"],\"@id\":\"https:\\\/\\\/life4padel.com\\\/#\\\/schema\\\/person\\\/8e2b3df012327b0109bf4328db045abc\",\"name\":\"patrik.galla\",\"image\":{\"@type\":\"ImageObject\",\"inLanguage\":\"en-GB\",\"@id\":\"https:\\\/\\\/dev.life4padel.com\\\/wp-content\\\/uploads\\\/2026\\\/03\\\/logo-09-1-scaled.png\",\"url\":\"https:\\\/\\\/dev.life4padel.com\\\/wp-content\\\/uploads\\\/2026\\\/03\\\/logo-09-1-scaled.png\",\"contentUrl\":\"https:\\\/\\\/dev.life4padel.com\\\/wp-content\\\/uploads\\\/2026\\\/03\\\/logo-09-1-scaled.png\",\"width\":2560,\"height\":705,\"caption\":\"patrik.galla\"},\"logo\":{\"@id\":\"https:\\\/\\\/dev.life4padel.com\\\/wp-content\\\/uploads\\\/2026\\\/03\\\/logo-09-1-scaled.png\"}}]}<\/script>\n<!-- \/ Yoast SEO plugin. -->","yoast_head_json":{"title":"Bullpadel Vertex 05 Geo \u2013 Pablo Cardona Padel \u00dct\u0151 | Life4Padel","description":"V\u00e1laszd a Bullpadel leg\u00fajabb gener\u00e1ci\u00f3j\u00e1t! Vertex 05 Geo: geometrikus keret, 3K karbon \u00e9s extr\u00e9m stabilit\u00e1s Pablo Cardona st\u00edlus\u00e1ban a Life4Padeln\u00e9l.","robots":{"index":"index","follow":"follow","max-snippet":"max-snippet:-1","max-image-preview":"max-image-preview:large","max-video-preview":"max-video-preview:-1"},"canonical":"https:\/\/life4padel.com\/en\/product\/bullpadel-vertex-05-geo-pablo-cardona-padel-uto\/","og_locale":"en_GB","og_type":"article","og_title":"Bullpadel Vertex 05 Geo \u2013 Pablo Cardona Padel \u00dct\u0151 | Life4Padel","og_description":"V\u00e1laszd a Bullpadel leg\u00fajabb gener\u00e1ci\u00f3j\u00e1t! Vertex 05 Geo: geometrikus keret, 3K karbon \u00e9s extr\u00e9m stabilit\u00e1s Pablo Cardona st\u00edlus\u00e1ban a Life4Padeln\u00e9l.","og_url":"https:\/\/life4padel.com\/en\/product\/bullpadel-vertex-05-geo-pablo-cardona-padel-uto\/","og_site_name":"Life4Padel","article_modified_time":"2026-04-08T14:43:09+00:00","og_image":[{"width":1000,"height":1188,"url":"https:\/\/life4padel.com\/wp-content\/uploads\/2026\/03\/racket-bullpadel-vertex-05-geo.jpg","type":"image\/jpeg"}],"twitter_card":"summary_large_image","twitter_misc":{"Estimated reading time":"2 minutes"},"schema":{"@context":"https:\/\/schema.org","@graph":[{"@type":"WebPage","@id":"https:\/\/life4padel.com\/termek\/bullpadel-vertex-05-geo-pablo-cardona-padel-uto\/","url":"https:\/\/life4padel.com\/termek\/bullpadel-vertex-05-geo-pablo-cardona-padel-uto\/","name":"Bullpadel Vertex 05 Geo \u2013 Pablo Cardona Padel \u00dct\u0151 | Life4Padel","isPartOf":{"@id":"https:\/\/life4padel.com\/#website"},"primaryImageOfPage":{"@id":"https:\/\/life4padel.com\/termek\/bullpadel-vertex-05-geo-pablo-cardona-padel-uto\/#primaryimage"},"image":{"@id":"https:\/\/life4padel.com\/termek\/bullpadel-vertex-05-geo-pablo-cardona-padel-uto\/#primaryimage"},"thumbnailUrl":"https:\/\/life4padel.com\/wp-content\/uploads\/2026\/03\/racket-bullpadel-vertex-05-geo.jpg","datePublished":"2026-03-21T22:01:44+00:00","dateModified":"2026-04-08T14:43:09+00:00","description":"V\u00e1laszd a Bullpadel leg\u00fajabb gener\u00e1ci\u00f3j\u00e1t! Vertex 05 Geo: geometrikus keret, 3K karbon \u00e9s extr\u00e9m stabilit\u00e1s Pablo Cardona st\u00edlus\u00e1ban a Life4Padeln\u00e9l.","breadcrumb":{"@id":"https:\/\/life4padel.com\/termek\/bullpadel-vertex-05-geo-pablo-cardona-padel-uto\/#breadcrumb"},"inLanguage":"en-GB","potentialAction":[{"@type":"ReadAction","target":["https:\/\/life4padel.com\/termek\/bullpadel-vertex-05-geo-pablo-cardona-padel-uto\/"]}]},{"@type":"ImageObject","inLanguage":"en-GB","@id":"https:\/\/life4padel.com\/termek\/bullpadel-vertex-05-geo-pablo-cardona-padel-uto\/#primaryimage","url":"https:\/\/life4padel.com\/wp-content\/uploads\/2026\/03\/racket-bullpadel-vertex-05-geo.jpg","contentUrl":"https:\/\/life4padel.com\/wp-content\/uploads\/2026\/03\/racket-bullpadel-vertex-05-geo.jpg","width":1000,"height":1188},{"@type":"BreadcrumbList","@id":"https:\/\/life4padel.com\/termek\/bullpadel-vertex-05-geo-pablo-cardona-padel-uto\/#breadcrumb","itemListElement":[{"@type":"ListItem","position":1,"name":"Kezd\u0151lap","item":"https:\/\/life4padel.com\/"},{"@type":"ListItem","position":2,"name":"Bolt","item":"https:\/\/life4padel.com\/bolt\/"},{"@type":"ListItem","position":3,"name":"Bullpadel Vertex 05 GEO padel \u00fct\u0151 2026"}]},{"@type":"WebSite","@id":"https:\/\/life4padel.com\/#website","url":"https:\/\/life4padel.com\/","name":"Life4Padel","description":"","publisher":{"@id":"https:\/\/life4padel.com\/#\/schema\/person\/8e2b3df012327b0109bf4328db045abc"},"potentialAction":[{"@type":"SearchAction","target":{"@type":"EntryPoint","urlTemplate":"https:\/\/life4padel.com\/?s={search_term_string}"},"query-input":{"@type":"PropertyValueSpecification","valueRequired":true,"valueName":"search_term_string"}}],"inLanguage":"en-GB"},{"@type":["Person","Organization"],"@id":"https:\/\/life4padel.com\/#\/schema\/person\/8e2b3df012327b0109bf4328db045abc","name":"patrik.galla","image":{"@type":"ImageObject","inLanguage":"en-GB","@id":"https:\/\/dev.life4padel.com\/wp-content\/uploads\/2026\/03\/logo-09-1-scaled.png","url":"https:\/\/dev.life4padel.com\/wp-content\/uploads\/2026\/03\/logo-09-1-scaled.png","contentUrl":"https:\/\/dev.life4padel.com\/wp-content\/uploads\/2026\/03\/logo-09-1-scaled.png","width":2560,"height":705,"caption":"patrik.galla"},"logo":{"@id":"https:\/\/dev.life4padel.com\/wp-content\/uploads\/2026\/03\/logo-09-1-scaled.png"}}]}},"jetpack_sharing_enabled":true,"_links":{"self":[{"href":"https:\/\/life4padel.com\/en\/wp-json\/wp\/v2\/product\/31329","targetHints":{"allow":["GET"]}}],"collection":[{"href":"https:\/\/life4padel.com\/en\/wp-json\/wp\/v2\/product"}],"about":[{"href":"https:\/\/life4padel.com\/en\/wp-json\/wp\/v2\/types\/product"}],"version-history":[{"count":4,"href":"https:\/\/life4padel.com\/en\/wp-json\/wp\/v2\/product\/31329\/revisions"}],"predecessor-version":[{"id":31896,"href":"https:\/\/life4padel.com\/en\/wp-json\/wp\/v2\/product\/31329\/revisions\/31896"}],"wp:featuredmedia":[{"embeddable":true,"href":"https:\/\/life4padel.com\/en\/wp-json\/wp\/v2\/media\/31576"}],"wp:attachment":[{"href":"https:\/\/life4padel.com\/en\/wp-json\/wp\/v2\/media?parent=31329"}],"wp:term":[{"taxonomy":"product_brand","embeddable":true,"href":"https:\/\/life4padel.com\/en\/wp-json\/wp\/v2\/product_brand?post=31329"},{"taxonomy":"product_cat","embeddable":true,"href":"https:\/\/life4padel.com\/en\/wp-json\/wp\/v2\/product_cat?post=31329"},{"taxonomy":"product_tag","embeddable":true,"href":"https:\/\/life4padel.com\/en\/wp-json\/wp\/v2\/product_tag?post=31329"}],"curies":[{"name":"wp","href":"https:\/\/api.w.org\/{rel}","templated":true}]}}