{"id":31306,"date":"2026-03-21T23:01:07","date_gmt":"2026-03-21T22:01:07","guid":{"rendered":"https:\/\/dev.life4padel.com\/?post_type=product&#038;p=31306"},"modified":"2026-04-08T16:43:10","modified_gmt":"2026-04-08T14:43:10","slug":"bullpadel-vertex-05-padel-uto-2026","status":"publish","type":"product","link":"https:\/\/life4padel.com\/en\/product\/bullpadel-vertex-05-padel-uto-2026\/","title":{"rendered":"Bullpadel Vertex 05 padel \u00fct\u0151 2026"},"content":{"rendered":"<h2 data-path-to-node=\"2\">Bullpadel Vertex 05 \u2013 Juan Tello Hivatalos \u00dct\u0151je a Meg\u00e1ll\u00edthatatlan T\u00e1mad\u00f3j\u00e1t\u00e9khoz<\/h2>\n<p data-path-to-node=\"3\">A <b data-path-to-node=\"3\" data-index-in-node=\"2\">Bullpadel Vertex 05<\/b> Juan Tello v\u00e1laszt\u00e1sa az \u00faj szezonra, amely forradalmas\u00edtja az offenz\u00edv j\u00e1t\u00e9kot. Gy\u00e9m\u00e1nt alakja \u00e9s magas s\u00falypontja (high balance) t\u00f6k\u00e9letes sz\u00f6vets\u00e9gess\u00e9 teszi azokat a j\u00e1t\u00e9kosokat, akik maxim\u00e1lis er\u0151t keresnek a le\u00fct\u00e9sekn\u00e9l an\u00e9lk\u00fcl, hogy elvesz\u00edten\u00e9k a kontrollt az ir\u00e1ny\u00edt\u00e1s felett. Ebben a kiad\u00e1sban minden r\u00e9szletet t\u00f6k\u00e9letes\u00edtettek a m\u00e9g stabilabb \u00e9s prec\u00edzebb teljes\u00edtm\u00e9ny \u00e9rdek\u00e9ben.<\/p>\n<h2 data-path-to-node=\"4\">Innov\u00e1ci\u00f3 a v\u00e1zszerkezetben<\/h2>\n<p data-path-to-node=\"5\">A Vertex 05 titka az \u00fajratervezett, kett\u0151s diagon\u00e1lis h\u00eddban rejlik, amely az optimaliz\u00e1lt h\u00e1romsz\u00f6g-geometri\u00e1nak k\u00f6sz\u00f6nhet\u0151en jobb er\u0151eloszl\u00e1st tesz lehet\u0151v\u00e9. Ez a technol\u00f3giai friss\u00edt\u00e9s kiemelked\u0151 stabilit\u00e1st ad, \u00edgy magabiztosabban domin\u00e1lhatsz a h\u00e1l\u00f3n\u00e1l \u00e9s hajsz\u00e1lpontos \u00fct\u00e9seket ind\u00edthatsz az alapvonalr\u00f3l is. A <b data-path-to-node=\"5\" data-index-in-node=\"317\">12K Real Carbon<\/b> bor\u00edt\u00e1s \u00e9s a <b data-path-to-node=\"5\" data-index-in-node=\"346\">MultiEva<\/b> mag kombin\u00e1ci\u00f3ja garant\u00e1lja a merevs\u00e9get \u00e9s a dinamikus v\u00e1laszreakci\u00f3t minden labdamenetben.<\/p>\n<h2 data-path-to-node=\"6\">Mi\u00e9rt v\u00e1laszd a Bullpadel Vertex 05-\u00f6t?<\/h2>\n<ul data-path-to-node=\"7\">\n<li>\n<p data-path-to-node=\"7,0,0\"><b data-path-to-node=\"7,0,0\" data-index-in-node=\"0\">Juan Tello v\u00e1laszt\u00e1sa:<\/b> J\u00e1tssz a vil\u00e1g egyik leger\u0151teljesebb profij\u00e1nak hivatalos \u00fct\u0151j\u00e9vel.<\/p>\n<\/li>\n<li>\n<p data-path-to-node=\"7,1,0\"><b data-path-to-node=\"7,1,0\" data-index-in-node=\"0\"><span class=\"citation-137\">12K Real Carbon:<\/span><\/b><span class=\"citation-137 citation-end-137\"> Maxim\u00e1lis tart\u00f3ss\u00e1g \u00e9s merev szerkezet a robban\u00e9kony \u00fct\u00e9sekhez.<\/span><\/p>\n<\/li>\n<li>\n<p data-path-to-node=\"7,2,0\"><b data-path-to-node=\"7,2,0\" data-index-in-node=\"0\"><span class=\"citation-136\">Top Spin fel\u00fclet:<\/span><\/b><span class=\"citation-136 citation-end-136\"> \u00c9rdes\u00edtett kidolgoz\u00e1s, amely brut\u00e1lis p\u00f6rget\u00e9st ad a labd\u00e1nak.<\/span><\/p>\n<\/li>\n<li>\n<p data-path-to-node=\"7,3,0\"><b data-path-to-node=\"7,3,0\" data-index-in-node=\"0\">Gy\u00e9m\u00e1nt alak:<\/b> Kimondottan agressz\u00edv, t\u00e1mad\u00f3 st\u00edlus\u00fa j\u00e1t\u00e9kosoknak fejlesztve.<\/p>\n<\/li>\n<\/ul>\n<p data-path-to-node=\"8\">A <b data-path-to-node=\"8\" data-index-in-node=\"2\">Life4Padel<\/b> elhozta neked a t\u00f6k\u00e9letess\u00e9get. A Vertex 05 nem csak egy \u00fct\u0151, hanem a technol\u00f3gia \u00e9s az er\u0151 f\u00fazi\u00f3ja, amivel korl\u00e1tok n\u00e9lk\u00fcl uralhatod a p\u00e1ly\u00e1t!<\/p>\n<hr data-path-to-node=\"9\" \/>\n<h2 data-path-to-node=\"10\"><\/h2>","protected":false},"excerpt":{"rendered":"<p data-path-to-node=\"14\"><span class=\"citation-135\">Ismerd meg a <\/span><b data-path-to-node=\"14\" data-index-in-node=\"13\"><span class=\"citation-135\">Bullpadel Vertex 05<\/span><\/b><span class=\"citation-135 citation-end-135\">-\u00f6t: Juan Tello hivatalos 12K karbon \u00fct\u0151je, amely gy\u00e9m\u00e1nt alakj\u00e1val \u00e9s Top Spin fel\u00fclet\u00e9vel extr\u00e9m er\u0151t \u00e9s p\u00f6rget\u00e9st hoz a t\u00e1mad\u00f3j\u00e1t\u00e9kba.<\/span> <b data-path-to-node=\"14\" data-index-in-node=\"170\">Life4Padel<\/b> garancia: innovat\u00edv v\u00e1zszerkezet \u00e9s maxim\u00e1lis stabilit\u00e1s a legintenz\u00edvebb meccseken is.<\/p>","protected":false},"featured_media":31571,"template":"","meta":[],"product_brand":[85],"product_cat":[257],"product_tag":[],"class_list":{"0":"post-31306","1":"product","2":"type-product","3":"status-publish","4":"has-post-thumbnail","6":"product_brand-bullpadel","7":"product_cat-2026-padel-uto","9":"first","10":"instock","11":"featured","12":"shipping-taxable","13":"purchasable","14":"product-type-simple"},"yoast_head":"<!-- This site is optimized with the Yoast SEO plugin v27.4 - https:\/\/yoast.com\/product\/yoast-seo-wordpress\/ -->\n<title>Bullpadel Vertex 05 \u2013 Juan Tello Padel \u00dct\u0151 | Life4Padel<\/title>\n<meta name=\"description\" content=\"V\u00e1laszd Juan Tello \u00faj fegyver\u00e9t! Vertex 05: 12K karbon, gy\u00e9m\u00e1nt alak \u00e9s meg\u00e1ll\u00edthatatlan t\u00e1mad\u00f3er\u0151 a Life4Padel webshopban.\" \/>\n<meta name=\"robots\" content=\"index, follow, max-snippet:-1, max-image-preview:large, max-video-preview:-1\" \/>\n<link rel=\"canonical\" href=\"https:\/\/life4padel.com\/en\/product\/bullpadel-vertex-05-padel-uto-2026\/\" \/>\n<meta property=\"og:locale\" content=\"en_GB\" \/>\n<meta property=\"og:type\" content=\"article\" \/>\n<meta property=\"og:title\" content=\"Bullpadel Vertex 05 \u2013 Juan Tello Padel \u00dct\u0151 | Life4Padel\" \/>\n<meta property=\"og:description\" content=\"V\u00e1laszd Juan Tello \u00faj fegyver\u00e9t! Vertex 05: 12K karbon, gy\u00e9m\u00e1nt alak \u00e9s meg\u00e1ll\u00edthatatlan t\u00e1mad\u00f3er\u0151 a Life4Padel webshopban.\" \/>\n<meta property=\"og:url\" content=\"https:\/\/life4padel.com\/en\/product\/bullpadel-vertex-05-padel-uto-2026\/\" \/>\n<meta property=\"og:site_name\" content=\"Life4Padel\" \/>\n<meta property=\"article:modified_time\" content=\"2026-04-08T14:43:10+00:00\" \/>\n<meta property=\"og:image\" content=\"https:\/\/life4padel.com\/wp-content\/uploads\/2026\/03\/120910-pala-bullpadel-vertex-05-494395-1200x1200-1-1.webp\" \/>\n\t<meta property=\"og:image:width\" content=\"1200\" \/>\n\t<meta property=\"og:image:height\" content=\"1200\" \/>\n\t<meta property=\"og:image:type\" content=\"image\/webp\" \/>\n<meta name=\"twitter:card\" content=\"summary_large_image\" \/>\n<meta name=\"twitter:label1\" content=\"Estimated reading time\" \/>\n\t<meta name=\"twitter:data1\" content=\"2 minutes\" \/>\n<script type=\"application\/ld+json\" class=\"yoast-schema-graph\">{\"@context\":\"https:\\\/\\\/schema.org\",\"@graph\":[{\"@type\":\"WebPage\",\"@id\":\"https:\\\/\\\/life4padel.com\\\/termek\\\/bullpadel-vertex-05-padel-uto-2026\\\/\",\"url\":\"https:\\\/\\\/life4padel.com\\\/termek\\\/bullpadel-vertex-05-padel-uto-2026\\\/\",\"name\":\"Bullpadel Vertex 05 \u2013 Juan Tello Padel \u00dct\u0151 | Life4Padel\",\"isPartOf\":{\"@id\":\"https:\\\/\\\/life4padel.com\\\/#website\"},\"primaryImageOfPage\":{\"@id\":\"https:\\\/\\\/life4padel.com\\\/termek\\\/bullpadel-vertex-05-padel-uto-2026\\\/#primaryimage\"},\"image\":{\"@id\":\"https:\\\/\\\/life4padel.com\\\/termek\\\/bullpadel-vertex-05-padel-uto-2026\\\/#primaryimage\"},\"thumbnailUrl\":\"https:\\\/\\\/life4padel.com\\\/wp-content\\\/uploads\\\/2026\\\/03\\\/120910-pala-bullpadel-vertex-05-494395-1200x1200-1-1.webp\",\"datePublished\":\"2026-03-21T22:01:07+00:00\",\"dateModified\":\"2026-04-08T14:43:10+00:00\",\"description\":\"V\u00e1laszd Juan Tello \u00faj fegyver\u00e9t! Vertex 05: 12K karbon, gy\u00e9m\u00e1nt alak \u00e9s meg\u00e1ll\u00edthatatlan t\u00e1mad\u00f3er\u0151 a Life4Padel webshopban.\",\"breadcrumb\":{\"@id\":\"https:\\\/\\\/life4padel.com\\\/termek\\\/bullpadel-vertex-05-padel-uto-2026\\\/#breadcrumb\"},\"inLanguage\":\"en-GB\",\"potentialAction\":[{\"@type\":\"ReadAction\",\"target\":[\"https:\\\/\\\/life4padel.com\\\/termek\\\/bullpadel-vertex-05-padel-uto-2026\\\/\"]}]},{\"@type\":\"ImageObject\",\"inLanguage\":\"en-GB\",\"@id\":\"https:\\\/\\\/life4padel.com\\\/termek\\\/bullpadel-vertex-05-padel-uto-2026\\\/#primaryimage\",\"url\":\"https:\\\/\\\/life4padel.com\\\/wp-content\\\/uploads\\\/2026\\\/03\\\/120910-pala-bullpadel-vertex-05-494395-1200x1200-1-1.webp\",\"contentUrl\":\"https:\\\/\\\/life4padel.com\\\/wp-content\\\/uploads\\\/2026\\\/03\\\/120910-pala-bullpadel-vertex-05-494395-1200x1200-1-1.webp\",\"width\":1200,\"height\":1200},{\"@type\":\"BreadcrumbList\",\"@id\":\"https:\\\/\\\/life4padel.com\\\/termek\\\/bullpadel-vertex-05-padel-uto-2026\\\/#breadcrumb\",\"itemListElement\":[{\"@type\":\"ListItem\",\"position\":1,\"name\":\"Kezd\u0151lap\",\"item\":\"https:\\\/\\\/life4padel.com\\\/\"},{\"@type\":\"ListItem\",\"position\":2,\"name\":\"Bolt\",\"item\":\"https:\\\/\\\/life4padel.com\\\/bolt\\\/\"},{\"@type\":\"ListItem\",\"position\":3,\"name\":\"Bullpadel Vertex 05 padel \u00fct\u0151 2026\"}]},{\"@type\":\"WebSite\",\"@id\":\"https:\\\/\\\/life4padel.com\\\/#website\",\"url\":\"https:\\\/\\\/life4padel.com\\\/\",\"name\":\"Life4Padel\",\"description\":\"\",\"publisher\":{\"@id\":\"https:\\\/\\\/life4padel.com\\\/#\\\/schema\\\/person\\\/8e2b3df012327b0109bf4328db045abc\"},\"potentialAction\":[{\"@type\":\"SearchAction\",\"target\":{\"@type\":\"EntryPoint\",\"urlTemplate\":\"https:\\\/\\\/life4padel.com\\\/?s={search_term_string}\"},\"query-input\":{\"@type\":\"PropertyValueSpecification\",\"valueRequired\":true,\"valueName\":\"search_term_string\"}}],\"inLanguage\":\"en-GB\"},{\"@type\":[\"Person\",\"Organization\"],\"@id\":\"https:\\\/\\\/life4padel.com\\\/#\\\/schema\\\/person\\\/8e2b3df012327b0109bf4328db045abc\",\"name\":\"patrik.galla\",\"image\":{\"@type\":\"ImageObject\",\"inLanguage\":\"en-GB\",\"@id\":\"https:\\\/\\\/dev.life4padel.com\\\/wp-content\\\/uploads\\\/2026\\\/03\\\/logo-09-1-scaled.png\",\"url\":\"https:\\\/\\\/dev.life4padel.com\\\/wp-content\\\/uploads\\\/2026\\\/03\\\/logo-09-1-scaled.png\",\"contentUrl\":\"https:\\\/\\\/dev.life4padel.com\\\/wp-content\\\/uploads\\\/2026\\\/03\\\/logo-09-1-scaled.png\",\"width\":2560,\"height\":705,\"caption\":\"patrik.galla\"},\"logo\":{\"@id\":\"https:\\\/\\\/dev.life4padel.com\\\/wp-content\\\/uploads\\\/2026\\\/03\\\/logo-09-1-scaled.png\"}}]}<\/script>\n<!-- \/ Yoast SEO plugin. -->","yoast_head_json":{"title":"Bullpadel Vertex 05 \u2013 Juan Tello Padel \u00dct\u0151 | Life4Padel","description":"V\u00e1laszd Juan Tello \u00faj fegyver\u00e9t! Vertex 05: 12K karbon, gy\u00e9m\u00e1nt alak \u00e9s meg\u00e1ll\u00edthatatlan t\u00e1mad\u00f3er\u0151 a Life4Padel webshopban.","robots":{"index":"index","follow":"follow","max-snippet":"max-snippet:-1","max-image-preview":"max-image-preview:large","max-video-preview":"max-video-preview:-1"},"canonical":"https:\/\/life4padel.com\/en\/product\/bullpadel-vertex-05-padel-uto-2026\/","og_locale":"en_GB","og_type":"article","og_title":"Bullpadel Vertex 05 \u2013 Juan Tello Padel \u00dct\u0151 | Life4Padel","og_description":"V\u00e1laszd Juan Tello \u00faj fegyver\u00e9t! Vertex 05: 12K karbon, gy\u00e9m\u00e1nt alak \u00e9s meg\u00e1ll\u00edthatatlan t\u00e1mad\u00f3er\u0151 a Life4Padel webshopban.","og_url":"https:\/\/life4padel.com\/en\/product\/bullpadel-vertex-05-padel-uto-2026\/","og_site_name":"Life4Padel","article_modified_time":"2026-04-08T14:43:10+00:00","og_image":[{"width":1200,"height":1200,"url":"https:\/\/life4padel.com\/wp-content\/uploads\/2026\/03\/120910-pala-bullpadel-vertex-05-494395-1200x1200-1-1.webp","type":"image\/webp"}],"twitter_card":"summary_large_image","twitter_misc":{"Estimated reading time":"2 minutes"},"schema":{"@context":"https:\/\/schema.org","@graph":[{"@type":"WebPage","@id":"https:\/\/life4padel.com\/termek\/bullpadel-vertex-05-padel-uto-2026\/","url":"https:\/\/life4padel.com\/termek\/bullpadel-vertex-05-padel-uto-2026\/","name":"Bullpadel Vertex 05 \u2013 Juan Tello Padel \u00dct\u0151 | Life4Padel","isPartOf":{"@id":"https:\/\/life4padel.com\/#website"},"primaryImageOfPage":{"@id":"https:\/\/life4padel.com\/termek\/bullpadel-vertex-05-padel-uto-2026\/#primaryimage"},"image":{"@id":"https:\/\/life4padel.com\/termek\/bullpadel-vertex-05-padel-uto-2026\/#primaryimage"},"thumbnailUrl":"https:\/\/life4padel.com\/wp-content\/uploads\/2026\/03\/120910-pala-bullpadel-vertex-05-494395-1200x1200-1-1.webp","datePublished":"2026-03-21T22:01:07+00:00","dateModified":"2026-04-08T14:43:10+00:00","description":"V\u00e1laszd Juan Tello \u00faj fegyver\u00e9t! Vertex 05: 12K karbon, gy\u00e9m\u00e1nt alak \u00e9s meg\u00e1ll\u00edthatatlan t\u00e1mad\u00f3er\u0151 a Life4Padel webshopban.","breadcrumb":{"@id":"https:\/\/life4padel.com\/termek\/bullpadel-vertex-05-padel-uto-2026\/#breadcrumb"},"inLanguage":"en-GB","potentialAction":[{"@type":"ReadAction","target":["https:\/\/life4padel.com\/termek\/bullpadel-vertex-05-padel-uto-2026\/"]}]},{"@type":"ImageObject","inLanguage":"en-GB","@id":"https:\/\/life4padel.com\/termek\/bullpadel-vertex-05-padel-uto-2026\/#primaryimage","url":"https:\/\/life4padel.com\/wp-content\/uploads\/2026\/03\/120910-pala-bullpadel-vertex-05-494395-1200x1200-1-1.webp","contentUrl":"https:\/\/life4padel.com\/wp-content\/uploads\/2026\/03\/120910-pala-bullpadel-vertex-05-494395-1200x1200-1-1.webp","width":1200,"height":1200},{"@type":"BreadcrumbList","@id":"https:\/\/life4padel.com\/termek\/bullpadel-vertex-05-padel-uto-2026\/#breadcrumb","itemListElement":[{"@type":"ListItem","position":1,"name":"Kezd\u0151lap","item":"https:\/\/life4padel.com\/"},{"@type":"ListItem","position":2,"name":"Bolt","item":"https:\/\/life4padel.com\/bolt\/"},{"@type":"ListItem","position":3,"name":"Bullpadel Vertex 05 padel \u00fct\u0151 2026"}]},{"@type":"WebSite","@id":"https:\/\/life4padel.com\/#website","url":"https:\/\/life4padel.com\/","name":"Life4Padel","description":"","publisher":{"@id":"https:\/\/life4padel.com\/#\/schema\/person\/8e2b3df012327b0109bf4328db045abc"},"potentialAction":[{"@type":"SearchAction","target":{"@type":"EntryPoint","urlTemplate":"https:\/\/life4padel.com\/?s={search_term_string}"},"query-input":{"@type":"PropertyValueSpecification","valueRequired":true,"valueName":"search_term_string"}}],"inLanguage":"en-GB"},{"@type":["Person","Organization"],"@id":"https:\/\/life4padel.com\/#\/schema\/person\/8e2b3df012327b0109bf4328db045abc","name":"patrik.galla","image":{"@type":"ImageObject","inLanguage":"en-GB","@id":"https:\/\/dev.life4padel.com\/wp-content\/uploads\/2026\/03\/logo-09-1-scaled.png","url":"https:\/\/dev.life4padel.com\/wp-content\/uploads\/2026\/03\/logo-09-1-scaled.png","contentUrl":"https:\/\/dev.life4padel.com\/wp-content\/uploads\/2026\/03\/logo-09-1-scaled.png","width":2560,"height":705,"caption":"patrik.galla"},"logo":{"@id":"https:\/\/dev.life4padel.com\/wp-content\/uploads\/2026\/03\/logo-09-1-scaled.png"}}]}},"jetpack_sharing_enabled":true,"_links":{"self":[{"href":"https:\/\/life4padel.com\/en\/wp-json\/wp\/v2\/product\/31306","targetHints":{"allow":["GET"]}}],"collection":[{"href":"https:\/\/life4padel.com\/en\/wp-json\/wp\/v2\/product"}],"about":[{"href":"https:\/\/life4padel.com\/en\/wp-json\/wp\/v2\/types\/product"}],"version-history":[{"count":4,"href":"https:\/\/life4padel.com\/en\/wp-json\/wp\/v2\/product\/31306\/revisions"}],"predecessor-version":[{"id":31898,"href":"https:\/\/life4padel.com\/en\/wp-json\/wp\/v2\/product\/31306\/revisions\/31898"}],"wp:featuredmedia":[{"embeddable":true,"href":"https:\/\/life4padel.com\/en\/wp-json\/wp\/v2\/media\/31571"}],"wp:attachment":[{"href":"https:\/\/life4padel.com\/en\/wp-json\/wp\/v2\/media?parent=31306"}],"wp:term":[{"taxonomy":"product_brand","embeddable":true,"href":"https:\/\/life4padel.com\/en\/wp-json\/wp\/v2\/product_brand?post=31306"},{"taxonomy":"product_cat","embeddable":true,"href":"https:\/\/life4padel.com\/en\/wp-json\/wp\/v2\/product_cat?post=31306"},{"taxonomy":"product_tag","embeddable":true,"href":"https:\/\/life4padel.com\/en\/wp-json\/wp\/v2\/product_tag?post=31306"}],"curies":[{"name":"wp","href":"https:\/\/api.w.org\/{rel}","templated":true}]}}