{"id":31247,"date":"2026-03-21T23:00:08","date_gmt":"2026-03-21T22:00:08","guid":{"rendered":"https:\/\/dev.life4padel.com\/?post_type=product&#038;p=31247"},"modified":"2026-05-08T14:18:29","modified_gmt":"2026-05-08T12:18:29","slug":"adidas-arrow-hit-hexagon-cup-2026-padel-uto","status":"publish","type":"product","link":"https:\/\/life4padel.com\/en\/product\/adidas-arrow-hit-hexagon-cup-2026-padel-uto\/","title":{"rendered":"Adidas Arrow Hit Hexagon Cup padel \u00fct\u0151 2026"},"content":{"rendered":"<h2 data-path-to-node=\"9\"><b data-path-to-node=\"9\" data-index-in-node=\"0\">Adidas Arrow Hit Hexagon Cup 2026 \u2013 Versenyszellem hat\u00e1rok n\u00e9lk\u00fcl<\/b><\/h2>\n<p data-path-to-node=\"10\">Az Adidas Arrow Hit Hexagon Cup 2026 a modern padel \u00e9s a l\u00e1tv\u00e1nyos Hexagon Cup versenysorozat el\u0151tt tiszteleg. Ez az Adidas modell kifejezetten olyan j\u00e1t\u00e9kosok sz\u00e1m\u00e1ra k\u00e9sz\u00fclt, akik minden le\u00fct\u00e9sn\u00e9l maxim\u00e1lis energia\u00e1tvitelt v\u00e1rnak el. Emellett az \u201eArrow\u201d geometria biztos\u00edtja, hogy az \u00fct\u0151 s\u00falypontja ide\u00e1lisan helyezkedjen el a t\u00e1mad\u00e1sokhoz. Ez\u00e1ltal p\u00e1ratlan er\u0151kifejt\u00e9st \u00e9rhetsz el a legagressz\u00edvabb \u00fct\u00e9seid sor\u00e1n is. A Life4Padel ezt a professzion\u00e1lis felszerel\u00e9st a halad\u00f3 versenyz\u0151knek aj\u00e1nlja.<\/p>\n<h3 data-path-to-node=\"11\"><b data-path-to-node=\"11\" data-index-in-node=\"0\">Kontroll\u00e1lt er\u0151 \u00e9s Muscle Power technol\u00f3gia<\/b><\/h3>\n<p data-path-to-node=\"11\">Az \u00fct\u0151 egyik leginnovat\u00edvabb jellemz\u0151je, hogy k\u00e9pes \u00f6tv\u00f6zni a nyers er\u0151t a stabil kezelhet\u0151s\u00e9ggel.<\/p>\n<ul data-path-to-node=\"12\">\n<li>\n<p data-path-to-node=\"12,0,0\"><b data-path-to-node=\"12,0,0\" data-index-in-node=\"0\">Carbon 3K:<\/b> Az \u00fct\u0151fel\u00fclet kiv\u00e1l\u00f3 min\u0151s\u00e9g\u0171 karbonrostb\u00f3l k\u00e9sz\u00fclt a merev \u00e9s reszponz\u00edv \u00e9rint\u00e9s \u00e9rdek\u00e9ben. Ennek eredm\u00e9nyek\u00e9nt ez a padel \u00fct\u0151 kiv\u00e9teles tart\u00f3ss\u00e1got \u00e9s tiszta \u00fct\u00e9s\u00e9lm\u00e9nyt k\u00edn\u00e1l.<\/p>\n<\/li>\n<li>\n<p data-path-to-node=\"12,1,0\"><b data-path-to-node=\"12,1,0\" data-index-in-node=\"0\">Soft Performance EVA:<\/b> A bels\u0151 mag k\u00e9nyelmes labdakimenetet biztos\u00edt. R\u00e1ad\u00e1sul ellens\u00falyozza a karbon fel\u00fclet merevs\u00e9g\u00e9t, hogy kellemes j\u00e1t\u00e9k\u00e9lm\u00e9nyt garant\u00e1ljon.<\/p>\n<\/li>\n<li>\n<p data-path-to-node=\"12,2,0\"><b data-path-to-node=\"12,2,0\" data-index-in-node=\"0\">Head Heavy Balance:<\/b> Ez a kialak\u00edt\u00e1s extra s\u00falyt helyez az \u00fct\u00e9sek m\u00f6g\u00e9. K\u00f6vetkez\u00e9sk\u00e9ppen a smash-ek \u00e9s a t\u00e1mad\u00f3 r\u00f6pt\u00e9k sokkal hat\u00e9konyabbak lesznek.<\/p>\n<\/li>\n<li>\n<p data-path-to-node=\"12,3,0\"><b data-path-to-node=\"12,3,0\" data-index-in-node=\"0\">Muscle Power System:<\/b> Az exkluz\u00edv keretmerev\u00edt\u00e9s kiv\u00e1l\u00f3 stabilit\u00e1st biztos\u00edt. Ezenk\u00edv\u00fcl n\u00f6veli az \u00fct\u0151 szerkezeti erej\u00e9t a nagy intenzit\u00e1s\u00fa labdamenetek sor\u00e1n.<\/p>\n<\/li>\n<\/ul>\n<p data-path-to-node=\"13\"><b data-path-to-node=\"13\" data-index-in-node=\"0\">Fejlett p\u00f6rget\u00e9s \u00e9s man\u0151verezhet\u0151s\u00e9g<\/b> Az Adidas Arrow Hit Hexagon Cup 2026 nemcsak a nyers er\u0151r\u0151l sz\u00f3l; hihetetlen technikai precizit\u00e1st is k\u00edn\u00e1l.<\/p>\n<ul data-path-to-node=\"14\">\n<li>\n<p data-path-to-node=\"14,0,0\"><b data-path-to-node=\"14,0,0\" data-index-in-node=\"0\">3D Water Decal:<\/b> Az Adidas \u00fct\u0151 fel\u00fclet\u00e9re dombornyomott text\u00fara ker\u00fclt. \u00cdgy professzion\u00e1lis szint\u0171 p\u00f6rg\u00e9st \u00e9s effektet adhatsz a r\u00f6pt\u00e9idnek \u00e9s a szerv\u00e1idnak.<\/p>\n<\/li>\n<li>\n<p data-path-to-node=\"14,1,0\"><b data-path-to-node=\"14,1,0\" data-index-in-node=\"0\">Smart Holes Curve:<\/b> A lyukkioszt\u00e1st a man\u0151verezhet\u0151s\u00e9g jav\u00edt\u00e1s\u00e1ra tervezt\u00e9k. Ebb\u0151l ad\u00f3d\u00f3an a reakci\u00f3id\u0151d a h\u00e1l\u00f3n\u00e1l gyorsabb lesz, mint valaha.<\/p>\n<\/li>\n<li>\n<p data-path-to-node=\"14,2,0\"><b data-path-to-node=\"14,2,0\" data-index-in-node=\"0\">Struktur\u00e1lis meger\u0151s\u00edt\u00e9s:<\/b> Az \u00fct\u0151 ker\u00fclete meg van er\u0151s\u00edtve a csavarod\u00e1s ellen. Ez\u00e9rt meg\u0151rzi form\u00e1j\u00e1t \u00e9s teljes\u00edtm\u00e9ny\u00e9t m\u00e9g h\u00f3napokig tart\u00f3 intenz\u00edv haszn\u00e1lat ut\u00e1n is.<\/p>\n<\/li>\n<\/ul>\n<p data-path-to-node=\"15\"><b data-path-to-node=\"15\" data-index-in-node=\"0\">Emeld \u00faj szintre a j\u00e1t\u00e9kodat a Life4Padeln\u00e9l!<\/b> Az Adidas Arrow Hit Hexagon Cup 2026 a m\u00e9rn\u00f6ki precizit\u00e1s \u00e9s a padel ir\u00e1nti szenved\u00e9ly cs\u00facsa. Mi a Life4Padeln\u00e9l elk\u00f6telezettek vagyunk a legexkluz\u00edvabb \u00e9s legeredetibb professzion\u00e1lis felszerel\u00e9sek k\u00edn\u00e1lata mellett. Ha egy k\u00fcl\u00f6nleges, Hexagon Cup \u00e1ltal ihletett \u00fct\u0151vel akarsz j\u00e1tszani, ez a te es\u00e9lyed. Rendeld meg az \u00faj padel \u00fct\u0151det m\u00e9g ma, \u00e9s tapasztald meg a pr\u00e9mium technol\u00f3gia k\u00fcl\u00f6nbs\u00e9g\u00e9t!<\/p>","protected":false},"excerpt":{"rendered":"<div class=\"product attribute overview\">\n<div class=\"value\">\n<p data-path-to-node=\"6\">Az <b data-path-to-node=\"6\" data-index-in-node=\"3\">Adidas Arrow Hit Hexagon Cup 2026<\/b> egy elit padel \u00fct\u0151, amelyet olyan j\u00e1t\u00e9kosok sz\u00e1m\u00e1ra fejlesztettek ki, akik komoly er\u0151t, precizit\u00e1st \u00e9s pr\u00e9mium anyagokat ig\u00e9nyelnek.<\/p>\n<\/div>\n<\/div>\n<div class=\"product-info-price\">\n<div class=\"price-box price-final_price\" data-role=\"priceBox\" data-product-id=\"1727283\" data-price-box=\"product-id-1727283\"><\/div>\n<\/div>","protected":false},"featured_media":31524,"template":"","meta":[],"product_brand":[84],"product_cat":[257,223,215,216],"product_tag":[],"class_list":{"0":"post-31247","1":"product","2":"type-product","3":"status-publish","4":"has-post-thumbnail","6":"product_brand-adidas","7":"product_cat-2026-padel-uto","8":"product_cat-adidas","9":"product_cat-halado","10":"product_cat-padel-utok","12":"first","13":"instock","14":"featured","15":"shipping-taxable","16":"purchasable","17":"product-type-simple"},"yoast_head":"<!-- This site is optimized with the Yoast SEO plugin v27.6 - https:\/\/yoast.com\/product\/yoast-seo-wordpress\/ -->\n<title>Adidas Arrow Hit Hexagon Cup 2026 padel \u00fct\u0151 \u2013 Exkluz\u00edv Er\u0151<\/title>\n<meta name=\"description\" content=\"Adidas Arrow Hit Hexagon Cup 2026 padel \u00fct\u0151. Exkluz\u00edv diz\u00e1jn 3K karbonnal \u00e9s Muscle Power rendszerrel a profi er\u0151\u00e9rt. Vedd meg a Life4Padel-n\u00e9l!\" \/>\n<meta name=\"robots\" content=\"index, follow, max-snippet:-1, max-image-preview:large, max-video-preview:-1\" \/>\n<link rel=\"canonical\" href=\"https:\/\/life4padel.com\/en\/product\/adidas-arrow-hit-hexagon-cup-2026-padel-uto\/\" \/>\n<meta property=\"og:locale\" content=\"en_GB\" \/>\n<meta property=\"og:type\" content=\"article\" \/>\n<meta property=\"og:title\" content=\"Adidas Arrow Hit Hexagon Cup 2026 padel \u00fct\u0151 \u2013 Exkluz\u00edv Er\u0151\" \/>\n<meta property=\"og:description\" content=\"Adidas Arrow Hit Hexagon Cup 2026 padel \u00fct\u0151. Exkluz\u00edv diz\u00e1jn 3K karbonnal \u00e9s Muscle Power rendszerrel a profi er\u0151\u00e9rt. Vedd meg a Life4Padel-n\u00e9l!\" \/>\n<meta property=\"og:url\" content=\"https:\/\/life4padel.com\/en\/product\/adidas-arrow-hit-hexagon-cup-2026-padel-uto\/\" \/>\n<meta property=\"og:site_name\" content=\"Life4Padel\" \/>\n<meta property=\"article:modified_time\" content=\"2026-05-08T12:18:29+00:00\" \/>\n<meta property=\"og:image\" content=\"https:\/\/life4padel.com\/wp-content\/uploads\/2026\/03\/123435-pala-adidas-arrow-hit-hexagon-ar1ab4u19-1500x1500-2.webp\" \/>\n\t<meta property=\"og:image:width\" content=\"1500\" \/>\n\t<meta property=\"og:image:height\" content=\"1500\" \/>\n\t<meta property=\"og:image:type\" content=\"image\/webp\" \/>\n<meta name=\"twitter:card\" content=\"summary_large_image\" \/>\n<meta name=\"twitter:label1\" content=\"Estimated reading time\" \/>\n\t<meta name=\"twitter:data1\" content=\"3 minutes\" \/>\n<script type=\"application\/ld+json\" class=\"yoast-schema-graph\">{\"@context\":\"https:\\\/\\\/schema.org\",\"@graph\":[{\"@type\":\"WebPage\",\"@id\":\"https:\\\/\\\/life4padel.com\\\/termek\\\/adidas-arrow-hit-hexagon-cup-2026-padel-uto\\\/\",\"url\":\"https:\\\/\\\/life4padel.com\\\/termek\\\/adidas-arrow-hit-hexagon-cup-2026-padel-uto\\\/\",\"name\":\"Adidas Arrow Hit Hexagon Cup 2026 padel \u00fct\u0151 \u2013 Exkluz\u00edv Er\u0151\",\"isPartOf\":{\"@id\":\"https:\\\/\\\/life4padel.com\\\/#website\"},\"primaryImageOfPage\":{\"@id\":\"https:\\\/\\\/life4padel.com\\\/termek\\\/adidas-arrow-hit-hexagon-cup-2026-padel-uto\\\/#primaryimage\"},\"image\":{\"@id\":\"https:\\\/\\\/life4padel.com\\\/termek\\\/adidas-arrow-hit-hexagon-cup-2026-padel-uto\\\/#primaryimage\"},\"thumbnailUrl\":\"https:\\\/\\\/life4padel.com\\\/wp-content\\\/uploads\\\/2026\\\/03\\\/123435-pala-adidas-arrow-hit-hexagon-ar1ab4u19-1500x1500-2.webp\",\"datePublished\":\"2026-03-21T22:00:08+00:00\",\"dateModified\":\"2026-05-08T12:18:29+00:00\",\"description\":\"Adidas Arrow Hit Hexagon Cup 2026 padel \u00fct\u0151. Exkluz\u00edv diz\u00e1jn 3K karbonnal \u00e9s Muscle Power rendszerrel a profi er\u0151\u00e9rt. Vedd meg a Life4Padel-n\u00e9l!\",\"breadcrumb\":{\"@id\":\"https:\\\/\\\/life4padel.com\\\/termek\\\/adidas-arrow-hit-hexagon-cup-2026-padel-uto\\\/#breadcrumb\"},\"inLanguage\":\"en-GB\",\"potentialAction\":[{\"@type\":\"ReadAction\",\"target\":[\"https:\\\/\\\/life4padel.com\\\/termek\\\/adidas-arrow-hit-hexagon-cup-2026-padel-uto\\\/\"]}]},{\"@type\":\"ImageObject\",\"inLanguage\":\"en-GB\",\"@id\":\"https:\\\/\\\/life4padel.com\\\/termek\\\/adidas-arrow-hit-hexagon-cup-2026-padel-uto\\\/#primaryimage\",\"url\":\"https:\\\/\\\/life4padel.com\\\/wp-content\\\/uploads\\\/2026\\\/03\\\/123435-pala-adidas-arrow-hit-hexagon-ar1ab4u19-1500x1500-2.webp\",\"contentUrl\":\"https:\\\/\\\/life4padel.com\\\/wp-content\\\/uploads\\\/2026\\\/03\\\/123435-pala-adidas-arrow-hit-hexagon-ar1ab4u19-1500x1500-2.webp\",\"width\":1500,\"height\":1500},{\"@type\":\"BreadcrumbList\",\"@id\":\"https:\\\/\\\/life4padel.com\\\/termek\\\/adidas-arrow-hit-hexagon-cup-2026-padel-uto\\\/#breadcrumb\",\"itemListElement\":[{\"@type\":\"ListItem\",\"position\":1,\"name\":\"Kezd\u0151lap\",\"item\":\"https:\\\/\\\/life4padel.com\\\/\"},{\"@type\":\"ListItem\",\"position\":2,\"name\":\"Bolt\",\"item\":\"https:\\\/\\\/life4padel.com\\\/bolt\\\/\"},{\"@type\":\"ListItem\",\"position\":3,\"name\":\"Adidas Arrow Hit Hexagon Cup padel \u00fct\u0151 2026\"}]},{\"@type\":\"WebSite\",\"@id\":\"https:\\\/\\\/life4padel.com\\\/#website\",\"url\":\"https:\\\/\\\/life4padel.com\\\/\",\"name\":\"Life4Padel\",\"description\":\"\",\"publisher\":{\"@id\":\"https:\\\/\\\/life4padel.com\\\/#\\\/schema\\\/person\\\/8e2b3df012327b0109bf4328db045abc\"},\"potentialAction\":[{\"@type\":\"SearchAction\",\"target\":{\"@type\":\"EntryPoint\",\"urlTemplate\":\"https:\\\/\\\/life4padel.com\\\/?s={search_term_string}\"},\"query-input\":{\"@type\":\"PropertyValueSpecification\",\"valueRequired\":true,\"valueName\":\"search_term_string\"}}],\"inLanguage\":\"en-GB\"},{\"@type\":[\"Person\",\"Organization\"],\"@id\":\"https:\\\/\\\/life4padel.com\\\/#\\\/schema\\\/person\\\/8e2b3df012327b0109bf4328db045abc\",\"name\":\"patrik.galla\",\"image\":{\"@type\":\"ImageObject\",\"inLanguage\":\"en-GB\",\"@id\":\"https:\\\/\\\/dev.life4padel.com\\\/wp-content\\\/uploads\\\/2026\\\/03\\\/logo-09-1-scaled.png\",\"url\":\"https:\\\/\\\/dev.life4padel.com\\\/wp-content\\\/uploads\\\/2026\\\/03\\\/logo-09-1-scaled.png\",\"contentUrl\":\"https:\\\/\\\/dev.life4padel.com\\\/wp-content\\\/uploads\\\/2026\\\/03\\\/logo-09-1-scaled.png\",\"width\":2560,\"height\":705,\"caption\":\"patrik.galla\"},\"logo\":{\"@id\":\"https:\\\/\\\/dev.life4padel.com\\\/wp-content\\\/uploads\\\/2026\\\/03\\\/logo-09-1-scaled.png\"}}]}<\/script>\n<!-- \/ Yoast SEO plugin. -->","yoast_head_json":{"title":"Adidas Arrow Hit Hexagon Cup 2026 padel \u00fct\u0151 \u2013 Exkluz\u00edv Er\u0151","description":"Adidas Arrow Hit Hexagon Cup 2026 padel \u00fct\u0151. Exkluz\u00edv diz\u00e1jn 3K karbonnal \u00e9s Muscle Power rendszerrel a profi er\u0151\u00e9rt. Vedd meg a Life4Padel-n\u00e9l!","robots":{"index":"index","follow":"follow","max-snippet":"max-snippet:-1","max-image-preview":"max-image-preview:large","max-video-preview":"max-video-preview:-1"},"canonical":"https:\/\/life4padel.com\/en\/product\/adidas-arrow-hit-hexagon-cup-2026-padel-uto\/","og_locale":"en_GB","og_type":"article","og_title":"Adidas Arrow Hit Hexagon Cup 2026 padel \u00fct\u0151 \u2013 Exkluz\u00edv Er\u0151","og_description":"Adidas Arrow Hit Hexagon Cup 2026 padel \u00fct\u0151. Exkluz\u00edv diz\u00e1jn 3K karbonnal \u00e9s Muscle Power rendszerrel a profi er\u0151\u00e9rt. Vedd meg a Life4Padel-n\u00e9l!","og_url":"https:\/\/life4padel.com\/en\/product\/adidas-arrow-hit-hexagon-cup-2026-padel-uto\/","og_site_name":"Life4Padel","article_modified_time":"2026-05-08T12:18:29+00:00","og_image":[{"width":1500,"height":1500,"url":"https:\/\/life4padel.com\/wp-content\/uploads\/2026\/03\/123435-pala-adidas-arrow-hit-hexagon-ar1ab4u19-1500x1500-2.webp","type":"image\/webp"}],"twitter_card":"summary_large_image","twitter_misc":{"Estimated reading time":"3 minutes"},"schema":{"@context":"https:\/\/schema.org","@graph":[{"@type":"WebPage","@id":"https:\/\/life4padel.com\/termek\/adidas-arrow-hit-hexagon-cup-2026-padel-uto\/","url":"https:\/\/life4padel.com\/termek\/adidas-arrow-hit-hexagon-cup-2026-padel-uto\/","name":"Adidas Arrow Hit Hexagon Cup 2026 padel \u00fct\u0151 \u2013 Exkluz\u00edv Er\u0151","isPartOf":{"@id":"https:\/\/life4padel.com\/#website"},"primaryImageOfPage":{"@id":"https:\/\/life4padel.com\/termek\/adidas-arrow-hit-hexagon-cup-2026-padel-uto\/#primaryimage"},"image":{"@id":"https:\/\/life4padel.com\/termek\/adidas-arrow-hit-hexagon-cup-2026-padel-uto\/#primaryimage"},"thumbnailUrl":"https:\/\/life4padel.com\/wp-content\/uploads\/2026\/03\/123435-pala-adidas-arrow-hit-hexagon-ar1ab4u19-1500x1500-2.webp","datePublished":"2026-03-21T22:00:08+00:00","dateModified":"2026-05-08T12:18:29+00:00","description":"Adidas Arrow Hit Hexagon Cup 2026 padel \u00fct\u0151. Exkluz\u00edv diz\u00e1jn 3K karbonnal \u00e9s Muscle Power rendszerrel a profi er\u0151\u00e9rt. Vedd meg a Life4Padel-n\u00e9l!","breadcrumb":{"@id":"https:\/\/life4padel.com\/termek\/adidas-arrow-hit-hexagon-cup-2026-padel-uto\/#breadcrumb"},"inLanguage":"en-GB","potentialAction":[{"@type":"ReadAction","target":["https:\/\/life4padel.com\/termek\/adidas-arrow-hit-hexagon-cup-2026-padel-uto\/"]}]},{"@type":"ImageObject","inLanguage":"en-GB","@id":"https:\/\/life4padel.com\/termek\/adidas-arrow-hit-hexagon-cup-2026-padel-uto\/#primaryimage","url":"https:\/\/life4padel.com\/wp-content\/uploads\/2026\/03\/123435-pala-adidas-arrow-hit-hexagon-ar1ab4u19-1500x1500-2.webp","contentUrl":"https:\/\/life4padel.com\/wp-content\/uploads\/2026\/03\/123435-pala-adidas-arrow-hit-hexagon-ar1ab4u19-1500x1500-2.webp","width":1500,"height":1500},{"@type":"BreadcrumbList","@id":"https:\/\/life4padel.com\/termek\/adidas-arrow-hit-hexagon-cup-2026-padel-uto\/#breadcrumb","itemListElement":[{"@type":"ListItem","position":1,"name":"Kezd\u0151lap","item":"https:\/\/life4padel.com\/"},{"@type":"ListItem","position":2,"name":"Bolt","item":"https:\/\/life4padel.com\/bolt\/"},{"@type":"ListItem","position":3,"name":"Adidas Arrow Hit Hexagon Cup padel \u00fct\u0151 2026"}]},{"@type":"WebSite","@id":"https:\/\/life4padel.com\/#website","url":"https:\/\/life4padel.com\/","name":"Life4Padel","description":"","publisher":{"@id":"https:\/\/life4padel.com\/#\/schema\/person\/8e2b3df012327b0109bf4328db045abc"},"potentialAction":[{"@type":"SearchAction","target":{"@type":"EntryPoint","urlTemplate":"https:\/\/life4padel.com\/?s={search_term_string}"},"query-input":{"@type":"PropertyValueSpecification","valueRequired":true,"valueName":"search_term_string"}}],"inLanguage":"en-GB"},{"@type":["Person","Organization"],"@id":"https:\/\/life4padel.com\/#\/schema\/person\/8e2b3df012327b0109bf4328db045abc","name":"patrik.galla","image":{"@type":"ImageObject","inLanguage":"en-GB","@id":"https:\/\/dev.life4padel.com\/wp-content\/uploads\/2026\/03\/logo-09-1-scaled.png","url":"https:\/\/dev.life4padel.com\/wp-content\/uploads\/2026\/03\/logo-09-1-scaled.png","contentUrl":"https:\/\/dev.life4padel.com\/wp-content\/uploads\/2026\/03\/logo-09-1-scaled.png","width":2560,"height":705,"caption":"patrik.galla"},"logo":{"@id":"https:\/\/dev.life4padel.com\/wp-content\/uploads\/2026\/03\/logo-09-1-scaled.png"}}]}},"jetpack_sharing_enabled":true,"_links":{"self":[{"href":"https:\/\/life4padel.com\/en\/wp-json\/wp\/v2\/product\/31247","targetHints":{"allow":["GET"]}}],"collection":[{"href":"https:\/\/life4padel.com\/en\/wp-json\/wp\/v2\/product"}],"about":[{"href":"https:\/\/life4padel.com\/en\/wp-json\/wp\/v2\/types\/product"}],"version-history":[{"count":3,"href":"https:\/\/life4padel.com\/en\/wp-json\/wp\/v2\/product\/31247\/revisions"}],"predecessor-version":[{"id":32729,"href":"https:\/\/life4padel.com\/en\/wp-json\/wp\/v2\/product\/31247\/revisions\/32729"}],"wp:featuredmedia":[{"embeddable":true,"href":"https:\/\/life4padel.com\/en\/wp-json\/wp\/v2\/media\/31524"}],"wp:attachment":[{"href":"https:\/\/life4padel.com\/en\/wp-json\/wp\/v2\/media?parent=31247"}],"wp:term":[{"taxonomy":"product_brand","embeddable":true,"href":"https:\/\/life4padel.com\/en\/wp-json\/wp\/v2\/product_brand?post=31247"},{"taxonomy":"product_cat","embeddable":true,"href":"https:\/\/life4padel.com\/en\/wp-json\/wp\/v2\/product_cat?post=31247"},{"taxonomy":"product_tag","embeddable":true,"href":"https:\/\/life4padel.com\/en\/wp-json\/wp\/v2\/product_tag?post=31247"}],"curies":[{"name":"wp","href":"https:\/\/api.w.org\/{rel}","templated":true}]}}