{"id":31200,"date":"2026-03-21T22:59:40","date_gmt":"2026-03-21T21:59:40","guid":{"rendered":"https:\/\/dev.life4padel.com\/?post_type=product&#038;p=31200"},"modified":"2026-03-23T20:43:24","modified_gmt":"2026-03-23T19:43:24","slug":"nox-at10-luxury-genius-18k-alum-2026-agustin-tapia","status":"publish","type":"product","link":"https:\/\/life4padel.com\/en\/product\/nox-at10-luxury-genius-18k-alum-2026-agustin-tapia\/","title":{"rendered":"Nox AT10 Luxury Genius 18K Alum padel \u00fct\u0151 2026 (Agust\u00edn Tapia)"},"content":{"rendered":"<h3 data-path-to-node=\"6\"><b data-path-to-node=\"6\" data-index-in-node=\"0\">The Genius of Catamarca\u2019s Signature Model<\/b><\/h3>\n<p data-path-to-node=\"7\"><span class=\"\">The <\/span><b class=\"\" data-path-to-node=\"7\" data-index-in-node=\"4\">NOX padel racket AT10 Luxury Genius 18K Aluminum 2026<\/b><span class=\"\"> is the result of years of evolution alongside <\/span><b class=\"\" data-path-to-node=\"7\" data-index-in-node=\"104\">Agust\u00edn Tapia<\/b><span class=\"\">.<\/span><span class=\"\"> This model is specifically designed for players who want a versatile tool that excels in both defense and attack.<\/span><span class=\"\"> Furthermore,<\/span><span class=\"\"> the teardrop geometry ensures a massive sweet spot and perfect maneuverability.<\/span><span class=\"\"> Therefore,<\/span><span class=\"\"> you can handle the most difficult shots with total confidence.<\/span> <b class=\"\" data-path-to-node=\"7\" data-index-in-node=\"400\">Life4Padel<\/b><span class=\"\"> recommends this <\/span><b class=\"\" data-path-to-node=\"7\" data-index-in-node=\"427\">professional performance<\/b><span class=\"\"> gear for advanced and elite players.<\/span><\/p>\n<h3 data-path-to-node=\"8\"><b data-path-to-node=\"8\" data-index-in-node=\"0\">Elite 18K Aluminum Carbon Technology<\/b><\/h3>\n<p data-path-to-node=\"9\"><span class=\"\">Nox has used its most advanced materials to ensure this <\/span><b class=\"\" data-path-to-node=\"9\" data-index-in-node=\"56\">padel racket<\/b><span class=\"\"> performs consistently in any environment.<\/span><\/p>\n<ul data-path-to-node=\"10\">\n<li>\n<p data-path-to-node=\"10,0,0\"><b class=\"\" data-path-to-node=\"10,0,0\" data-index-in-node=\"0\">18K Aluminized Carbon:<\/b><span class=\"\"> This premium <\/span><b class=\"\" data-path-to-node=\"10,0,0\" data-index-in-node=\"36\">18K Aluminum<\/b><span class=\"\"> surface provides a unique,<\/span><span class=\"\"> firm touch.<\/span><span class=\"\"> Consequently,<\/span><span class=\"\"> it reflects solar radiation to keep the racket&#8217;s feel stable during hot summer matches.<\/span><\/p>\n<\/li>\n<li>\n<p data-path-to-node=\"10,1,0\"><b class=\"\" data-path-to-node=\"10,1,0\" data-index-in-node=\"0\">MLD Black Eva Core:<\/b><span class=\"\"> The multilayered foam provides a sophisticated ball output.<\/span><span class=\"\"> As a result,<\/span><span class=\"\"> this <\/span><b class=\"\" data-path-to-node=\"10,1,0\" data-index-in-node=\"98\">padel racket<\/b><span class=\"\"> feels soft on slow shots but delivers explosive power during smashes.<\/span><\/p>\n<\/li>\n<li>\n<p data-path-to-node=\"10,2,0\"><b class=\"\" data-path-to-node=\"10,2,0\" data-index-in-node=\"0\">Rough Surface:<\/b><span class=\"\"> The face features a permanent sand-finish texture.<\/span><span class=\"\"> Moreover,<\/span><span class=\"\"> it allows you to apply professional-level spin to your serves and volleys.<\/span><\/p>\n<\/li>\n<li>\n<p data-path-to-node=\"10,3,0\"><b class=\"\" data-path-to-node=\"10,3,0\" data-index-in-node=\"0\">Structural Rigidity:<\/b><span class=\"\"> The 100% carbon frame enhances the durability of the <\/span><b class=\"\" data-path-to-node=\"10,3,0\" data-index-in-node=\"74\">padel racket<\/b><span class=\"\">.<\/span><span class=\"\"> In addition,<\/span><span class=\"\"> it provides the stability required for high-intensity competition.<\/span><\/p>\n<\/li>\n<\/ul>\n<h3 data-path-to-node=\"11\"><b data-path-to-node=\"11\" data-index-in-node=\"0\">Innovative Comfort and Safety<\/b><\/h3>\n<p data-path-to-node=\"12\"><span class=\"\">The <\/span><b class=\"\" data-path-to-node=\"12\" data-index-in-node=\"4\">NOX padel racket AT10 Luxury Genius 18K Aluminum 2026<\/b><span class=\"\"> incorporates the latest health-focused technologies.<\/span><\/p>\n<ul data-path-to-node=\"13\">\n<li>\n<p data-path-to-node=\"13,0,0\"><b class=\"\" data-path-to-node=\"13,0,0\" data-index-in-node=\"0\">Pulse System:<\/b><span class=\"\"> Specialized vibration absorbers in the handle protect your joints.<\/span><span class=\"\"> Thus,<\/span><span class=\"\"> it significantly improves your <\/span><b class=\"\" data-path-to-node=\"13,0,0\" data-index-in-node=\"118\">grip comfort<\/b><span class=\"\"> and prevents injuries like tennis elbow.<\/span><\/p>\n<\/li>\n<li>\n<p data-path-to-node=\"13,1,0\"><b class=\"\" data-path-to-node=\"13,1,0\" data-index-in-node=\"0\">EOS Flap:<\/b><span class=\"\"> Lateral aerodynamic windows make the <\/span><b class=\"\" data-path-to-node=\"13,1,0\" data-index-in-node=\"47\">padel racket<\/b><span class=\"\"> incredibly fast to move.<\/span><span class=\"\"> Consequently,<\/span><span class=\"\"> your reaction time at the net becomes a major advantage.<\/span><\/p>\n<\/li>\n<li>\n<p data-path-to-node=\"13,2,0\"><b class=\"\" data-path-to-node=\"13,2,0\" data-index-in-node=\"0\">SmartStrap System:<\/b><span class=\"\"> This <\/span><b class=\"\" data-path-to-node=\"13,2,0\" data-index-in-node=\"24\">Agust\u00edn Tapia<\/b><span class=\"\"> model includes a replaceable and washable safety cord.<\/span><span class=\"\"> Therefore,<\/span><span class=\"\"> you can easily maintain the hygiene and look of your <\/span><b class=\"\" data-path-to-node=\"13,2,0\" data-index-in-node=\"157\">professional performance<\/b><span class=\"\"> gear.<\/span><\/p>\n<\/li>\n<\/ul>\n<h3 data-path-to-node=\"14\"><b data-path-to-node=\"14\" data-index-in-node=\"0\">Why Shop at Life4Padel?<\/b><\/h3>\n<p data-path-to-node=\"15\"><span class=\"\">The <\/span><b class=\"\" data-path-to-node=\"15\" data-index-in-node=\"4\">NOX padel racket AT10 Luxury Genius 18K Aluminum 2026<\/b><span class=\"\"> is a true masterpiece of the <\/span><b class=\"\" data-path-to-node=\"15\" data-index-in-node=\"87\">2026 collection<\/b><span class=\"\">.<\/span><span class=\"\"> At <\/span><b class=\"\" data-path-to-node=\"15\" data-index-in-node=\"107\">Life4Padel<\/b><span class=\"\">,<\/span><span class=\"\"> we are committed to providing only the best authentic equipment for the padel community.<\/span><span class=\"\"> This <\/span><b class=\"\" data-path-to-node=\"15\" data-index-in-node=\"213\">18K Aluminum<\/b><span class=\"\"> weapon will help you master every corner of the court.<\/span><span class=\"\"> Order now and play with the same technology used by the world&#8217;s best player!<\/span><\/p>","protected":false},"excerpt":{"rendered":"<div class=\"product attribute overview\">\n<div class=\"value\">Buy the <strong>official Racket of Agust\u00edn Tapia<\/strong> for the 2026 season and successfully adapt to any game situation.<\/div>\n<\/div>\n<div class=\"product-info-price\">\n<div class=\"price-box price-final_price\" data-role=\"priceBox\" data-product-id=\"1690688\" data-price-box=\"product-id-1690688\"><\/div>\n<\/div>","protected":false},"featured_media":31307,"template":"","meta":[],"product_brand":[87],"product_cat":[257,215,217,216],"product_tag":[],"class_list":{"0":"post-31200","1":"product","2":"type-product","3":"status-publish","4":"has-post-thumbnail","6":"product_brand-nox","7":"product_cat-2026-padel-uto","8":"product_cat-halado","9":"product_cat-nox","10":"product_cat-padel-utok","12":"first","13":"instock","14":"shipping-taxable","15":"purchasable","16":"product-type-simple"},"yoast_head":"<!-- This site is optimized with the Yoast SEO plugin v27.4 - https:\/\/yoast.com\/product\/yoast-seo-wordpress\/ -->\n<title>NOX AT10 Luxury Genius 18K Alum 2026 - Agust\u00edn Tapia Signature<\/title>\n<meta name=\"description\" content=\"NOX ML10 Luxury Shotgun Orange 2026 padel racket. Diamond shape and 12K Carbon for explosive power. Shop Miguel Lamperti at Life4Padel!\" \/>\n<meta name=\"robots\" content=\"index, follow, max-snippet:-1, max-image-preview:large, max-video-preview:-1\" \/>\n<link rel=\"canonical\" href=\"https:\/\/life4padel.com\/en\/product\/nox-at10-luxury-genius-18k-alum-2026-agustin-tapia\/\" \/>\n<meta property=\"og:locale\" content=\"en_GB\" \/>\n<meta property=\"og:type\" content=\"article\" \/>\n<meta property=\"og:title\" content=\"NOX AT10 Luxury Genius 18K Alum 2026 - Agust\u00edn Tapia Signature\" \/>\n<meta property=\"og:description\" content=\"NOX ML10 Luxury Shotgun Orange 2026 padel racket. Diamond shape and 12K Carbon for explosive power. Shop Miguel Lamperti at Life4Padel!\" \/>\n<meta property=\"og:url\" content=\"https:\/\/life4padel.com\/en\/product\/nox-at10-luxury-genius-18k-alum-2026-agustin-tapia\/\" \/>\n<meta property=\"og:site_name\" content=\"Life4Padel\" \/>\n<meta property=\"article:modified_time\" content=\"2026-03-23T19:43:24+00:00\" \/>\n<meta property=\"og:image\" content=\"https:\/\/life4padel.com\/wp-content\/uploads\/2026\/03\/120970-pala-nox-at10-genius-18k-alumby-agustin-tapia-1500x1500-2.webp\" \/>\n\t<meta property=\"og:image:width\" content=\"1500\" \/>\n\t<meta property=\"og:image:height\" content=\"1500\" \/>\n\t<meta property=\"og:image:type\" content=\"image\/webp\" \/>\n<meta name=\"twitter:card\" content=\"summary_large_image\" \/>\n<meta name=\"twitter:label1\" content=\"Estimated reading time\" \/>\n\t<meta name=\"twitter:data1\" content=\"2 minutes\" \/>\n<script type=\"application\/ld+json\" class=\"yoast-schema-graph\">{\"@context\":\"https:\\\/\\\/schema.org\",\"@graph\":[{\"@type\":\"WebPage\",\"@id\":\"https:\\\/\\\/life4padel.com\\\/termek\\\/nox-at10-luxury-genius-18k-alum-2026-agustin-tapia\\\/\",\"url\":\"https:\\\/\\\/life4padel.com\\\/termek\\\/nox-at10-luxury-genius-18k-alum-2026-agustin-tapia\\\/\",\"name\":\"NOX AT10 Luxury Genius 18K Alum 2026 - Agust\u00edn Tapia Signature\",\"isPartOf\":{\"@id\":\"https:\\\/\\\/life4padel.com\\\/#website\"},\"primaryImageOfPage\":{\"@id\":\"https:\\\/\\\/life4padel.com\\\/termek\\\/nox-at10-luxury-genius-18k-alum-2026-agustin-tapia\\\/#primaryimage\"},\"image\":{\"@id\":\"https:\\\/\\\/life4padel.com\\\/termek\\\/nox-at10-luxury-genius-18k-alum-2026-agustin-tapia\\\/#primaryimage\"},\"thumbnailUrl\":\"https:\\\/\\\/life4padel.com\\\/wp-content\\\/uploads\\\/2026\\\/03\\\/120970-pala-nox-at10-genius-18k-alumby-agustin-tapia-1500x1500-2.webp\",\"datePublished\":\"2026-03-21T21:59:40+00:00\",\"dateModified\":\"2026-03-23T19:43:24+00:00\",\"description\":\"NOX ML10 Luxury Shotgun Orange 2026 padel racket. Diamond shape and 12K Carbon for explosive power. Shop Miguel Lamperti at Life4Padel!\",\"breadcrumb\":{\"@id\":\"https:\\\/\\\/life4padel.com\\\/termek\\\/nox-at10-luxury-genius-18k-alum-2026-agustin-tapia\\\/#breadcrumb\"},\"inLanguage\":\"en-GB\",\"potentialAction\":[{\"@type\":\"ReadAction\",\"target\":[\"https:\\\/\\\/life4padel.com\\\/termek\\\/nox-at10-luxury-genius-18k-alum-2026-agustin-tapia\\\/\"]}]},{\"@type\":\"ImageObject\",\"inLanguage\":\"en-GB\",\"@id\":\"https:\\\/\\\/life4padel.com\\\/termek\\\/nox-at10-luxury-genius-18k-alum-2026-agustin-tapia\\\/#primaryimage\",\"url\":\"https:\\\/\\\/life4padel.com\\\/wp-content\\\/uploads\\\/2026\\\/03\\\/120970-pala-nox-at10-genius-18k-alumby-agustin-tapia-1500x1500-2.webp\",\"contentUrl\":\"https:\\\/\\\/life4padel.com\\\/wp-content\\\/uploads\\\/2026\\\/03\\\/120970-pala-nox-at10-genius-18k-alumby-agustin-tapia-1500x1500-2.webp\",\"width\":1500,\"height\":1500},{\"@type\":\"BreadcrumbList\",\"@id\":\"https:\\\/\\\/life4padel.com\\\/termek\\\/nox-at10-luxury-genius-18k-alum-2026-agustin-tapia\\\/#breadcrumb\",\"itemListElement\":[{\"@type\":\"ListItem\",\"position\":1,\"name\":\"Kezd\u0151lap\",\"item\":\"https:\\\/\\\/life4padel.com\\\/\"},{\"@type\":\"ListItem\",\"position\":2,\"name\":\"Bolt\",\"item\":\"https:\\\/\\\/life4padel.com\\\/bolt\\\/\"},{\"@type\":\"ListItem\",\"position\":3,\"name\":\"Nox AT10 Luxury Genius 18K Alum padel \u00fct\u0151 2026 (Agust\u00edn Tapia)\"}]},{\"@type\":\"WebSite\",\"@id\":\"https:\\\/\\\/life4padel.com\\\/#website\",\"url\":\"https:\\\/\\\/life4padel.com\\\/\",\"name\":\"Life4Padel\",\"description\":\"\",\"publisher\":{\"@id\":\"https:\\\/\\\/life4padel.com\\\/#\\\/schema\\\/person\\\/8e2b3df012327b0109bf4328db045abc\"},\"potentialAction\":[{\"@type\":\"SearchAction\",\"target\":{\"@type\":\"EntryPoint\",\"urlTemplate\":\"https:\\\/\\\/life4padel.com\\\/?s={search_term_string}\"},\"query-input\":{\"@type\":\"PropertyValueSpecification\",\"valueRequired\":true,\"valueName\":\"search_term_string\"}}],\"inLanguage\":\"en-GB\"},{\"@type\":[\"Person\",\"Organization\"],\"@id\":\"https:\\\/\\\/life4padel.com\\\/#\\\/schema\\\/person\\\/8e2b3df012327b0109bf4328db045abc\",\"name\":\"patrik.galla\",\"image\":{\"@type\":\"ImageObject\",\"inLanguage\":\"en-GB\",\"@id\":\"https:\\\/\\\/dev.life4padel.com\\\/wp-content\\\/uploads\\\/2026\\\/03\\\/logo-09-1-scaled.png\",\"url\":\"https:\\\/\\\/dev.life4padel.com\\\/wp-content\\\/uploads\\\/2026\\\/03\\\/logo-09-1-scaled.png\",\"contentUrl\":\"https:\\\/\\\/dev.life4padel.com\\\/wp-content\\\/uploads\\\/2026\\\/03\\\/logo-09-1-scaled.png\",\"width\":2560,\"height\":705,\"caption\":\"patrik.galla\"},\"logo\":{\"@id\":\"https:\\\/\\\/dev.life4padel.com\\\/wp-content\\\/uploads\\\/2026\\\/03\\\/logo-09-1-scaled.png\"}}]}<\/script>\n<!-- \/ Yoast SEO plugin. -->","yoast_head_json":{"title":"NOX AT10 Luxury Genius 18K Alum 2026 - Agust\u00edn Tapia Signature","description":"NOX ML10 Luxury Shotgun Orange 2026 padel racket. Diamond shape and 12K Carbon for explosive power. Shop Miguel Lamperti at Life4Padel!","robots":{"index":"index","follow":"follow","max-snippet":"max-snippet:-1","max-image-preview":"max-image-preview:large","max-video-preview":"max-video-preview:-1"},"canonical":"https:\/\/life4padel.com\/en\/product\/nox-at10-luxury-genius-18k-alum-2026-agustin-tapia\/","og_locale":"en_GB","og_type":"article","og_title":"NOX AT10 Luxury Genius 18K Alum 2026 - Agust\u00edn Tapia Signature","og_description":"NOX ML10 Luxury Shotgun Orange 2026 padel racket. Diamond shape and 12K Carbon for explosive power. Shop Miguel Lamperti at Life4Padel!","og_url":"https:\/\/life4padel.com\/en\/product\/nox-at10-luxury-genius-18k-alum-2026-agustin-tapia\/","og_site_name":"Life4Padel","article_modified_time":"2026-03-23T19:43:24+00:00","og_image":[{"width":1500,"height":1500,"url":"https:\/\/life4padel.com\/wp-content\/uploads\/2026\/03\/120970-pala-nox-at10-genius-18k-alumby-agustin-tapia-1500x1500-2.webp","type":"image\/webp"}],"twitter_card":"summary_large_image","twitter_misc":{"Estimated reading time":"2 minutes"},"schema":{"@context":"https:\/\/schema.org","@graph":[{"@type":"WebPage","@id":"https:\/\/life4padel.com\/termek\/nox-at10-luxury-genius-18k-alum-2026-agustin-tapia\/","url":"https:\/\/life4padel.com\/termek\/nox-at10-luxury-genius-18k-alum-2026-agustin-tapia\/","name":"NOX AT10 Luxury Genius 18K Alum 2026 - Agust\u00edn Tapia Signature","isPartOf":{"@id":"https:\/\/life4padel.com\/#website"},"primaryImageOfPage":{"@id":"https:\/\/life4padel.com\/termek\/nox-at10-luxury-genius-18k-alum-2026-agustin-tapia\/#primaryimage"},"image":{"@id":"https:\/\/life4padel.com\/termek\/nox-at10-luxury-genius-18k-alum-2026-agustin-tapia\/#primaryimage"},"thumbnailUrl":"https:\/\/life4padel.com\/wp-content\/uploads\/2026\/03\/120970-pala-nox-at10-genius-18k-alumby-agustin-tapia-1500x1500-2.webp","datePublished":"2026-03-21T21:59:40+00:00","dateModified":"2026-03-23T19:43:24+00:00","description":"NOX ML10 Luxury Shotgun Orange 2026 padel racket. Diamond shape and 12K Carbon for explosive power. Shop Miguel Lamperti at Life4Padel!","breadcrumb":{"@id":"https:\/\/life4padel.com\/termek\/nox-at10-luxury-genius-18k-alum-2026-agustin-tapia\/#breadcrumb"},"inLanguage":"en-GB","potentialAction":[{"@type":"ReadAction","target":["https:\/\/life4padel.com\/termek\/nox-at10-luxury-genius-18k-alum-2026-agustin-tapia\/"]}]},{"@type":"ImageObject","inLanguage":"en-GB","@id":"https:\/\/life4padel.com\/termek\/nox-at10-luxury-genius-18k-alum-2026-agustin-tapia\/#primaryimage","url":"https:\/\/life4padel.com\/wp-content\/uploads\/2026\/03\/120970-pala-nox-at10-genius-18k-alumby-agustin-tapia-1500x1500-2.webp","contentUrl":"https:\/\/life4padel.com\/wp-content\/uploads\/2026\/03\/120970-pala-nox-at10-genius-18k-alumby-agustin-tapia-1500x1500-2.webp","width":1500,"height":1500},{"@type":"BreadcrumbList","@id":"https:\/\/life4padel.com\/termek\/nox-at10-luxury-genius-18k-alum-2026-agustin-tapia\/#breadcrumb","itemListElement":[{"@type":"ListItem","position":1,"name":"Kezd\u0151lap","item":"https:\/\/life4padel.com\/"},{"@type":"ListItem","position":2,"name":"Bolt","item":"https:\/\/life4padel.com\/bolt\/"},{"@type":"ListItem","position":3,"name":"Nox AT10 Luxury Genius 18K Alum padel \u00fct\u0151 2026 (Agust\u00edn Tapia)"}]},{"@type":"WebSite","@id":"https:\/\/life4padel.com\/#website","url":"https:\/\/life4padel.com\/","name":"Life4Padel","description":"","publisher":{"@id":"https:\/\/life4padel.com\/#\/schema\/person\/8e2b3df012327b0109bf4328db045abc"},"potentialAction":[{"@type":"SearchAction","target":{"@type":"EntryPoint","urlTemplate":"https:\/\/life4padel.com\/?s={search_term_string}"},"query-input":{"@type":"PropertyValueSpecification","valueRequired":true,"valueName":"search_term_string"}}],"inLanguage":"en-GB"},{"@type":["Person","Organization"],"@id":"https:\/\/life4padel.com\/#\/schema\/person\/8e2b3df012327b0109bf4328db045abc","name":"patrik.galla","image":{"@type":"ImageObject","inLanguage":"en-GB","@id":"https:\/\/dev.life4padel.com\/wp-content\/uploads\/2026\/03\/logo-09-1-scaled.png","url":"https:\/\/dev.life4padel.com\/wp-content\/uploads\/2026\/03\/logo-09-1-scaled.png","contentUrl":"https:\/\/dev.life4padel.com\/wp-content\/uploads\/2026\/03\/logo-09-1-scaled.png","width":2560,"height":705,"caption":"patrik.galla"},"logo":{"@id":"https:\/\/dev.life4padel.com\/wp-content\/uploads\/2026\/03\/logo-09-1-scaled.png"}}]}},"jetpack_sharing_enabled":true,"_links":{"self":[{"href":"https:\/\/life4padel.com\/en\/wp-json\/wp\/v2\/product\/31200","targetHints":{"allow":["GET"]}}],"collection":[{"href":"https:\/\/life4padel.com\/en\/wp-json\/wp\/v2\/product"}],"about":[{"href":"https:\/\/life4padel.com\/en\/wp-json\/wp\/v2\/types\/product"}],"version-history":[{"count":2,"href":"https:\/\/life4padel.com\/en\/wp-json\/wp\/v2\/product\/31200\/revisions"}],"predecessor-version":[{"id":31867,"href":"https:\/\/life4padel.com\/en\/wp-json\/wp\/v2\/product\/31200\/revisions\/31867"}],"wp:featuredmedia":[{"embeddable":true,"href":"https:\/\/life4padel.com\/en\/wp-json\/wp\/v2\/media\/31307"}],"wp:attachment":[{"href":"https:\/\/life4padel.com\/en\/wp-json\/wp\/v2\/media?parent=31200"}],"wp:term":[{"taxonomy":"product_brand","embeddable":true,"href":"https:\/\/life4padel.com\/en\/wp-json\/wp\/v2\/product_brand?post=31200"},{"taxonomy":"product_cat","embeddable":true,"href":"https:\/\/life4padel.com\/en\/wp-json\/wp\/v2\/product_cat?post=31200"},{"taxonomy":"product_tag","embeddable":true,"href":"https:\/\/life4padel.com\/en\/wp-json\/wp\/v2\/product_tag?post=31200"}],"curies":[{"name":"wp","href":"https:\/\/api.w.org\/{rel}","templated":true}]}}