{"id":30332,"date":"2026-03-21T22:47:00","date_gmt":"2026-03-21T21:47:00","guid":{"rendered":"https:\/\/dev.life4padel.com\/?post_type=product&#038;p=30332"},"modified":"2026-05-08T17:06:52","modified_gmt":"2026-05-08T15:06:52","slug":"babolat-technical-veron-2025-padel-uto","status":"publish","type":"product","link":"https:\/\/life4padel.com\/en\/product\/babolat-technical-veron-2025-padel-uto\/","title":{"rendered":"Babolat Technical Veron padel \u00fct\u0151 2025"},"content":{"rendered":"<h2 data-path-to-node=\"9\"><b data-path-to-node=\"9\" data-index-in-node=\"0\">Babolat Technical Veron 2025 \u2013 Precizit\u00e1s, ami nem b\u00fcnteti a karodat<\/b><\/h2>\n<p data-path-to-node=\"10\">Sokszor halljuk a <b data-path-to-node=\"10\" data-index-in-node=\"18\">Life4Padel<\/b>-n\u00e9l, hogy a j\u00e1t\u00e9kosok v\u00e1gynak a profi Technical Viper erej\u00e9re, de tartanak annak kem\u00e9nys\u00e9g\u00e9t\u0151l. Erre a dilemm\u00e1ra a v\u00e1lasz a <b data-path-to-node=\"10\" data-index-in-node=\"153\">Babolat Technical Veron 2025<\/b>. Ez az \u00fct\u0151 a \u201eDinamikus Er\u0151\u201d koncepci\u00f3ra \u00e9p\u00fcl: megadja azt a sebess\u00e9get, amivel lez\u00e1rhatod a pontot, de a rugalmasabb fel\u00fclete miatt sokkal bar\u00e1ts\u00e1gosabb a tal\u00e1lat \u00e9rzete.<\/p>\n<h3 data-path-to-node=\"11\"><b data-path-to-node=\"11\" data-index-in-node=\"0\">Mi\u00e9rt v\u00e1laszd ezt a modellt?<\/b><\/h3>\n<p data-path-to-node=\"12\">A Babolat itt a technol\u00f3gi\u00e1k olyan kever\u00e9k\u00e9t haszn\u00e1lja, ami seg\u00edt kihozni bel\u0151led a maximumot:<\/p>\n<ul data-path-to-node=\"13\">\n<li>\n<p data-path-to-node=\"13,0,0\"><b data-path-to-node=\"13,0,0\" data-index-in-node=\"0\">Carbon Flex fel\u00fclet:<\/b> Ez a titkos fegyver. A karbon erej\u00e9t az \u00fcvegsz\u00e1l rugalmass\u00e1g\u00e1val \u00f6tv\u00f6zt\u00e9k. Az eredm\u00e9ny? Egy olyan fel\u00fclet, ami seg\u00edt &#8222;kil\u0151ni&#8221; a labd\u00e1t, \u00edgy kevesebb er\u0151kifejt\u00e9ssel is hatalmasat \u00fcthetsz.<\/p>\n<\/li>\n<li>\n<p data-path-to-node=\"13,1,0\"><b data-path-to-node=\"13,1,0\" data-index-in-node=\"0\">3D Spin+ Technol\u00f3gia:<\/b> Az \u00fct\u0151fel\u00fclet \u00e9rdes\u00edtett, szemcs\u00e9s bevonatot kapott. Ez seg\u00edt abban, hogy a nyesett r\u00f6pt\u00e9id \u00e9s a p\u00f6rgetett szerv\u00e1id extra csavart kapjanak, amivel az \u0151r\u00fcletbe kergetheted az ellenfelet.<\/p>\n<\/li>\n<li>\n<p data-path-to-node=\"13,2,0\"><b data-path-to-node=\"13,2,0\" data-index-in-node=\"0\">Vibrasorb System:<\/b> A nyak r\u00e9szbe \u00e9p\u00edtett elasztomer anyag hat\u00e9konyan nyeli el a k\u00e1ros rezg\u00e9seket. Mi a <b data-path-to-node=\"13,2,0\" data-index-in-node=\"102\">Life4Padel<\/b>-n\u00e9l k\u00fcl\u00f6n\u00f6sen aj\u00e1nljuk ezt azoknak, akik sokat j\u00e1tszanak, \u00e9s szeretn\u00e9k megv\u00e9deni az \u00edz\u00fcleteiket.<\/p>\n<\/li>\n<\/ul>\n<h3 data-path-to-node=\"14\"><b data-path-to-node=\"14\" data-index-in-node=\"0\">Technikai t\u00e1mad\u00e1s fels\u0151fokon \u2013 Life4Padel tippek<\/b><\/h3>\n<p data-path-to-node=\"15\">A <b data-path-to-node=\"15\" data-index-in-node=\"2\">Babolat Technical Veron 2025<\/b> gy\u00e9m\u00e1nt alakja \u00e9s fejneh\u00e9z s\u00falyoz\u00e1sa egy\u00e9rtelm\u0171en a t\u00e1mad\u00f3knak kedvez. Azonban a Holes Pattern System (a lyukak speci\u00e1lis elrendez\u00e9se) seg\u00edt abban, hogy a v\u00e9dekez\u0151 \u00fct\u00e9sek \u00e9s a loppok is pontosak maradjanak.<\/p>\n<p data-path-to-node=\"16\">A higi\u00e9ni\u00e1ra \u00e9s a tart\u00f3ss\u00e1gra is figyeltek: a Smart Buttcap rendszerrel a csukl\u00f3p\u00e1ntod b\u00e1rmikor levehet\u0151 \u00e9s moshat\u00f3. N\u00e1lunk a <b data-path-to-node=\"16\" data-index-in-node=\"126\">Life4Padel<\/b>-n\u00e9l ez az \u00fct\u0151 a kedvenc\u00fcnk a halad\u00f3 j\u00e1t\u00e9kosok k\u00f6r\u00e9ben, mert ez adja a legjobb \u00e1r-\u00e9rt\u00e9k ar\u00e1nyt a profi teljes\u00edtm\u00e9ny \u00e9s a j\u00e1tszhat\u00f3s\u00e1g k\u00f6z\u00f6tt.<\/p>\n<p data-path-to-node=\"17\"><b data-path-to-node=\"17\" data-index-in-node=\"0\">Ne \u00e9rd be kevesebbel! Rendeld meg a Babolat Technical Veron 2025 \u00fct\u0151t a <a href=\"https:\/\/life4padel.com\/\">Life4Padel<\/a> webshopb\u00f3l, \u00e9s \u00e9lvezd a dinamikus er\u0151t minden egyes pontn\u00e1l!<\/b><\/p>","protected":false},"excerpt":{"rendered":"<p>A <b data-path-to-node=\"6\" data-index-in-node=\"2\">Babolat Technical Veron 2025<\/b> a dinamikus er\u0151 mestere. Ha szereted a prec\u00edz, technikai j\u00e1t\u00e9kot, de sz\u00fcks\u00e9ged van egy kis extra rugalmass\u00e1gra a befejez\u00e9sekhez, a <b data-path-to-node=\"6\" data-index-in-node=\"162\">Life4Padel<\/b> csapata ezt az \u00fct\u0151t javasolja neked. Stabil, pontos \u00e9s meglep\u0151en k\u00e9nyelmes!<\/p>","protected":false},"featured_media":30548,"template":"","meta":[],"product_brand":[88],"product_cat":[213,228,222,216],"product_tag":[],"class_list":{"0":"post-30332","1":"product","2":"type-product","3":"status-publish","4":"has-post-thumbnail","6":"product_brand-babolat","7":"product_cat-2025-padel-uto","8":"product_cat-babolat","9":"product_cat-kozephalado","10":"product_cat-padel-utok","12":"first","13":"instock","14":"shipping-taxable","15":"purchasable","16":"product-type-simple"},"yoast_head":"<!-- This site is optimized with the Yoast SEO plugin v27.6 - https:\/\/yoast.com\/product\/yoast-seo-wordpress\/ -->\n<title>Babolat Technical Veron 2025 | Dinamikus Er\u0151 - Life4Padel<\/title>\n<meta name=\"description\" content=\"V\u00e1s\u00e1rold meg a Babolat Technical Veron 2025 \u00fct\u0151t a Life4Padeln\u00e9l! Carbon Flex technol\u00f3gia \u00e9s prec\u00edz kontroll a technikai t\u00e1mad\u00f3knak.\" \/>\n<meta name=\"robots\" content=\"index, follow, max-snippet:-1, max-image-preview:large, max-video-preview:-1\" \/>\n<link rel=\"canonical\" href=\"https:\/\/life4padel.com\/en\/product\/babolat-technical-veron-2025-padel-uto\/\" \/>\n<meta property=\"og:locale\" content=\"en_GB\" \/>\n<meta property=\"og:type\" content=\"article\" \/>\n<meta property=\"og:title\" content=\"Babolat Technical Veron 2025 | Dinamikus Er\u0151 - Life4Padel\" \/>\n<meta property=\"og:description\" content=\"V\u00e1s\u00e1rold meg a Babolat Technical Veron 2025 \u00fct\u0151t a Life4Padeln\u00e9l! Carbon Flex technol\u00f3gia \u00e9s prec\u00edz kontroll a technikai t\u00e1mad\u00f3knak.\" \/>\n<meta property=\"og:url\" content=\"https:\/\/life4padel.com\/en\/product\/babolat-technical-veron-2025-padel-uto\/\" \/>\n<meta property=\"og:site_name\" content=\"Life4Padel\" \/>\n<meta property=\"article:modified_time\" content=\"2026-05-08T15:06:52+00:00\" \/>\n<meta property=\"og:image\" content=\"https:\/\/life4padel.com\/wp-content\/uploads\/2026\/03\/115749-pala-babolat-technical-veron-150162-100-2025-1500x1500-1.webp\" \/>\n\t<meta property=\"og:image:width\" content=\"1500\" \/>\n\t<meta property=\"og:image:height\" content=\"1500\" \/>\n\t<meta property=\"og:image:type\" content=\"image\/webp\" \/>\n<meta name=\"twitter:card\" content=\"summary_large_image\" \/>\n<meta name=\"twitter:label1\" content=\"Estimated reading time\" \/>\n\t<meta name=\"twitter:data1\" content=\"2 minutes\" \/>\n<script type=\"application\/ld+json\" class=\"yoast-schema-graph\">{\"@context\":\"https:\\\/\\\/schema.org\",\"@graph\":[{\"@type\":\"WebPage\",\"@id\":\"https:\\\/\\\/life4padel.com\\\/termek\\\/babolat-technical-veron-2025-padel-uto\\\/\",\"url\":\"https:\\\/\\\/life4padel.com\\\/termek\\\/babolat-technical-veron-2025-padel-uto\\\/\",\"name\":\"Babolat Technical Veron 2025 | Dinamikus Er\u0151 - Life4Padel\",\"isPartOf\":{\"@id\":\"https:\\\/\\\/life4padel.com\\\/#website\"},\"primaryImageOfPage\":{\"@id\":\"https:\\\/\\\/life4padel.com\\\/termek\\\/babolat-technical-veron-2025-padel-uto\\\/#primaryimage\"},\"image\":{\"@id\":\"https:\\\/\\\/life4padel.com\\\/termek\\\/babolat-technical-veron-2025-padel-uto\\\/#primaryimage\"},\"thumbnailUrl\":\"https:\\\/\\\/life4padel.com\\\/wp-content\\\/uploads\\\/2026\\\/03\\\/115749-pala-babolat-technical-veron-150162-100-2025-1500x1500-1.webp\",\"datePublished\":\"2026-03-21T21:47:00+00:00\",\"dateModified\":\"2026-05-08T15:06:52+00:00\",\"description\":\"V\u00e1s\u00e1rold meg a Babolat Technical Veron 2025 \u00fct\u0151t a Life4Padeln\u00e9l! Carbon Flex technol\u00f3gia \u00e9s prec\u00edz kontroll a technikai t\u00e1mad\u00f3knak.\",\"breadcrumb\":{\"@id\":\"https:\\\/\\\/life4padel.com\\\/termek\\\/babolat-technical-veron-2025-padel-uto\\\/#breadcrumb\"},\"inLanguage\":\"en-GB\",\"potentialAction\":[{\"@type\":\"ReadAction\",\"target\":[\"https:\\\/\\\/life4padel.com\\\/termek\\\/babolat-technical-veron-2025-padel-uto\\\/\"]}]},{\"@type\":\"ImageObject\",\"inLanguage\":\"en-GB\",\"@id\":\"https:\\\/\\\/life4padel.com\\\/termek\\\/babolat-technical-veron-2025-padel-uto\\\/#primaryimage\",\"url\":\"https:\\\/\\\/life4padel.com\\\/wp-content\\\/uploads\\\/2026\\\/03\\\/115749-pala-babolat-technical-veron-150162-100-2025-1500x1500-1.webp\",\"contentUrl\":\"https:\\\/\\\/life4padel.com\\\/wp-content\\\/uploads\\\/2026\\\/03\\\/115749-pala-babolat-technical-veron-150162-100-2025-1500x1500-1.webp\",\"width\":1500,\"height\":1500},{\"@type\":\"BreadcrumbList\",\"@id\":\"https:\\\/\\\/life4padel.com\\\/termek\\\/babolat-technical-veron-2025-padel-uto\\\/#breadcrumb\",\"itemListElement\":[{\"@type\":\"ListItem\",\"position\":1,\"name\":\"Kezd\u0151lap\",\"item\":\"https:\\\/\\\/life4padel.com\\\/\"},{\"@type\":\"ListItem\",\"position\":2,\"name\":\"Bolt\",\"item\":\"https:\\\/\\\/life4padel.com\\\/bolt\\\/\"},{\"@type\":\"ListItem\",\"position\":3,\"name\":\"Babolat Technical Veron padel \u00fct\u0151 2025\"}]},{\"@type\":\"WebSite\",\"@id\":\"https:\\\/\\\/life4padel.com\\\/#website\",\"url\":\"https:\\\/\\\/life4padel.com\\\/\",\"name\":\"Life4Padel\",\"description\":\"\",\"publisher\":{\"@id\":\"https:\\\/\\\/life4padel.com\\\/#\\\/schema\\\/person\\\/8e2b3df012327b0109bf4328db045abc\"},\"potentialAction\":[{\"@type\":\"SearchAction\",\"target\":{\"@type\":\"EntryPoint\",\"urlTemplate\":\"https:\\\/\\\/life4padel.com\\\/?s={search_term_string}\"},\"query-input\":{\"@type\":\"PropertyValueSpecification\",\"valueRequired\":true,\"valueName\":\"search_term_string\"}}],\"inLanguage\":\"en-GB\"},{\"@type\":[\"Person\",\"Organization\"],\"@id\":\"https:\\\/\\\/life4padel.com\\\/#\\\/schema\\\/person\\\/8e2b3df012327b0109bf4328db045abc\",\"name\":\"patrik.galla\",\"image\":{\"@type\":\"ImageObject\",\"inLanguage\":\"en-GB\",\"@id\":\"https:\\\/\\\/dev.life4padel.com\\\/wp-content\\\/uploads\\\/2026\\\/03\\\/logo-09-1-scaled.png\",\"url\":\"https:\\\/\\\/dev.life4padel.com\\\/wp-content\\\/uploads\\\/2026\\\/03\\\/logo-09-1-scaled.png\",\"contentUrl\":\"https:\\\/\\\/dev.life4padel.com\\\/wp-content\\\/uploads\\\/2026\\\/03\\\/logo-09-1-scaled.png\",\"width\":2560,\"height\":705,\"caption\":\"patrik.galla\"},\"logo\":{\"@id\":\"https:\\\/\\\/dev.life4padel.com\\\/wp-content\\\/uploads\\\/2026\\\/03\\\/logo-09-1-scaled.png\"}}]}<\/script>\n<!-- \/ Yoast SEO plugin. -->","yoast_head_json":{"title":"Babolat Technical Veron 2025 | Dinamikus Er\u0151 - Life4Padel","description":"V\u00e1s\u00e1rold meg a Babolat Technical Veron 2025 \u00fct\u0151t a Life4Padeln\u00e9l! Carbon Flex technol\u00f3gia \u00e9s prec\u00edz kontroll a technikai t\u00e1mad\u00f3knak.","robots":{"index":"index","follow":"follow","max-snippet":"max-snippet:-1","max-image-preview":"max-image-preview:large","max-video-preview":"max-video-preview:-1"},"canonical":"https:\/\/life4padel.com\/en\/product\/babolat-technical-veron-2025-padel-uto\/","og_locale":"en_GB","og_type":"article","og_title":"Babolat Technical Veron 2025 | Dinamikus Er\u0151 - Life4Padel","og_description":"V\u00e1s\u00e1rold meg a Babolat Technical Veron 2025 \u00fct\u0151t a Life4Padeln\u00e9l! Carbon Flex technol\u00f3gia \u00e9s prec\u00edz kontroll a technikai t\u00e1mad\u00f3knak.","og_url":"https:\/\/life4padel.com\/en\/product\/babolat-technical-veron-2025-padel-uto\/","og_site_name":"Life4Padel","article_modified_time":"2026-05-08T15:06:52+00:00","og_image":[{"width":1500,"height":1500,"url":"https:\/\/life4padel.com\/wp-content\/uploads\/2026\/03\/115749-pala-babolat-technical-veron-150162-100-2025-1500x1500-1.webp","type":"image\/webp"}],"twitter_card":"summary_large_image","twitter_misc":{"Estimated reading time":"2 minutes"},"schema":{"@context":"https:\/\/schema.org","@graph":[{"@type":"WebPage","@id":"https:\/\/life4padel.com\/termek\/babolat-technical-veron-2025-padel-uto\/","url":"https:\/\/life4padel.com\/termek\/babolat-technical-veron-2025-padel-uto\/","name":"Babolat Technical Veron 2025 | Dinamikus Er\u0151 - Life4Padel","isPartOf":{"@id":"https:\/\/life4padel.com\/#website"},"primaryImageOfPage":{"@id":"https:\/\/life4padel.com\/termek\/babolat-technical-veron-2025-padel-uto\/#primaryimage"},"image":{"@id":"https:\/\/life4padel.com\/termek\/babolat-technical-veron-2025-padel-uto\/#primaryimage"},"thumbnailUrl":"https:\/\/life4padel.com\/wp-content\/uploads\/2026\/03\/115749-pala-babolat-technical-veron-150162-100-2025-1500x1500-1.webp","datePublished":"2026-03-21T21:47:00+00:00","dateModified":"2026-05-08T15:06:52+00:00","description":"V\u00e1s\u00e1rold meg a Babolat Technical Veron 2025 \u00fct\u0151t a Life4Padeln\u00e9l! Carbon Flex technol\u00f3gia \u00e9s prec\u00edz kontroll a technikai t\u00e1mad\u00f3knak.","breadcrumb":{"@id":"https:\/\/life4padel.com\/termek\/babolat-technical-veron-2025-padel-uto\/#breadcrumb"},"inLanguage":"en-GB","potentialAction":[{"@type":"ReadAction","target":["https:\/\/life4padel.com\/termek\/babolat-technical-veron-2025-padel-uto\/"]}]},{"@type":"ImageObject","inLanguage":"en-GB","@id":"https:\/\/life4padel.com\/termek\/babolat-technical-veron-2025-padel-uto\/#primaryimage","url":"https:\/\/life4padel.com\/wp-content\/uploads\/2026\/03\/115749-pala-babolat-technical-veron-150162-100-2025-1500x1500-1.webp","contentUrl":"https:\/\/life4padel.com\/wp-content\/uploads\/2026\/03\/115749-pala-babolat-technical-veron-150162-100-2025-1500x1500-1.webp","width":1500,"height":1500},{"@type":"BreadcrumbList","@id":"https:\/\/life4padel.com\/termek\/babolat-technical-veron-2025-padel-uto\/#breadcrumb","itemListElement":[{"@type":"ListItem","position":1,"name":"Kezd\u0151lap","item":"https:\/\/life4padel.com\/"},{"@type":"ListItem","position":2,"name":"Bolt","item":"https:\/\/life4padel.com\/bolt\/"},{"@type":"ListItem","position":3,"name":"Babolat Technical Veron padel \u00fct\u0151 2025"}]},{"@type":"WebSite","@id":"https:\/\/life4padel.com\/#website","url":"https:\/\/life4padel.com\/","name":"Life4Padel","description":"","publisher":{"@id":"https:\/\/life4padel.com\/#\/schema\/person\/8e2b3df012327b0109bf4328db045abc"},"potentialAction":[{"@type":"SearchAction","target":{"@type":"EntryPoint","urlTemplate":"https:\/\/life4padel.com\/?s={search_term_string}"},"query-input":{"@type":"PropertyValueSpecification","valueRequired":true,"valueName":"search_term_string"}}],"inLanguage":"en-GB"},{"@type":["Person","Organization"],"@id":"https:\/\/life4padel.com\/#\/schema\/person\/8e2b3df012327b0109bf4328db045abc","name":"patrik.galla","image":{"@type":"ImageObject","inLanguage":"en-GB","@id":"https:\/\/dev.life4padel.com\/wp-content\/uploads\/2026\/03\/logo-09-1-scaled.png","url":"https:\/\/dev.life4padel.com\/wp-content\/uploads\/2026\/03\/logo-09-1-scaled.png","contentUrl":"https:\/\/dev.life4padel.com\/wp-content\/uploads\/2026\/03\/logo-09-1-scaled.png","width":2560,"height":705,"caption":"patrik.galla"},"logo":{"@id":"https:\/\/dev.life4padel.com\/wp-content\/uploads\/2026\/03\/logo-09-1-scaled.png"}}]}},"jetpack_sharing_enabled":true,"_links":{"self":[{"href":"https:\/\/life4padel.com\/en\/wp-json\/wp\/v2\/product\/30332","targetHints":{"allow":["GET"]}}],"collection":[{"href":"https:\/\/life4padel.com\/en\/wp-json\/wp\/v2\/product"}],"about":[{"href":"https:\/\/life4padel.com\/en\/wp-json\/wp\/v2\/types\/product"}],"version-history":[{"count":2,"href":"https:\/\/life4padel.com\/en\/wp-json\/wp\/v2\/product\/30332\/revisions"}],"predecessor-version":[{"id":32754,"href":"https:\/\/life4padel.com\/en\/wp-json\/wp\/v2\/product\/30332\/revisions\/32754"}],"wp:featuredmedia":[{"embeddable":true,"href":"https:\/\/life4padel.com\/en\/wp-json\/wp\/v2\/media\/30548"}],"wp:attachment":[{"href":"https:\/\/life4padel.com\/en\/wp-json\/wp\/v2\/media?parent=30332"}],"wp:term":[{"taxonomy":"product_brand","embeddable":true,"href":"https:\/\/life4padel.com\/en\/wp-json\/wp\/v2\/product_brand?post=30332"},{"taxonomy":"product_cat","embeddable":true,"href":"https:\/\/life4padel.com\/en\/wp-json\/wp\/v2\/product_cat?post=30332"},{"taxonomy":"product_tag","embeddable":true,"href":"https:\/\/life4padel.com\/en\/wp-json\/wp\/v2\/product_tag?post=30332"}],"curies":[{"name":"wp","href":"https:\/\/api.w.org\/{rel}","templated":true}]}}