{"id":8774,"date":"2021-11-04T15:33:42","date_gmt":"2021-11-04T15:33:42","guid":{"rendered":"http:\/\/dummy.xtemos.com\/woodmart2\/elementor\/?page_id=8774"},"modified":"2026-04-08T17:16:56","modified_gmt":"2026-04-08T15:16:56","slug":"kapcsolat-2","status":"publish","type":"page","link":"https:\/\/life4padel.com\/en\/kapcsolat-2\/","title":{"rendered":"Kapcsolat 2."},"content":{"rendered":"<div data-elementor-type=\"wp-page\" data-elementor-id=\"8774\" class=\"elementor elementor-8774\" data-elementor-post-type=\"page\">\n\t\t\t\t<div class=\"wd-negative-gap elementor-element elementor-element-31a134d e-flex e-con-boxed e-con e-parent\" data-id=\"31a134d\" data-element_type=\"container\" data-e-type=\"container\">\n\t\t\t\t\t<div class=\"e-con-inner\">\n\t\t\t\t<div class=\"elementor-element elementor-element-e3c468d wd-width-100 elementor-widget elementor-widget-wd_title\" data-id=\"e3c468d\" data-element_type=\"widget\" data-e-type=\"widget\" data-widget_type=\"wd_title.default\">\n\t\t\t\t<div class=\"elementor-widget-container\">\n\t\t\t\t\t\t\t<div class=\"title-wrapper wd-set-mb reset-last-child wd-title-color-default wd-title-style-default wd-title-size-extra-large text-center\">\n\n\t\t\t\n\t\t\t<div class=\"liner-continer\">\n\t\t\t\t<h4 class=\"woodmart-title-container title wd-fontsize-xxxl\">Kapcsolat<\/h4> \n\t\t\t\t\t\t\t<\/div>\n\n\t\t\t\t\t\t\t<div class=\"title-after_title reset-last-child wd-fontsize-s\">\n\t\t\t\t\t<p>Itt v\u00e1laszolunk minden k\u00e9rd\u00e9sre, ami az online \u00e9rt\u00e9kes\u00edt\u00e9s\u00fcnkkel, jogainkkal vagy partneri szolg\u00e1ltat\u00e1sainkkal kapcsolatos.<\/p>\t\t\t\t<\/div>\n\t\t\t\t\t<\/div>\n\t\t\t\t\t\t<\/div>\n\t\t\t\t<\/div>\n\t\t\t\t\t<\/div>\n\t\t\t\t<\/div>\n\t\t<div class=\"wd-negative-gap elementor-element elementor-element-4d2ebf5 e-grid e-con-boxed e-con e-parent\" data-id=\"4d2ebf5\" data-element_type=\"container\" data-e-type=\"container\">\n\t\t\t\t\t<div class=\"e-con-inner\">\n\t\t\t\t<div class=\"elementor-element elementor-element-bfc6724 elementor-widget elementor-widget-wd_infobox\" data-id=\"bfc6724\" data-element_type=\"widget\" data-e-type=\"widget\" data-widget_type=\"wd_infobox.default\">\n\t\t\t\t<div class=\"elementor-widget-container\">\n\t\t\t\t\t\t\t<div class=\"info-box-wrapper\">\n\t\t\t<div class=\"wd-info-box text-center box-icon-align-top box-style-base color-scheme-\">\n\t\t\t\t\n\t\t\t\t<div class=\"info-box-content\">\n\t\t\t\t\t\n\t\t\t\t\t\t\t\t\t\t\t<h4\t\t\t\t\t\tclass=\"info-box-title title box-title-style-default wd-fontsize-m\" data-elementor-setting-key=\"title\">\n\t\t\t\t\t\t\t\tTELEFON:\t\t\t\t\t\t<\/h4>\n\t\t\t\t\t\n\t\t\t\t\t<div class=\"info-box-inner reset-last-child\"data-elementor-setting-key=\"content\"><p>+36\/303699570<\/p>\n<\/div>\n\n\t\t\t\t\t\t\t\t\t<\/div>\n\n\t\t\t\t\t\t\t\t\t<a href=\"#\" class=\"wd-info-box-link wd-fill\" aria-label=\"Infobox link\"><\/a>\n\t\t\t\t\t\t\t<\/div>\n\t\t<\/div>\n\t\t\t\t\t\t<\/div>\n\t\t\t\t<\/div>\n\t\t\t\t<div class=\"elementor-element elementor-element-9e7ab42 elementor-widget elementor-widget-wd_infobox\" data-id=\"9e7ab42\" data-element_type=\"widget\" data-e-type=\"widget\" data-widget_type=\"wd_infobox.default\">\n\t\t\t\t<div class=\"elementor-widget-container\">\n\t\t\t\t\t\t\t<div class=\"info-box-wrapper\">\n\t\t\t<div class=\"wd-info-box text-center box-icon-align-top box-style-base color-scheme-\">\n\t\t\t\t\n\t\t\t\t<div class=\"info-box-content\">\n\t\t\t\t\t\n\t\t\t\t\t\t\t\t\t\t\t<h4\t\t\t\t\t\tclass=\"info-box-title title box-title-style-default wd-fontsize-m\" data-elementor-setting-key=\"title\">\n\t\t\t\t\t\t\t\tEMAIL:\t\t\t\t\t\t<\/h4>\n\t\t\t\t\t\n\t\t\t\t\t<div class=\"info-box-inner reset-last-child\"data-elementor-setting-key=\"content\"><p>info@life4padel.com<\/p>\n<\/div>\n\n\t\t\t\t\t\t\t\t\t<\/div>\n\n\t\t\t\t\t\t\t\t\t<a href=\"#\" class=\"wd-info-box-link wd-fill\" aria-label=\"Infobox link\"><\/a>\n\t\t\t\t\t\t\t<\/div>\n\t\t<\/div>\n\t\t\t\t\t\t<\/div>\n\t\t\t\t<\/div>\n\t\t\t\t<div class=\"elementor-element elementor-element-63f009f elementor-widget elementor-widget-wd_infobox\" data-id=\"63f009f\" data-element_type=\"widget\" data-e-type=\"widget\" data-widget_type=\"wd_infobox.default\">\n\t\t\t\t<div class=\"elementor-widget-container\">\n\t\t\t\t\t\t\t<div class=\"info-box-wrapper\">\n\t\t\t<div class=\"wd-info-box text-center box-icon-align-top box-style-base color-scheme-\">\n\t\t\t\t\n\t\t\t\t<div class=\"info-box-content\">\n\t\t\t\t\t\n\t\t\t\t\t\t\t\t\t\t\t<h4\t\t\t\t\t\tclass=\"info-box-title title box-title-style-default wd-fontsize-m\" data-elementor-setting-key=\"title\">\n\t\t\t\t\t\t\t\tWEBOLDAL:\t\t\t\t\t\t<\/h4>\n\t\t\t\t\t\n\t\t\t\t\t<div class=\"info-box-inner reset-last-child\"data-elementor-setting-key=\"content\"><p>www.life4padel.com<\/p>\n<\/div>\n\n\t\t\t\t\t\t\t\t\t<\/div>\n\n\t\t\t\t\t\t\t\t\t<a href=\"#\" class=\"wd-info-box-link wd-fill\" aria-label=\"Infobox link\"><\/a>\n\t\t\t\t\t\t\t<\/div>\n\t\t<\/div>\n\t\t\t\t\t\t<\/div>\n\t\t\t\t<\/div>\n\t\t\t\t\t<\/div>\n\t\t\t\t<\/div>\n\t\t<div class=\"wd-negative-gap elementor-element elementor-element-c0d6279 e-flex e-con-boxed e-con e-parent\" data-id=\"c0d6279\" data-element_type=\"container\" data-e-type=\"container\">\n\t\t\t\t\t<div class=\"e-con-inner\">\n\t\t\t\t<div class=\"elementor-element elementor-element-8e180cd wd-width-100 elementor-widget elementor-widget-wd_title\" data-id=\"8e180cd\" data-element_type=\"widget\" data-e-type=\"widget\" data-widget_type=\"wd_title.default\">\n\t\t\t\t<div class=\"elementor-widget-container\">\n\t\t\t\t\t\t\t<div class=\"title-wrapper wd-set-mb reset-last-child wd-title-color-default wd-title-style-default wd-title-size-large text-center\">\n\n\t\t\t\n\t\t\t<div class=\"liner-continer\">\n\t\t\t\t<h4 class=\"woodmart-title-container title wd-fontsize-xxl\">Kapjon v\u00e1laszt minden k\u00e9rd\u00e9s\u00e9re!<\/h4> \n\t\t\t\t\t\t\t<\/div>\n\n\t\t\t\t\t<\/div>\n\t\t\t\t\t\t<\/div>\n\t\t\t\t<\/div>\n\t\t\t\t<div class=\"elementor-element elementor-element-789d9da elementor-widget elementor-widget-wd_text_block\" data-id=\"789d9da\" data-element_type=\"widget\" data-e-type=\"widget\" data-widget_type=\"wd_text_block.default\">\n\t\t\t\t<div class=\"elementor-widget-container\">\n\t\t\t\t\t\t\t<div class=\"wd-text-block reset-last-child text-center\">\n\t\t\t\n\t\t\t<p>Itt v\u00e1laszolunk minden k\u00e9rd\u00e9sre, ami az online \u00e9rt\u00e9kes\u00edt\u00e9s\u00fcnkkel kapcsolatos.\u00a0 H\u00e9tf\u0151t\u0151l p\u00e9ntekig 9:00 \u00e9s 17:00 k\u00f6z\u00f6tt.<\/p>\n\t\t\t\t\t<\/div>\n\t\t\t\t\t\t<\/div>\n\t\t\t\t<\/div>\n\t\t\t\t<div class=\"elementor-element elementor-element-08464ff elementor-widget elementor-widget-wd_popup\" data-id=\"08464ff\" data-element_type=\"widget\" data-e-type=\"widget\" data-widget_type=\"wd_popup.default\">\n\t\t\t\t<div class=\"elementor-widget-container\">\n\t\t\t\t\t\t\t\t\t<div class=\"wd-button-wrapper text-center\" >\n\t\t\t<a class=\"btn btn-style-default btn-shape-semi-round btn-size-large wd-open-popup btn-color-primary btn-icon-pos-right\"  href=\"#contact-form-popup\">\n\t\t\t\t<span class=\"wd-btn-text\" data-elementor-setting-key=\"text\">\n\t\t\t\t\tVEGYE FEL A KAPCSOLATOT \t\t\t\t<\/span>\n\n\t\t\t\t\t\t\t<\/a>\n\t\t<\/div>\n\t\t\t\t\t\t\t<div id=\"contact-form-popup\" class=\"mfp-hide wd-popup wd-popup-element wd-scroll-content wd-entry-content\" style=\"--wd-popup-width:900px;padding:0px;\">\n\t\t\t\t\t\t\t<link rel=\"stylesheet\" id=\"elementor-post-1570-css\" href=\"https:\/\/life4padel.com\/wp-content\/uploads\/elementor\/css\/post-1570.css?ver=1778679417\" type=\"text\/css\" media=\"all\">\n\t\t\t\t\t<div data-elementor-type=\"wp-post\" data-elementor-id=\"1570\" class=\"elementor elementor-1570\" data-elementor-post-type=\"cms_block\">\n\t\t\t\t<div class=\"wd-negative-gap elementor-element elementor-element-f25d21b e-flex e-con-boxed e-con e-parent\" data-id=\"f25d21b\" data-element_type=\"container\" data-e-type=\"container\">\n\t\t\t\t\t<div class=\"e-con-inner\">\n\t\t<div class=\"elementor-element elementor-element-4438063 e-con-full e-flex e-con e-child\" data-id=\"4438063\" data-element_type=\"container\" data-e-type=\"container\">\n\t\t\t\t<div class=\"elementor-element elementor-element-1d71615 wd-width-100 elementor-widget elementor-widget-wd_title\" data-id=\"1d71615\" data-element_type=\"widget\" data-e-type=\"widget\" data-widget_type=\"wd_title.default\">\n\t\t\t\t<div class=\"elementor-widget-container\">\n\t\t\t\t\t\t\t<div class=\"title-wrapper wd-set-mb reset-last-child wd-title-color-default wd-title-style-default wd-title-size-small text-left\">\n\n\t\t\t\n\t\t\t<div class=\"liner-continer\">\n\t\t\t\t<h4 class=\"woodmart-title-container title wd-fontsize-m\">\u00cdrj nek\u00fcnk!<\/h4> \n\t\t\t\t\t\t\t<\/div>\n\n\t\t\t\t\t<\/div>\n\t\t\t\t\t\t<\/div>\n\t\t\t\t<\/div>\n\t\t\t\t<div class=\"elementor-element elementor-element-cdccc72 wd-cf7 elementor-widget elementor-widget-wd_contact_form_7\" data-id=\"cdccc72\" data-element_type=\"widget\" data-e-type=\"widget\" data-widget_type=\"wd_contact_form_7.default\">\n\t\t\t\t<div class=\"elementor-widget-container\">\n\t\t\t\t\t\n<div class=\"wpcf7 no-js\" id=\"wpcf7-f29422-o1\" lang=\"hu-HU\" dir=\"ltr\" data-wpcf7-id=\"29422\">\n<div class=\"screen-reader-response\"><p role=\"status\" aria-live=\"polite\" aria-atomic=\"true\"><\/p> <ul><\/ul><\/div>\n<form action=\"\/en\/wp-json\/wp\/v2\/pages\/8774#wpcf7-f29422-o1\" method=\"post\" class=\"wpcf7-form init\" aria-label=\"Kapcsolatfelv\u00e9teli \u0171rlap\" novalidate=\"novalidate\" data-status=\"init\" data-trp-original-action=\"\/en\/wp-json\/wp\/v2\/pages\/8774#wpcf7-f29422-o1\">\n<fieldset class=\"hidden-fields-container\"><input type=\"hidden\" name=\"_wpcf7\" value=\"29422\" \/><input type=\"hidden\" name=\"_wpcf7_version\" value=\"6.1.5\" \/><input type=\"hidden\" name=\"_wpcf7_locale\" value=\"hu_HU\" \/><input type=\"hidden\" name=\"_wpcf7_unit_tag\" value=\"wpcf7-f29422-o1\" \/><input type=\"hidden\" name=\"_wpcf7_container_post\" value=\"0\" \/><input type=\"hidden\" name=\"_wpcf7_posted_data_hash\" value=\"\" \/>\n<\/fieldset>\n<p><label> N\u00e9v<br \/>\n<span class=\"wpcf7-form-control-wrap\" data-name=\"your-name\"><input size=\"40\" maxlength=\"400\" class=\"wpcf7-form-control wpcf7-text wpcf7-validates-as-required\" autocomplete=\"name\" aria-required=\"true\" aria-invalid=\"false\" value=\"\" type=\"text\" name=\"your-name\" \/><\/span> <\/label>\n<\/p>\n<p><label> E-mail c\u00edm<br \/>\n<span class=\"wpcf7-form-control-wrap\" data-name=\"your-email\"><input size=\"40\" maxlength=\"400\" class=\"wpcf7-form-control wpcf7-email wpcf7-validates-as-required wpcf7-text wpcf7-validates-as-email\" autocomplete=\"email\" aria-required=\"true\" aria-invalid=\"false\" value=\"\" type=\"email\" name=\"your-email\" \/><\/span> <\/label>\n<\/p>\n<p><label> T\u00e1rgy<br \/>\n<span class=\"wpcf7-form-control-wrap\" data-name=\"your-subject\"><input size=\"40\" maxlength=\"400\" class=\"wpcf7-form-control wpcf7-text wpcf7-validates-as-required\" aria-required=\"true\" aria-invalid=\"false\" value=\"\" type=\"text\" name=\"your-subject\" \/><\/span> <\/label>\n<\/p>\n<p><label> \u00dczenet (nem k\u00f6telez\u0151)<br \/>\n<span class=\"wpcf7-form-control-wrap\" data-name=\"your-message\"><textarea cols=\"40\" rows=\"10\" maxlength=\"2000\" class=\"wpcf7-form-control wpcf7-textarea\" aria-invalid=\"false\" name=\"your-message\"><\/textarea><\/span> <\/label>\n<\/p>\n<p><input class=\"wpcf7-form-control wpcf7-submit has-spinner\" type=\"submit\" value=\"Bek\u00fcld\u00e9s\" \/>\n<\/p><div class=\"wpcf7-response-output\" aria-hidden=\"true\"><\/div>\n<input type=\"hidden\" name=\"trp-form-language\" value=\"en\"\/><\/form>\n<\/div>\n\t\t\t\t<\/div>\n\t\t\t\t<\/div>\n\t\t\t\t<\/div>\n\t\t<div class=\"elementor-element elementor-element-702dc34 color-scheme-light e-con-full e-flex e-con e-child\" data-id=\"702dc34\" data-element_type=\"container\" data-e-type=\"container\" data-settings=\"{&quot;background_background&quot;:&quot;classic&quot;}\">\n\t\t\t\t<div class=\"elementor-element elementor-element-8346027 wd-width-100 elementor-widget elementor-widget-wd_title\" data-id=\"8346027\" data-element_type=\"widget\" data-e-type=\"widget\" data-widget_type=\"wd_title.default\">\n\t\t\t\t<div class=\"elementor-widget-container\">\n\t\t\t\t\t\t\t<div class=\"title-wrapper wd-set-mb reset-last-child wd-title-color-white wd-title-style-default wd-title-size-small text-left\">\n\n\t\t\t\n\t\t\t<div class=\"liner-continer\">\n\t\t\t\t<h4 class=\"woodmart-title-container title wd-fontsize-m\">EL\u00c9RHET\u0150S\u00c9GI ADATOK:<\/h4> \n\t\t\t\t\t\t\t<\/div>\n\n\t\t\t\t\t<\/div>\n\t\t\t\t\t\t<\/div>\n\t\t\t\t<\/div>\n\t\t\t\t<div class=\"elementor-element elementor-element-29edaba elementor-widget elementor-widget-wd_infobox\" data-id=\"29edaba\" data-element_type=\"widget\" data-e-type=\"widget\" data-widget_type=\"wd_infobox.default\">\n\t\t\t\t<div class=\"elementor-widget-container\">\n\t\t\t\t\t\t\t<div class=\"info-box-wrapper\">\n\t\t\t<div class=\"wd-info-box text-left box-icon-align-left box-style-base color-scheme- wd-items-top\">\n\t\t\t\t\t\t\t\t\t<div class=\"box-icon-wrapper  box-with-icon box-icon-simple\">\n\t\t\t\t\t\t<div class=\"info-box-icon\">\n\t\t\t\t\t\t\t\t\t\t\t\t\t\t\t<div class=\"info-svg-wrapper\" style=\"width:30px; height:30px;\"><img decoding=\"async\"  src=\"https:\/\/life4padel.com\/wp-content\/uploads\/2021\/09\/wd-mobile.svg\" title=\"wd-mobile\" loading=\"lazy\" width=\"30\" height=\"30\"><\/div>\t\t\t\t\t\t\t\t\t\t\t\t\t<\/div>\n\t\t\t\t\t<\/div>\n\t\t\t\t\n\t\t\t\t<div class=\"info-box-content\">\n\t\t\t\t\t\n\t\t\t\t\t\n\t\t\t\t\t<div class=\"info-box-inner reset-last-child\"data-elementor-setting-key=\"content\"><p>+36\/30 3699570<\/p>\n<\/div>\n\n\t\t\t\t\t\t\t\t\t<\/div>\n\n\t\t\t\t\t\t\t\t\t<a href=\"#\" class=\"wd-info-box-link wd-fill\" aria-label=\"Infobox link\"><\/a>\n\t\t\t\t\t\t\t<\/div>\n\t\t<\/div>\n\t\t\t\t\t\t<\/div>\n\t\t\t\t<\/div>\n\t\t\t\t<div class=\"elementor-element elementor-element-f93fe75 elementor-widget elementor-widget-wd_infobox\" data-id=\"f93fe75\" data-element_type=\"widget\" data-e-type=\"widget\" data-widget_type=\"wd_infobox.default\">\n\t\t\t\t<div class=\"elementor-widget-container\">\n\t\t\t\t\t\t\t<div class=\"info-box-wrapper\">\n\t\t\t<div class=\"wd-info-box text-left box-icon-align-left box-style-base color-scheme- wd-items-top\">\n\t\t\t\t\t\t\t\t\t<div class=\"box-icon-wrapper  box-with-icon box-icon-simple\">\n\t\t\t\t\t\t<div class=\"info-box-icon\">\n\t\t\t\t\t\t\t\t\t\t\t\t\t\t\t<div class=\"info-svg-wrapper\" style=\"width:30px; height:30px;\"><img decoding=\"async\"  src=\"https:\/\/life4padel.com\/wp-content\/uploads\/2021\/09\/wd-paper-plane.svg\" title=\"wd-paper-plane\" loading=\"lazy\" width=\"30\" height=\"30\"><\/div>\t\t\t\t\t\t\t\t\t\t\t\t\t<\/div>\n\t\t\t\t\t<\/div>\n\t\t\t\t\n\t\t\t\t<div class=\"info-box-content\">\n\t\t\t\t\t\n\t\t\t\t\t\n\t\t\t\t\t<div class=\"info-box-inner reset-last-child\"data-elementor-setting-key=\"content\"><p>info@life4padel.com<\/p>\n<\/div>\n\n\t\t\t\t\t\t\t\t\t<\/div>\n\n\t\t\t\t\t\t\t\t\t<a href=\"#\" class=\"wd-info-box-link wd-fill\" aria-label=\"Infobox link\"><\/a>\n\t\t\t\t\t\t\t<\/div>\n\t\t<\/div>\n\t\t\t\t\t\t<\/div>\n\t\t\t\t<\/div>\n\t\t\t\t<div class=\"elementor-element elementor-element-b63ac0c color-scheme-light text-left elementor-widget elementor-widget-text-editor\" data-id=\"b63ac0c\" data-element_type=\"widget\" data-e-type=\"widget\" data-widget_type=\"text-editor.default\">\n\t\t\t\t\t\t\t\t\t<p>Legyen sz\u00f3 \u00fct\u0151v\u00e1laszt\u00e1sr\u00f3l vagy a leg\u00fajabb padel kieg\u00e9sz\u00edt\u0151kr\u0151l, keress minket bizalommal. \u00cdrj nek\u00fcnk \u00fczenetet, \u00e9s a Life4Padel szak\u00e9rt\u0151i hamarosan v\u00e1laszolnak neked!<\/p>\t\t\t\t\t\t\t\t<\/div>\n\t\t\t\t<\/div>\n\t\t\t\t\t<\/div>\n\t\t\t\t<\/div>\n\t\t\t\t<\/div>\n\t\t\t\t\t<\/div>\n\t\t\t\t\t\t\t\t<\/div>\n\t\t\t\t<\/div>\n\t\t\t\t<div class=\"elementor-element elementor-element-89996ff elementor-widget elementor-widget-wd_social_buttons\" data-id=\"89996ff\" data-element_type=\"widget\" data-e-type=\"widget\" data-widget_type=\"wd_social_buttons.default\">\n\t\t\t\t<div class=\"elementor-widget-container\">\n\t\t\t\t\t\t\t\t<div\n\t\t\t\t\t\tclass=\"wd-social-icons wd-style-bordered wd-size-small social-follow wd-shape-circle color-scheme-dark text-center\">\n\t\t\t\t\n\t\t\t\t\n\t\t\t\t\t\t\t\t\t<a rel=\"noopener noreferrer nofollow\" href=\"#\" target=\"_blank\" class=\"wd-social-icon social-facebook\" aria-label=\"Facebook social link\">\n\t\t\t\t\t\t<span class=\"wd-icon\"><\/span>\n\t\t\t\t\t\t\t\t\t\t\t<\/a>\n\t\t\t\t\n\t\t\t\t\n\t\t\t\t\n\t\t\t\t\n\t\t\t\t\t\t\t\t\t<a rel=\"noopener noreferrer nofollow\" href=\"#\" target=\"_blank\" class=\"wd-social-icon social-instagram\" aria-label=\"Instagram social link\">\n\t\t\t\t\t\t<span class=\"wd-icon\"><\/span>\n\t\t\t\t\t\t\t\t\t\t\t<\/a>\n\t\t\t\t\n\t\t\t\t\n\t\t\t\t\t\t\t\t\t<a rel=\"noopener noreferrer nofollow\" href=\"#\" target=\"_blank\" class=\"wd-social-icon social-youtube\" aria-label=\"YouTube social link\">\n\t\t\t\t\t\t<span class=\"wd-icon\"><\/span>\n\t\t\t\t\t\t\t\t\t\t\t<\/a>\n\t\t\t\t\n\t\t\t\t\n\t\t\t\t\n\t\t\t\t\n\t\t\t\t\n\t\t\t\t\n\t\t\t\t\n\t\t\t\t\n\t\t\t\t\n\t\t\t\t\n\t\t\t\t\n\t\t\t\t\n\t\t\t\t\n\t\t\t\t\n\t\t\t\t\n\t\t\t\t\t\t\t\t\t<a rel=\"noopener noreferrer nofollow\" href=\"#\" target=\"_blank\" class=\"wd-social-icon social-tiktok\" aria-label=\"TikTok social link\">\n\t\t\t\t\t\t<span class=\"wd-icon\"><\/span>\n\t\t\t\t\t\t\t\t\t\t\t<\/a>\n\t\t\t\t\n\t\t\t\t\n\t\t\t\t\n\t\t\t\t\n\t\t\t\t\n\t\t\t<\/div>\n\n\t\t\t\t\t\t<\/div>\n\t\t\t\t<\/div>\n\t\t\t\t\t<\/div>\n\t\t\t\t<\/div>\n\t\t\t\t<\/div>","protected":false},"excerpt":{"rendered":"<p>Kapcsolat Itt v\u00e1laszolunk minden k\u00e9rd\u00e9sre, ami az online \u00e9rt\u00e9kes\u00edt\u00e9s\u00fcnkkel, jogainkkal vagy partneri szolg\u00e1ltat\u00e1sainkkal kapcsolatos. TELEFON: +36\/303699570 EMAIL: info@life4padel.com WEBOLDAL: www.life4padel.com<\/p>","protected":false},"author":2,"featured_media":0,"parent":0,"menu_order":0,"comment_status":"closed","ping_status":"closed","template":"","meta":{"footnotes":""},"class_list":["post-8774","page","type-page","status-publish","hentry"],"yoast_head":"<!-- This site is optimized with the Yoast SEO plugin v27.6 - https:\/\/yoast.com\/product\/yoast-seo-wordpress\/ -->\n<title>Kapcsolat 2. - Life4Padel<\/title>\n<meta name=\"robots\" content=\"index, follow, max-snippet:-1, max-image-preview:large, max-video-preview:-1\" \/>\n<link rel=\"canonical\" href=\"https:\/\/life4padel.com\/en\/kapcsolat-2\/\" \/>\n<meta property=\"og:locale\" content=\"en_GB\" \/>\n<meta property=\"og:type\" content=\"article\" \/>\n<meta property=\"og:title\" content=\"Kapcsolat 2. - Life4Padel\" \/>\n<meta property=\"og:description\" content=\"Kapcsolat Itt v\u00e1laszolunk minden k\u00e9rd\u00e9sre, ami az online \u00e9rt\u00e9kes\u00edt\u00e9s\u00fcnkkel, jogainkkal vagy partneri szolg\u00e1ltat\u00e1sainkkal kapcsolatos. TELEFON: +36\/303699570 EMAIL: info@life4padel.com WEBOLDAL: www.life4padel.com\" \/>\n<meta property=\"og:url\" content=\"https:\/\/life4padel.com\/en\/kapcsolat-2\/\" \/>\n<meta property=\"og:site_name\" content=\"Life4Padel\" \/>\n<meta property=\"article:modified_time\" content=\"2026-04-08T15:16:56+00:00\" \/>\n<meta property=\"og:image\" content=\"https:\/\/life4padel.com\/wp-content\/uploads\/2021\/09\/wd-mobile.svg\" \/>\n<meta name=\"twitter:card\" content=\"summary_large_image\" \/>\n<meta name=\"twitter:label1\" content=\"Estimated reading time\" \/>\n\t<meta name=\"twitter:data1\" content=\"2 minutes\" \/>\n<script type=\"application\/ld+json\" class=\"yoast-schema-graph\">{\"@context\":\"https:\\\/\\\/schema.org\",\"@graph\":[{\"@type\":\"WebPage\",\"@id\":\"https:\\\/\\\/life4padel.com\\\/kapcsolat-2\\\/\",\"url\":\"https:\\\/\\\/life4padel.com\\\/kapcsolat-2\\\/\",\"name\":\"Kapcsolat 2. - Life4Padel\",\"isPartOf\":{\"@id\":\"https:\\\/\\\/life4padel.com\\\/#website\"},\"primaryImageOfPage\":{\"@id\":\"https:\\\/\\\/life4padel.com\\\/kapcsolat-2\\\/#primaryimage\"},\"image\":{\"@id\":\"https:\\\/\\\/life4padel.com\\\/kapcsolat-2\\\/#primaryimage\"},\"thumbnailUrl\":\"https:\\\/\\\/life4padel.com\\\/wp-content\\\/uploads\\\/2021\\\/09\\\/wd-mobile.svg\",\"datePublished\":\"2021-11-04T15:33:42+00:00\",\"dateModified\":\"2026-04-08T15:16:56+00:00\",\"breadcrumb\":{\"@id\":\"https:\\\/\\\/life4padel.com\\\/kapcsolat-2\\\/#breadcrumb\"},\"inLanguage\":\"en-GB\",\"potentialAction\":[{\"@type\":\"ReadAction\",\"target\":[\"https:\\\/\\\/life4padel.com\\\/kapcsolat-2\\\/\"]}]},{\"@type\":\"ImageObject\",\"inLanguage\":\"en-GB\",\"@id\":\"https:\\\/\\\/life4padel.com\\\/kapcsolat-2\\\/#primaryimage\",\"url\":\"https:\\\/\\\/life4padel.com\\\/wp-content\\\/uploads\\\/2021\\\/09\\\/wd-mobile.svg\",\"contentUrl\":\"https:\\\/\\\/life4padel.com\\\/wp-content\\\/uploads\\\/2021\\\/09\\\/wd-mobile.svg\"},{\"@type\":\"BreadcrumbList\",\"@id\":\"https:\\\/\\\/life4padel.com\\\/kapcsolat-2\\\/#breadcrumb\",\"itemListElement\":[{\"@type\":\"ListItem\",\"position\":1,\"name\":\"Kezd\u0151lap\",\"item\":\"https:\\\/\\\/life4padel.com\\\/\"},{\"@type\":\"ListItem\",\"position\":2,\"name\":\"Kapcsolat 2.\"}]},{\"@type\":\"WebSite\",\"@id\":\"https:\\\/\\\/life4padel.com\\\/#website\",\"url\":\"https:\\\/\\\/life4padel.com\\\/\",\"name\":\"Life4Padel\",\"description\":\"\",\"publisher\":{\"@id\":\"https:\\\/\\\/life4padel.com\\\/#\\\/schema\\\/person\\\/8e2b3df012327b0109bf4328db045abc\"},\"potentialAction\":[{\"@type\":\"SearchAction\",\"target\":{\"@type\":\"EntryPoint\",\"urlTemplate\":\"https:\\\/\\\/life4padel.com\\\/?s={search_term_string}\"},\"query-input\":{\"@type\":\"PropertyValueSpecification\",\"valueRequired\":true,\"valueName\":\"search_term_string\"}}],\"inLanguage\":\"en-GB\"},{\"@type\":[\"Person\",\"Organization\"],\"@id\":\"https:\\\/\\\/life4padel.com\\\/#\\\/schema\\\/person\\\/8e2b3df012327b0109bf4328db045abc\",\"name\":\"patrik.galla\",\"image\":{\"@type\":\"ImageObject\",\"inLanguage\":\"en-GB\",\"@id\":\"https:\\\/\\\/dev.life4padel.com\\\/wp-content\\\/uploads\\\/2026\\\/03\\\/logo-09-1-scaled.png\",\"url\":\"https:\\\/\\\/dev.life4padel.com\\\/wp-content\\\/uploads\\\/2026\\\/03\\\/logo-09-1-scaled.png\",\"contentUrl\":\"https:\\\/\\\/dev.life4padel.com\\\/wp-content\\\/uploads\\\/2026\\\/03\\\/logo-09-1-scaled.png\",\"width\":2560,\"height\":705,\"caption\":\"patrik.galla\"},\"logo\":{\"@id\":\"https:\\\/\\\/dev.life4padel.com\\\/wp-content\\\/uploads\\\/2026\\\/03\\\/logo-09-1-scaled.png\"}}]}<\/script>\n<!-- \/ Yoast SEO plugin. -->","yoast_head_json":{"title":"Kapcsolat 2. - Life4Padel","robots":{"index":"index","follow":"follow","max-snippet":"max-snippet:-1","max-image-preview":"max-image-preview:large","max-video-preview":"max-video-preview:-1"},"canonical":"https:\/\/life4padel.com\/en\/kapcsolat-2\/","og_locale":"en_GB","og_type":"article","og_title":"Kapcsolat 2. - Life4Padel","og_description":"Kapcsolat Itt v\u00e1laszolunk minden k\u00e9rd\u00e9sre, ami az online \u00e9rt\u00e9kes\u00edt\u00e9s\u00fcnkkel, jogainkkal vagy partneri szolg\u00e1ltat\u00e1sainkkal kapcsolatos. TELEFON: +36\/303699570 EMAIL: info@life4padel.com WEBOLDAL: www.life4padel.com","og_url":"https:\/\/life4padel.com\/en\/kapcsolat-2\/","og_site_name":"Life4Padel","article_modified_time":"2026-04-08T15:16:56+00:00","og_image":[{"url":"https:\/\/life4padel.com\/wp-content\/uploads\/2021\/09\/wd-mobile.svg","type":"","width":"","height":""}],"twitter_card":"summary_large_image","twitter_misc":{"Estimated reading time":"2 minutes"},"schema":{"@context":"https:\/\/schema.org","@graph":[{"@type":"WebPage","@id":"https:\/\/life4padel.com\/kapcsolat-2\/","url":"https:\/\/life4padel.com\/kapcsolat-2\/","name":"Kapcsolat 2. - Life4Padel","isPartOf":{"@id":"https:\/\/life4padel.com\/#website"},"primaryImageOfPage":{"@id":"https:\/\/life4padel.com\/kapcsolat-2\/#primaryimage"},"image":{"@id":"https:\/\/life4padel.com\/kapcsolat-2\/#primaryimage"},"thumbnailUrl":"https:\/\/life4padel.com\/wp-content\/uploads\/2021\/09\/wd-mobile.svg","datePublished":"2021-11-04T15:33:42+00:00","dateModified":"2026-04-08T15:16:56+00:00","breadcrumb":{"@id":"https:\/\/life4padel.com\/kapcsolat-2\/#breadcrumb"},"inLanguage":"en-GB","potentialAction":[{"@type":"ReadAction","target":["https:\/\/life4padel.com\/kapcsolat-2\/"]}]},{"@type":"ImageObject","inLanguage":"en-GB","@id":"https:\/\/life4padel.com\/kapcsolat-2\/#primaryimage","url":"https:\/\/life4padel.com\/wp-content\/uploads\/2021\/09\/wd-mobile.svg","contentUrl":"https:\/\/life4padel.com\/wp-content\/uploads\/2021\/09\/wd-mobile.svg"},{"@type":"BreadcrumbList","@id":"https:\/\/life4padel.com\/kapcsolat-2\/#breadcrumb","itemListElement":[{"@type":"ListItem","position":1,"name":"Kezd\u0151lap","item":"https:\/\/life4padel.com\/"},{"@type":"ListItem","position":2,"name":"Kapcsolat 2."}]},{"@type":"WebSite","@id":"https:\/\/life4padel.com\/#website","url":"https:\/\/life4padel.com\/","name":"Life4Padel","description":"","publisher":{"@id":"https:\/\/life4padel.com\/#\/schema\/person\/8e2b3df012327b0109bf4328db045abc"},"potentialAction":[{"@type":"SearchAction","target":{"@type":"EntryPoint","urlTemplate":"https:\/\/life4padel.com\/?s={search_term_string}"},"query-input":{"@type":"PropertyValueSpecification","valueRequired":true,"valueName":"search_term_string"}}],"inLanguage":"en-GB"},{"@type":["Person","Organization"],"@id":"https:\/\/life4padel.com\/#\/schema\/person\/8e2b3df012327b0109bf4328db045abc","name":"patrik.galla","image":{"@type":"ImageObject","inLanguage":"en-GB","@id":"https:\/\/dev.life4padel.com\/wp-content\/uploads\/2026\/03\/logo-09-1-scaled.png","url":"https:\/\/dev.life4padel.com\/wp-content\/uploads\/2026\/03\/logo-09-1-scaled.png","contentUrl":"https:\/\/dev.life4padel.com\/wp-content\/uploads\/2026\/03\/logo-09-1-scaled.png","width":2560,"height":705,"caption":"patrik.galla"},"logo":{"@id":"https:\/\/dev.life4padel.com\/wp-content\/uploads\/2026\/03\/logo-09-1-scaled.png"}}]}},"jetpack_sharing_enabled":true,"_links":{"self":[{"href":"https:\/\/life4padel.com\/en\/wp-json\/wp\/v2\/pages\/8774","targetHints":{"allow":["GET"]}}],"collection":[{"href":"https:\/\/life4padel.com\/en\/wp-json\/wp\/v2\/pages"}],"about":[{"href":"https:\/\/life4padel.com\/en\/wp-json\/wp\/v2\/types\/page"}],"author":[{"embeddable":true,"href":"https:\/\/life4padel.com\/en\/wp-json\/wp\/v2\/users\/2"}],"replies":[{"embeddable":true,"href":"https:\/\/life4padel.com\/en\/wp-json\/wp\/v2\/comments?post=8774"}],"version-history":[{"count":7,"href":"https:\/\/life4padel.com\/en\/wp-json\/wp\/v2\/pages\/8774\/revisions"}],"predecessor-version":[{"id":32337,"href":"https:\/\/life4padel.com\/en\/wp-json\/wp\/v2\/pages\/8774\/revisions\/32337"}],"wp:attachment":[{"href":"https:\/\/life4padel.com\/en\/wp-json\/wp\/v2\/media?parent=8774"}],"curies":[{"name":"wp","href":"https:\/\/api.w.org\/{rel}","templated":true}]}}