{"id":15,"date":"2026-03-05T12:29:06","date_gmt":"2026-03-05T11:29:06","guid":{"rendered":"https:\/\/dev.life4padel.com\/?page_id=15"},"modified":"2026-03-16T17:55:12","modified_gmt":"2026-03-16T16:55:12","slug":"elallas_visszakuldes","status":"publish","type":"page","link":"https:\/\/life4padel.com\/en\/elallas_visszakuldes\/","title":{"rendered":"Visszat\u00e9r\u00edt\u00e9si \u00e9s visszak\u00fcld\u00e9si szab\u00e1lyzat"},"content":{"rendered":"<h1 class=\"wp-block-wd-title title wd-97b72236\"><br>Visszak\u00fcld\u00e9si t\u00e1j\u00e9koztat\u00f3 \u2013 Life4Padel<\/h1>\n\n\n\n<p class=\"wp-block-wd-paragraph wd-5d7b540f\">A <strong>Life4Padel<\/strong> sz\u00e1m\u00e1ra a v\u00e1s\u00e1rl\u00f3i el\u00e9gedetts\u00e9g kiemelten fontos. Amennyiben \u00fagy d\u00f6nt, hogy visszak\u00fcld egy term\u00e9ket, k\u00e9rj\u00fck k\u00f6vesse az al\u00e1bbi egyszer\u0171 l\u00e9p\u00e9seket a gyors \u00e9s z\u00f6kken\u0151mentes \u00fcgyint\u00e9z\u00e9s \u00e9rdek\u00e9ben.<\/p>\n\n\n\n<div class=\"wp-block-wd-divider wd-style-line wd-f4550fa6\"><\/div>\n\n\n\n<h1 class=\"wp-block-wd-title title wd-f0b78884\">Visszak\u00fcld\u00e9si hat\u00e1rid\u0151<\/h1>\n\n\n\n<p class=\"wp-block-wd-paragraph wd-116a5683\">A v\u00e1s\u00e1rl\u00f3knak <strong>a v\u00e1s\u00e1rl\u00e1s d\u00e1tum\u00e1t\u00f3l sz\u00e1m\u00edtott 30 nap \u00e1ll rendelkez\u00e9s\u00fckre<\/strong>, hogy kezdem\u00e9nyezz\u00e9k a visszak\u00fcld\u00e9st.<\/p>\n\n\n\n<div class=\"wp-block-wd-divider wd-style-line wd-c70e5bd4\"><\/div>\n\n\n\n<h1 class=\"wp-block-wd-title title wd-a79d68a8\">Hogyan ind\u00edthat\u00f3 el a visszak\u00fcld\u00e9s?<\/h1>\n\n\n\n<ol class=\"wp-block-list\">\n<li>K\u00fcldj\u00f6n emailt a k\u00f6vetkez\u0151 c\u00edmre: <strong><a>info@life4padel.com<\/a><\/strong><\/li>\n\n\n\n<li>\u00cdrja meg a <strong>rendel\u00e9si sz\u00e1m\u00e1t<\/strong>, \u00e9s jel\u00f6lje meg, melyik term\u00e9ket szeretn\u00e9 visszak\u00fcldeni vagy cser\u00e9lni<\/li>\n\n\n\n<li>Csatoljon <strong>j\u00f3l l\u00e1that\u00f3 fot\u00f3kat<\/strong> a term\u00e9kr\u0151l, eredeti \u00e1llapot\u00e1ban \u00e9s csomagol\u00e1s\u00e1ban<\/li>\n\n\n\n<li>Jelezze, hogy <strong>visszat\u00e9r\u00edt\u00e9st vagy cser\u00e9t szeretne<\/strong><\/li>\n\n\n\n<li>\u00dcgyf\u00e9lszolg\u00e1latunk <strong>1\u20132 munkanapon bel\u00fcl v\u00e1laszol<\/strong>, \u00e9s elk\u00fcldi a tov\u00e1bbi teend\u0151ket<\/li>\n<\/ol>\n\n\n\n<div class=\"wp-block-wd-divider wd-style-line wd-3a297e31\"><\/div>\n\n\n\n<h1 class=\"wp-block-wd-title title wd-16d61068\">Visszak\u00fcld\u00e9si felt\u00e9telek<\/h1>\n\n\n\n<p class=\"wp-block-wd-paragraph wd-78431e85\">A visszak\u00fcld\u00e9s elfogad\u00e1s\u00e1hoz a term\u00e9knek az al\u00e1bbi felt\u00e9teleknek kell megfelelnie:<\/p>\n\n\n\n<ul class=\"wp-block-list\">\n<li><strong>Nem haszn\u00e1lt<\/strong>, s\u00e9r\u00fcl\u00e9smentes \u00e9s \u00faj \u00e1llapot\u00fa legyen<\/li>\n\n\n\n<li><strong>Eredeti csomagol\u00e1sban<\/strong> ker\u00fclj\u00f6n visszak\u00fcld\u00e9sre<\/li>\n\n\n\n<li>Minden <strong>eredeti c\u00edmke \u00e9s tartoz\u00e9k<\/strong> legyen rajta<\/li>\n\n\n\n<li>A csomag tartalmazzon egy <strong>megjegyz\u00e9st<\/strong>, hogy visszat\u00e9r\u00edt\u00e9st vagy cser\u00e9t k\u00e9r<\/li>\n<\/ul>\n\n\n\n<div class=\"wp-block-wd-divider wd-style-line wd-c6fc78cb\"><\/div>\n\n\n\n<h1 class=\"wp-block-wd-title title wd-8a199d7b\">Term\u00e9kspecifikus ir\u00e1nyelvek<\/h1>\n\n\n\n<h2 class=\"wp-block-wd-title title wd-895c0958\">Padel \u00fct\u0151k<\/h2>\n\n\n\n<ul class=\"wp-block-list\">\n<li>A v\u00e1s\u00e1rl\u00e1s ut\u00e1n <strong>haszn\u00e1lt \u00fct\u0151k nem k\u00fcldhet\u0151k vissza<\/strong><\/li>\n\n\n\n<li>Ha a <strong>markolaton l\u00e9v\u0151 m\u0171anyag f\u00f3lia elt\u00e1vol\u00edt\u00e1sra ker\u00fclt<\/strong>, az \u00fct\u0151 m\u00e1r nem sz\u00e1m\u00edt \u00fajnak<\/li>\n\n\n\n<li>A <strong>visszak\u00fcld\u00e9s sz\u00e1ll\u00edt\u00e1si k\u00f6lts\u00e9ge a v\u00e1s\u00e1rl\u00f3t terheli<\/strong><\/li>\n<\/ul>\n\n\n\n<h3 class=\"wp-block-wd-title title wd-04e82e2b\">Padel cip\u0151k<\/h3>\n\n\n\n<ul class=\"wp-block-list\">\n<li>A cip\u0151k csak <strong>\u00faj \u00e1llapotban<\/strong>, <strong>nem haszn\u00e1ltan<\/strong>, <strong>eredeti dobozban<\/strong> k\u00fcldhet\u0151k vissza.<\/li>\n\n\n\n<li>A cip\u0151 talp\u00e1n nem lehet haszn\u00e1lati nyom (pl. p\u00e1ly\u00e1n t\u00f6rt\u00e9n\u0151 haszn\u00e1lat).<\/li>\n\n\n\n<li>Ha a cip\u0151n l\u00e1that\u00f3 haszn\u00e1lati nyom van, a visszak\u00fcld\u00e9st nem tudjuk elfogadni.<\/li>\n\n\n\n<li>A visszak\u00fcld\u00e9s sz\u00e1ll\u00edt\u00e1si k\u00f6lts\u00e9ge a v\u00e1s\u00e1rl\u00f3t terheli.<\/li>\n<\/ul>\n\n\n\n<h3 class=\"wp-block-wd-title title wd-66d045a1\">Ruh\u00e1zati term\u00e9kek<\/h3>\n\n\n\n<ul class=\"wp-block-list\">\n<li>A ruh\u00e1zati cikkek (p\u00f3l\u00f3k, nadr\u00e1gok, pul\u00f3verek stb.) csak <strong>\u00faj \u00e1llapotban<\/strong>, <strong>nem viselten<\/strong>, <strong>eredeti c\u00edmk\u00e9kkel<\/strong> k\u00fcldhet\u0151k vissza.<\/li>\n\n\n\n<li>A term\u00e9knek tiszt\u00e1nak, s\u00e9r\u00fcl\u00e9smentesnek \u00e9s eredeti csomagol\u00e1sban kell lennie.<\/li>\n\n\n\n<li>A visszak\u00fcld\u00e9s sz\u00e1ll\u00edt\u00e1si k\u00f6lts\u00e9ge a v\u00e1s\u00e1rl\u00f3t terheli.<\/li>\n<\/ul>\n\n\n\n<h2 class=\"wp-block-wd-title title wd-378f5ab5\">T\u00e1sk\u00e1k, grippek \u00e9s kieg\u00e9sz\u00edt\u0151k<\/h2>\n\n\n\n<ul class=\"wp-block-list\">\n<li><strong>Teljes visszat\u00e9r\u00edt\u00e9s vagy csere lehets\u00e9ges<\/strong>, ha a term\u00e9k \u00faj \u00e1llapotban, c\u00edmk\u00e9kkel \u00e9s eredeti csomagol\u00e1sban ker\u00fcl visszak\u00fcld\u00e9sre<\/li>\n\n\n\n<li>A <strong>visszak\u00fcld\u00e9s sz\u00e1ll\u00edt\u00e1si k\u00f6lts\u00e9ge a v\u00e1s\u00e1rl\u00f3t terheli<\/strong><\/li>\n<\/ul>\n\n\n\n<h2 class=\"wp-block-wd-title title wd-fd3b4fdf\">Padel labd\u00e1k<\/h2>\n\n\n\n<ul class=\"wp-block-list\">\n<li>Visszak\u00fcld\u00e9s vagy csere <strong>csak akkor lehets\u00e9ges<\/strong>, ha a labd\u00e1k <strong>bontatlan, s\u00e9r\u00fcl\u00e9smentes tubusban<\/strong> vannak<\/li>\n\n\n\n<li>A <strong>visszak\u00fcld\u00e9s sz\u00e1ll\u00edt\u00e1si k\u00f6lts\u00e9ge a v\u00e1s\u00e1rl\u00f3t terheli<\/strong><\/li>\n<\/ul>\n\n\n\n<div class=\"wp-block-wd-divider wd-style-line wd-cdaea943\"><\/div>\n\n\n\n<h1 class=\"wp-block-wd-title title wd-3b4613b5\">Visszat\u00e9r\u00edt\u00e9s feldolgoz\u00e1sa<\/h1>\n\n\n\n<p class=\"wp-block-wd-paragraph wd-02784994\">Amint a fut\u00e1rszolg\u00e1ltat\u00f3 <strong>beszkenneli a visszak\u00fcld\u00f6tt csomagot<\/strong>, megkezdj\u00fck a visszat\u00e9r\u00edt\u00e9s feldolgoz\u00e1s\u00e1t.<\/p>\n\n\n\n<p class=\"wp-block-wd-paragraph wd-ebe52717\">Az \u00f6sszeg <strong>legfeljebb 10 munkanapon bel\u00fcl<\/strong> visszautal\u00e1sra ker\u00fcl az eredeti fizet\u00e9si m\u00f3dra. A pontos id\u0151 f\u00fcgghet a bank vagy a k\u00e1rtyakibocs\u00e1t\u00f3 feldolgoz\u00e1si idej\u00e9t\u0151l.<\/p>\n\n\n\n<p class=\"wp-block-wd-paragraph wd-685f8768\">Ha <strong>15 munkanapon bel\u00fcl nem \u00e9rkezik meg a visszat\u00e9r\u00edt\u00e9s<\/strong>, k\u00e9rj\u00fck vegye fel vel\u00fcnk a kapcsolatot.<\/p>\n\n\n\n<div class=\"wp-block-wd-divider wd-style-line wd-44773ccc\"><\/div>\n\n\n\n<h1 class=\"wp-block-wd-title title wd-19401110\">Seg\u00edts\u00e9gre van sz\u00fcks\u00e9ge? Itt vagyunk!<\/h1>\n\n\n\n<p class=\"wp-block-wd-paragraph wd-63bb0932\"><strong>Email:<\/strong> <a>info@life4padel.com<\/a><br><strong>\u00dcgyf\u00e9lszolg\u00e1lati id\u0151:<\/strong> h\u00e9tf\u0151t\u0151l p\u00e9ntekig, 9:00\u201317:00<\/p>\n\n\n\n<div class=\"wp-block-wd-divider wd-style-line wd-eb69b0da\"><\/div>\n\n\n\n<h1 class=\"wp-block-wd-title title wd-44d22aa4\">Life4Padel \u2013 Visszak\u00fcld\u00e9si szab\u00e1lyzat<\/h1>\n\n\n\n<h2 class=\"wp-block-wd-title title wd-ff610a93\">Fontos visszak\u00fcld\u00e9si felt\u00e9telek<\/h2>\n\n\n\n<p class=\"wp-block-wd-paragraph wd-918fb1ec\"><strong>Term\u00e9k \u00e1llapota:<\/strong><br>A visszak\u00fcld\u00f6tt term\u00e9knek \u00faj, haszn\u00e1latlan \u00e9s s\u00e9r\u00fcl\u00e9smentes \u00e1llapotban kell lennie, eredeti csomagol\u00e1sban, minden eredeti c\u00edmk\u00e9vel.<\/p>\n\n\n\n<p class=\"wp-block-wd-paragraph wd-7516b08b\"><strong>El\u0151zetes j\u00f3v\u00e1hagy\u00e1s sz\u00fcks\u00e9ges:<\/strong><br>Minden visszak\u00fcld\u00e9st <strong>emailben kell el\u0151zetesen jelezni<\/strong>. El\u0151zetes egyeztet\u00e9s n\u00e9lk\u00fcl visszak\u00fcld\u00f6tt csomagokat nem \u00e1ll m\u00f3dunkban elfogadni.<\/p>\n\n\n\n<p class=\"wp-block-wd-paragraph wd-4b898e4a\"><strong>Visszak\u00fcld\u00e9si k\u00e9relem emailben:<\/strong><br>K\u00e9rj\u00fck \u00edrjon az <strong><a>info@life4padel.com<\/a><\/strong> c\u00edmre, adja meg rendel\u00e9si sz\u00e1m\u00e1t, \u00e9s csatoljon fot\u00f3t a term\u00e9kr\u0151l az eredeti csomagol\u00e1sban.<\/p>\n\n\n\n<p class=\"wp-block-wd-paragraph wd-2ce9727e\"><strong>Fontos:<\/strong><br>A visszak\u00fcld\u00e9s sz\u00e1ll\u00edt\u00e1si k\u00f6lts\u00e9ge <strong>minden esetben a v\u00e1s\u00e1rl\u00f3t terheli<\/strong>, kiv\u00e9ve ha a term\u00e9k hib\u00e1s vagy t\u00e9vesen ker\u00fclt kik\u00fcld\u00e9sre.<\/p>\n\n\n\n<div class=\"wp-block-wd-divider wd-style-line wd-08d8328e\"><\/div>\n\n\n\n<h1 class=\"wp-block-wd-title title wd-7e216704\">Hib\u00e1s vagy t\u00e9vesen kik\u00fcld\u00f6tt term\u00e9k<\/h1>\n\n\n\n<p class=\"wp-block-wd-paragraph wd-648fd3d7\">Ha <strong>hib\u00e1s, s\u00e9r\u00fclt vagy nem a megrendelt term\u00e9ket kapta<\/strong>, \u0151szint\u00e9n eln\u00e9z\u00e9st k\u00e9r\u00fcnk a kellemetlens\u00e9g\u00e9rt.<\/p>\n\n\n\n<p class=\"wp-block-wd-paragraph wd-398e4ada\">K\u00e9rj\u00fck:<\/p>\n\n\n\n<ul class=\"wp-block-list\">\n<li>\u00c9rtes\u00edtsen minket <strong>30 napon bel\u00fcl<\/strong> az <strong><a>info@life4padel.com<\/a><\/strong> c\u00edmen<\/li>\n\n\n\n<li>Csatoljon egy <strong>fot\u00f3t<\/strong>, amelyen j\u00f3l l\u00e1that\u00f3 a probl\u00e9ma<\/li>\n<\/ul>\n\n\n\n<p class=\"wp-block-wd-paragraph wd-bf774394\">Ebben az esetben:<\/p>\n\n\n\n<ul class=\"wp-block-list\">\n<li><strong>Mi \u00e1lljuk a visszak\u00fcld\u00e9s sz\u00e1ll\u00edt\u00e1si k\u00f6lts\u00e9g\u00e9t<\/strong><\/li>\n\n\n\n<li>\u00d6n v\u00e1laszthat <strong>cser\u00e9t vagy teljes visszat\u00e9r\u00edt\u00e9st<\/strong><\/li>\n<\/ul>\n\n\n\n<div class=\"wp-block-wd-divider wd-style-line wd-e4d16b2e\"><\/div>\n\n\n\n<h1 class=\"wp-block-wd-title title wd-169a5008\">Egy\u00e9b visszak\u00fcld\u00e9si okok<\/h1>\n\n\n\n<p class=\"wp-block-wd-paragraph wd-693a8e6b\">Ha a term\u00e9ket <strong>nem hib\u00e1sod\u00e1s miatt szeretn\u00e9 visszak\u00fcldeni<\/strong>, az is lehets\u00e9ges. Ebben az esetben:<\/p>\n\n\n\n<ul class=\"wp-block-list\">\n<li>A term\u00e9knek <strong>eredeti, s\u00e9r\u00fcl\u00e9smentes \u00e1llapotban \u00e9s csomagol\u00e1sban<\/strong> kell lennie<\/li>\n\n\n\n<li>A <strong>visszak\u00fcld\u00e9s sz\u00e1ll\u00edt\u00e1si k\u00f6lts\u00e9ge a v\u00e1s\u00e1rl\u00f3t terheli<\/strong><\/li>\n<\/ul>\n\n\n\n<div class=\"wp-block-wd-divider wd-style-line wd-8457e9ec\"><\/div>\n\n\n\n<h1 class=\"wp-block-wd-title title wd-b2c4c7f9\">K\u00f6sz\u00f6nj\u00fck, hogy a Life4Padel-t v\u00e1lasztotta!<\/h1>\n\n\n\n<p class=\"wp-block-wd-paragraph wd-1996ddc1\">Elk\u00f6telezettek vagyunk amellett, hogy a v\u00e1s\u00e1rl\u00e1s minden l\u00e9p\u00e9se <strong>egyszer\u0171, gyors \u00e9s megb\u00edzhat\u00f3 legyen \u2013 a rendel\u00e9st\u0151l eg\u00e9szen a kisz\u00e1ll\u00edt\u00e1sig<\/strong>.<\/p>\n\n\n\n<p>Ha b\u00e1rmiben seg\u00edthet\u00fcnk, <strong>forduljon hozz\u00e1nk bizalommal!<\/strong><\/p>","protected":false},"excerpt":{"rendered":"<p>Ha b\u00e1rmiben seg\u00edthet\u00fcnk, forduljon hozz\u00e1nk bizalommal!<\/p>","protected":false},"author":1,"featured_media":0,"parent":0,"menu_order":0,"comment_status":"closed","ping_status":"closed","template":"elementor_header_footer","meta":{"footnotes":""},"class_list":["post-15","page","type-page","status-publish","hentry"],"yoast_head":"<!-- This site is optimized with the Yoast SEO plugin v27.6 - https:\/\/yoast.com\/product\/yoast-seo-wordpress\/ -->\n<title>Visszat\u00e9r\u00edt\u00e9si \u00e9s visszak\u00fcld\u00e9si szab\u00e1lyzat - Life4Padel<\/title>\n<meta name=\"robots\" content=\"index, follow, max-snippet:-1, max-image-preview:large, max-video-preview:-1\" \/>\n<link rel=\"canonical\" href=\"https:\/\/life4padel.com\/en\/elallas_visszakuldes\/\" \/>\n<meta property=\"og:locale\" content=\"en_GB\" \/>\n<meta property=\"og:type\" content=\"article\" \/>\n<meta property=\"og:title\" content=\"Visszat\u00e9r\u00edt\u00e9si \u00e9s visszak\u00fcld\u00e9si szab\u00e1lyzat - Life4Padel\" \/>\n<meta property=\"og:description\" content=\"Ha b\u00e1rmiben seg\u00edthet\u00fcnk, forduljon hozz\u00e1nk bizalommal!\" \/>\n<meta property=\"og:url\" content=\"https:\/\/life4padel.com\/en\/elallas_visszakuldes\/\" \/>\n<meta property=\"og:site_name\" content=\"Life4Padel\" \/>\n<meta property=\"article:modified_time\" content=\"2026-03-16T16:55:12+00:00\" \/>\n<meta name=\"twitter:card\" content=\"summary_large_image\" \/>\n<meta name=\"twitter:label1\" content=\"Estimated reading time\" \/>\n\t<meta name=\"twitter:data1\" content=\"5 minutes\" \/>\n<script type=\"application\/ld+json\" class=\"yoast-schema-graph\">{\"@context\":\"https:\\\/\\\/schema.org\",\"@graph\":[{\"@type\":\"WebPage\",\"@id\":\"https:\\\/\\\/life4padel.com\\\/elallas_visszakuldes\\\/\",\"url\":\"https:\\\/\\\/life4padel.com\\\/elallas_visszakuldes\\\/\",\"name\":\"Visszat\u00e9r\u00edt\u00e9si \u00e9s visszak\u00fcld\u00e9si szab\u00e1lyzat - Life4Padel\",\"isPartOf\":{\"@id\":\"https:\\\/\\\/life4padel.com\\\/#website\"},\"datePublished\":\"2026-03-05T11:29:06+00:00\",\"dateModified\":\"2026-03-16T16:55:12+00:00\",\"breadcrumb\":{\"@id\":\"https:\\\/\\\/life4padel.com\\\/elallas_visszakuldes\\\/#breadcrumb\"},\"inLanguage\":\"en-GB\",\"potentialAction\":[{\"@type\":\"ReadAction\",\"target\":[\"https:\\\/\\\/life4padel.com\\\/elallas_visszakuldes\\\/\"]}]},{\"@type\":\"BreadcrumbList\",\"@id\":\"https:\\\/\\\/life4padel.com\\\/elallas_visszakuldes\\\/#breadcrumb\",\"itemListElement\":[{\"@type\":\"ListItem\",\"position\":1,\"name\":\"Kezd\u0151lap\",\"item\":\"https:\\\/\\\/life4padel.com\\\/\"},{\"@type\":\"ListItem\",\"position\":2,\"name\":\"Visszat\u00e9r\u00edt\u00e9si \u00e9s visszak\u00fcld\u00e9si szab\u00e1lyzat\"}]},{\"@type\":\"WebSite\",\"@id\":\"https:\\\/\\\/life4padel.com\\\/#website\",\"url\":\"https:\\\/\\\/life4padel.com\\\/\",\"name\":\"Life4Padel\",\"description\":\"\",\"publisher\":{\"@id\":\"https:\\\/\\\/life4padel.com\\\/#\\\/schema\\\/person\\\/8e2b3df012327b0109bf4328db045abc\"},\"potentialAction\":[{\"@type\":\"SearchAction\",\"target\":{\"@type\":\"EntryPoint\",\"urlTemplate\":\"https:\\\/\\\/life4padel.com\\\/?s={search_term_string}\"},\"query-input\":{\"@type\":\"PropertyValueSpecification\",\"valueRequired\":true,\"valueName\":\"search_term_string\"}}],\"inLanguage\":\"en-GB\"},{\"@type\":[\"Person\",\"Organization\"],\"@id\":\"https:\\\/\\\/life4padel.com\\\/#\\\/schema\\\/person\\\/8e2b3df012327b0109bf4328db045abc\",\"name\":\"patrik.galla\",\"image\":{\"@type\":\"ImageObject\",\"inLanguage\":\"en-GB\",\"@id\":\"https:\\\/\\\/dev.life4padel.com\\\/wp-content\\\/uploads\\\/2026\\\/03\\\/logo-09-1-scaled.png\",\"url\":\"https:\\\/\\\/dev.life4padel.com\\\/wp-content\\\/uploads\\\/2026\\\/03\\\/logo-09-1-scaled.png\",\"contentUrl\":\"https:\\\/\\\/dev.life4padel.com\\\/wp-content\\\/uploads\\\/2026\\\/03\\\/logo-09-1-scaled.png\",\"width\":2560,\"height\":705,\"caption\":\"patrik.galla\"},\"logo\":{\"@id\":\"https:\\\/\\\/dev.life4padel.com\\\/wp-content\\\/uploads\\\/2026\\\/03\\\/logo-09-1-scaled.png\"}}]}<\/script>\n<!-- \/ Yoast SEO plugin. -->","yoast_head_json":{"title":"Visszat\u00e9r\u00edt\u00e9si \u00e9s visszak\u00fcld\u00e9si szab\u00e1lyzat - Life4Padel","robots":{"index":"index","follow":"follow","max-snippet":"max-snippet:-1","max-image-preview":"max-image-preview:large","max-video-preview":"max-video-preview:-1"},"canonical":"https:\/\/life4padel.com\/en\/elallas_visszakuldes\/","og_locale":"en_GB","og_type":"article","og_title":"Visszat\u00e9r\u00edt\u00e9si \u00e9s visszak\u00fcld\u00e9si szab\u00e1lyzat - Life4Padel","og_description":"Ha b\u00e1rmiben seg\u00edthet\u00fcnk, forduljon hozz\u00e1nk bizalommal!","og_url":"https:\/\/life4padel.com\/en\/elallas_visszakuldes\/","og_site_name":"Life4Padel","article_modified_time":"2026-03-16T16:55:12+00:00","twitter_card":"summary_large_image","twitter_misc":{"Estimated reading time":"5 minutes"},"schema":{"@context":"https:\/\/schema.org","@graph":[{"@type":"WebPage","@id":"https:\/\/life4padel.com\/elallas_visszakuldes\/","url":"https:\/\/life4padel.com\/elallas_visszakuldes\/","name":"Visszat\u00e9r\u00edt\u00e9si \u00e9s visszak\u00fcld\u00e9si szab\u00e1lyzat - Life4Padel","isPartOf":{"@id":"https:\/\/life4padel.com\/#website"},"datePublished":"2026-03-05T11:29:06+00:00","dateModified":"2026-03-16T16:55:12+00:00","breadcrumb":{"@id":"https:\/\/life4padel.com\/elallas_visszakuldes\/#breadcrumb"},"inLanguage":"en-GB","potentialAction":[{"@type":"ReadAction","target":["https:\/\/life4padel.com\/elallas_visszakuldes\/"]}]},{"@type":"BreadcrumbList","@id":"https:\/\/life4padel.com\/elallas_visszakuldes\/#breadcrumb","itemListElement":[{"@type":"ListItem","position":1,"name":"Kezd\u0151lap","item":"https:\/\/life4padel.com\/"},{"@type":"ListItem","position":2,"name":"Visszat\u00e9r\u00edt\u00e9si \u00e9s visszak\u00fcld\u00e9si szab\u00e1lyzat"}]},{"@type":"WebSite","@id":"https:\/\/life4padel.com\/#website","url":"https:\/\/life4padel.com\/","name":"Life4Padel","description":"","publisher":{"@id":"https:\/\/life4padel.com\/#\/schema\/person\/8e2b3df012327b0109bf4328db045abc"},"potentialAction":[{"@type":"SearchAction","target":{"@type":"EntryPoint","urlTemplate":"https:\/\/life4padel.com\/?s={search_term_string}"},"query-input":{"@type":"PropertyValueSpecification","valueRequired":true,"valueName":"search_term_string"}}],"inLanguage":"en-GB"},{"@type":["Person","Organization"],"@id":"https:\/\/life4padel.com\/#\/schema\/person\/8e2b3df012327b0109bf4328db045abc","name":"patrik.galla","image":{"@type":"ImageObject","inLanguage":"en-GB","@id":"https:\/\/dev.life4padel.com\/wp-content\/uploads\/2026\/03\/logo-09-1-scaled.png","url":"https:\/\/dev.life4padel.com\/wp-content\/uploads\/2026\/03\/logo-09-1-scaled.png","contentUrl":"https:\/\/dev.life4padel.com\/wp-content\/uploads\/2026\/03\/logo-09-1-scaled.png","width":2560,"height":705,"caption":"patrik.galla"},"logo":{"@id":"https:\/\/dev.life4padel.com\/wp-content\/uploads\/2026\/03\/logo-09-1-scaled.png"}}]}},"jetpack_sharing_enabled":true,"_links":{"self":[{"href":"https:\/\/life4padel.com\/en\/wp-json\/wp\/v2\/pages\/15","targetHints":{"allow":["GET"]}}],"collection":[{"href":"https:\/\/life4padel.com\/en\/wp-json\/wp\/v2\/pages"}],"about":[{"href":"https:\/\/life4padel.com\/en\/wp-json\/wp\/v2\/types\/page"}],"author":[{"embeddable":true,"href":"https:\/\/life4padel.com\/en\/wp-json\/wp\/v2\/users\/1"}],"replies":[{"embeddable":true,"href":"https:\/\/life4padel.com\/en\/wp-json\/wp\/v2\/comments?post=15"}],"version-history":[{"count":3,"href":"https:\/\/life4padel.com\/en\/wp-json\/wp\/v2\/pages\/15\/revisions"}],"predecessor-version":[{"id":29430,"href":"https:\/\/life4padel.com\/en\/wp-json\/wp\/v2\/pages\/15\/revisions\/29430"}],"wp:attachment":[{"href":"https:\/\/life4padel.com\/en\/wp-json\/wp\/v2\/media?parent=15"}],"curies":[{"name":"wp","href":"https:\/\/api.w.org\/{rel}","templated":true}]}}